{"id":17387,"date":"2019-09-24T22:24:29","date_gmt":"2019-09-24T20:24:29","guid":{"rendered":"http:\/\/turismebreda.cat\/museu-josep-aragay\/"},"modified":"2026-02-24T19:33:02","modified_gmt":"2026-02-24T18:33:02","slug":"musee-josep-aragay","status":"publish","type":"page","link":"https:\/\/turismebreda.cat\/fr\/musee-josep-aragay\/","title":{"rendered":"MUS\u00c9E JOSEP ARAGAY"},"content":{"rendered":"<p>[vc_row css_animation=\u00a0\u00bb\u00a0\u00bb row_type=\u00a0\u00bbrow\u00a0\u00bb use_row_as_full_screen_section=\u00a0\u00bbno\u00a0\u00bb type=\u00a0\u00bbgrid\u00a0\u00bb angled_section=\u00a0\u00bbno\u00a0\u00bb text_align=\u00a0\u00bbleft\u00a0\u00bb background_image_as_pattern=\u00a0\u00bbwithout_pattern\u00a0\u00bb padding_top=\u00a0\u00bb80&Prime; padding_bottom=\u00a0\u00bb0&Prime; anchor=\u00a0\u00bbportfolio\u00a0\u00bb z_index=\u00a0\u00bb\u00a0\u00bb][vc_column][vc_row_inner row_type=\u00a0\u00bbrow\u00a0\u00bb type=\u00a0\u00bbfull_width\u00a0\u00bb text_align=\u00a0\u00bbleft\u00a0\u00bb css_animation=\u00a0\u00bb\u00a0\u00bb][vc_column_inner width=\u00a0\u00bb1\/2&Prime;][vc_column_text]<\/p>\n<h5 style=\"text-align: left;\">MUS\u00c9E JOSEP ARAGAY<\/h5>\n<p>[\/vc_column_text][vc_separator type=\u00a0\u00bbsmall\u00a0\u00bb position=\u00a0\u00bbleft\u00a0\u00bb down=\u00a0\u00bb18&Prime; up=\u00a0\u00bb17&Prime;][vc_column_text]Le rez-de-chauss\u00e9e de l&rsquo;h\u00f4tel de ville abrite le mus\u00e9e Josep Aragay, d\u00e9di\u00e9 \u00e0 la diffusion de l&rsquo;\u0153uvre de cet artiste <em>noucentiste<\/em>. Aragay, qui y v\u00e9cut entre 1889 et 1973, fut une figure de proue du <em>Noucentisme<\/em>, mouvement culturel et politique qui se d\u00e9veloppa en Catalogne au d\u00e9but du XX\u1d49\u00a0si\u00e8cle. Th\u00e9oricien de l&rsquo;art, peintre, dessinateur, graveur et c\u00e9ramiste, il exer\u00e7a une grande influence sur le monde intellectuel et artistique de son \u00e9poque, au point de se voir confier la direction artistique de l\u2019Almanach des Noucentistes par l\u2019\u00e9crivain Eugeni d&rsquo;Ors. N\u00e9 \u00e0 Barcelone, il s&rsquo;installa \u00e0 Breda, le village de sa m\u00e8re, en 1925, o\u00f9 il ouvrit un atelier de poterie. \u00c0 l&rsquo;int\u00e9rieur du mus\u00e9e, on peut \u00e9galement voir des peintures romanes de l&rsquo;ancienne \u00e9glise paroissiale de Breda, transform\u00e9e en h\u00f4tel de ville suite au d\u00e9samortissement de 1835.<\/p>\n<p>&nbsp;<\/p>\n<p>Carrer Nou, 2<br \/>\nHoraire :<br \/>\nMatins du jeudi au dimanche (et jours f\u00e9ri\u00e9s) : de 9h30 \u00e0 13h30<br \/>\nApr\u00e8s-midi du samedi : de 16h00 \u00e0 19h00<br \/>\n<a href=\"http:\/\/www.museuaragay.cat\" target=\"_blank\" rel=\"noopener noreferrer\">www.museuaragay.cat<\/a>[\/vc_column_text][vc_empty_space height=\u00a0\u00bb40px\u00a0\u00bb][\/vc_column_inner][vc_column_inner width=\u00a0\u00bb1\/2&Prime;][vc_single_image image=\u00a0\u00bb17888&Prime; img_size=\u00a0\u00bbfull\u00a0\u00bb alignment=\u00a0\u00bbcenter\u00a0\u00bb qode_css_animation=\u00a0\u00bbelement_from_fade\u00a0\u00bb transition_delay=\u00a0\u00bb0.4&Prime;][vc_empty_space height=\u00a0\u00bb40px\u00a0\u00bb][\/vc_column_inner][\/vc_row_inner][vc_row_inner row_type=\u00a0\u00bbrow\u00a0\u00bb type=\u00a0\u00bbfull_width\u00a0\u00bb text_align=\u00a0\u00bbleft\u00a0\u00bb css_animation=\u00a0\u00bb\u00a0\u00bb][vc_column_inner width=\u00a0\u00bb7\/12&Prime;][vc_single_image image=\u00a0\u00bb17969&Prime; img_size=\u00a0\u00bbfull\u00a0\u00bb alignment=\u00a0\u00bbcenter\u00a0\u00bb qode_css_animation=\u00a0\u00bbelement_from_fade\u00a0\u00bb transition_delay=\u00a0\u00bb0.4&Prime;][vc_empty_space height=\u00a0\u00bb40px\u00a0\u00bb][\/vc_column_inner][vc_column_inner width=\u00a0\u00bb5\/12&Prime;][vc_single_image image=\u00a0\u00bb17884&Prime; img_size=\u00a0\u00bbfull\u00a0\u00bb alignment=\u00a0\u00bbcenter\u00a0\u00bb qode_css_animation=\u00a0\u00bbelement_from_fade\u00a0\u00bb transition_delay=\u00a0\u00bb0.4&Prime;][vc_empty_space height=\u00a0\u00bb40px\u00a0\u00bb][\/vc_column_inner][\/vc_row_inner][\/vc_column][\/vc_row][vc_row css_animation=\u00a0\u00bb\u00a0\u00bb row_type=\u00a0\u00bbrow\u00a0\u00bb use_row_as_full_screen_section=\u00a0\u00bbno\u00a0\u00bb type=\u00a0\u00bbfull_width\u00a0\u00bb angled_section=\u00a0\u00bbno\u00a0\u00bb text_align=\u00a0\u00bbleft\u00a0\u00bb background_image_as_pattern=\u00a0\u00bbwithout_pattern\u00a0\u00bb][vc_column][vc_empty_space height=\u00a0\u00bb40px\u00a0\u00bb][\/vc_column][\/vc_row]<\/p>\n","protected":false},"excerpt":{"rendered":"<p>[vc_row css_animation=\u00a0\u00bb\u00a0\u00bb row_type=\u00a0\u00bbrow\u00a0\u00bb use_row_as_full_screen_section=\u00a0\u00bbno\u00a0\u00bb type=\u00a0\u00bbgrid\u00a0\u00bb angled_section=\u00a0\u00bbno\u00a0\u00bb text_align=\u00a0\u00bbleft\u00a0\u00bb background_image_as_pattern=\u00a0\u00bbwithout_pattern\u00a0\u00bb padding_top=\u00a0\u00bb80&Prime; padding_bottom=\u00a0\u00bb0&Prime; anchor=\u00a0\u00bbportfolio\u00a0\u00bb z_index=\u00a0\u00bb\u00a0\u00bb][vc_column][vc_row_inner row_type=\u00a0\u00bbrow\u00a0\u00bb type=\u00a0\u00bbfull_width\u00a0\u00bb text_align=\u00a0\u00bbleft\u00a0\u00bb css_animation=\u00a0\u00bb\u00a0\u00bb][vc_column_inner width=\u00a0\u00bb1\/2&Prime;][vc_column_text] MUS\u00c9E JOSEP ARAGAY [\/vc_column_text][vc_separator type=\u00a0\u00bbsmall\u00a0\u00bb position=\u00a0\u00bbleft\u00a0\u00bb down=\u00a0\u00bb18&Prime; up=\u00a0\u00bb17&Prime;][vc_column_text]Le rez-de-chauss\u00e9e de l&rsquo;h\u00f4tel de ville abrite le mus\u00e9e Josep Aragay, d\u00e9di\u00e9 \u00e0 la diffusion de l&rsquo;\u0153uvre de cet artiste noucentiste&#8230;.<\/p>\n","protected":false},"author":2,"featured_media":0,"parent":0,"menu_order":0,"comment_status":"open","ping_status":"closed","template":"full_width.php","meta":[],"_links":{"self":[{"href":"https:\/\/turismebreda.cat\/fr\/wp-json\/wp\/v2\/pages\/17387"}],"collection":[{"href":"https:\/\/turismebreda.cat\/fr\/wp-json\/wp\/v2\/pages"}],"about":[{"href":"https:\/\/turismebreda.cat\/fr\/wp-json\/wp\/v2\/types\/page"}],"author":[{"embeddable":true,"href":"https:\/\/turismebreda.cat\/fr\/wp-json\/wp\/v2\/users\/2"}],"replies":[{"embeddable":true,"href":"https:\/\/turismebreda.cat\/fr\/wp-json\/wp\/v2\/comments?post=17387"}],"version-history":[{"count":7,"href":"https:\/\/turismebreda.cat\/fr\/wp-json\/wp\/v2\/pages\/17387\/revisions"}],"predecessor-version":[{"id":18054,"href":"https:\/\/turismebreda.cat\/fr\/wp-json\/wp\/v2\/pages\/17387\/revisions\/18054"}],"wp:attachment":[{"href":"https:\/\/turismebreda.cat\/fr\/wp-json\/wp\/v2\/media?parent=17387"}],"curies":[{"name":"wp","href":"https:\/\/api.w.org\/{rel}","templated":true}]}}