{"id":17375,"date":"2019-09-24T22:22:23","date_gmt":"2019-09-24T20:22:23","guid":{"rendered":"http:\/\/turismebreda.cat\/castell-de-montsoriu\/"},"modified":"2019-10-21T15:53:23","modified_gmt":"2019-10-21T13:53:23","slug":"chateau-de-montsoriu","status":"publish","type":"page","link":"https:\/\/turismebreda.cat\/fr\/chateau-de-montsoriu\/","title":{"rendered":"CH\u00c2TEAU DE MONTSORIU"},"content":{"rendered":"<p>[vc_row css_animation=\u00a0\u00bb\u00a0\u00bb row_type=\u00a0\u00bbrow\u00a0\u00bb use_row_as_full_screen_section=\u00a0\u00bbno\u00a0\u00bb type=\u00a0\u00bbgrid\u00a0\u00bb angled_section=\u00a0\u00bbno\u00a0\u00bb text_align=\u00a0\u00bbleft\u00a0\u00bb background_image_as_pattern=\u00a0\u00bbwithout_pattern\u00a0\u00bb padding_top=\u00a0\u00bb80&Prime; padding_bottom=\u00a0\u00bb0&Prime; anchor=\u00a0\u00bbportfolio\u00a0\u00bb z_index=\u00a0\u00bb\u00a0\u00bb][vc_column][vc_row_inner row_type=\u00a0\u00bbrow\u00a0\u00bb type=\u00a0\u00bbfull_width\u00a0\u00bb text_align=\u00a0\u00bbleft\u00a0\u00bb css_animation=\u00a0\u00bb\u00a0\u00bb][vc_column_inner width=\u00a0\u00bb1\/2&Prime;][vc_column_text]<\/p>\n<h5>CH\u00c2TEAU DE MONTSORIU<br \/>\nXI<sup>e<\/sup> SIECLE<\/h5>\n<p>[\/vc_column_text][vc_separator type=\u00a0\u00bbsmall\u00a0\u00bb position=\u00a0\u00bbleft\u00a0\u00bb down=\u00a0\u00bb18&Prime; up=\u00a0\u00bb17&Prime;][vc_column_text]Le ch\u00e2teau de Montsoriu ne se situe pas sur la commune de Breda, mais fait tout de m\u00eame partie de son patrimoine en raison de sa proximit\u00e9 et de son lien historique. Bien que les premi\u00e8res r\u00e9f\u00e9rences \u00e9crites remontent \u00e0 1002, on sait que Montsoriu fut occup\u00e9 par les Ib\u00e8res. Il servit ensuite de site d\u00e9fensif et strat\u00e9gique pendant plus de cinq cents ans et fut un point de r\u00e9f\u00e9rence pour la noblesse catalane ainsi qu\u2019une une forteresse imprenable gr\u00e2ce \u00e0 sa magnifique construction et ses syst\u00e8mes d\u00e9fensifs. Il fit l\u2019objet de nombreux agrandissements jusqu&rsquo;aux XIV<sup>e<\/sup>\u00a0-XV<sup>e<\/sup>\u00a0si\u00e8cles. Plus tard, il perdit sa fonction militaire pour devenir un palais r\u00e9sidentiel, p\u00e9riode \u00e0 laquelle le ch\u00e2teau atteignit son apog\u00e9e avec l\u2019apparence \u00a0qu&rsquo;on lui conna\u00eet aujourd\u2019hui. Il fut aussi la r\u00e9sidence de la famille vicomte de Cabrera, fondateurs de Breda.<\/p>\n<p>&nbsp;<\/p>\n<p>Pour organiser des visites et se renseigner sur les horaires\u00a0: <a href=\"http:\/\/www.montsoriu.cat\" target=\"_blank\" rel=\"noopener noreferrer\">www.montsoriu.cat<\/a>[\/vc_column_text][vc_separator type=\u00a0\u00bbtransparent\u00a0\u00bb up=\u00a0\u00bb79&Prime; down=\u00a0\u00bb0&Prime;][\/vc_column_inner][vc_column_inner width=\u00a0\u00bb1\/2&Prime;][vc_single_image image=\u00a0\u00bb16344&Prime; img_size=\u00a0\u00bbfull\u00a0\u00bb alignment=\u00a0\u00bbcenter\u00a0\u00bb qode_css_animation=\u00a0\u00bbelement_from_fade\u00a0\u00bb transition_delay=\u00a0\u00bb0.4&Prime;][vc_separator type=\u00a0\u00bbtransparent\u00a0\u00bb up=\u00a0\u00bb79&Prime; down=\u00a0\u00bb0&Prime;][\/vc_column_inner][\/vc_row_inner][\/vc_column][\/vc_row]<\/p>\n","protected":false},"excerpt":{"rendered":"<p>[vc_row css_animation=\u00a0\u00bb\u00a0\u00bb row_type=\u00a0\u00bbrow\u00a0\u00bb use_row_as_full_screen_section=\u00a0\u00bbno\u00a0\u00bb type=\u00a0\u00bbgrid\u00a0\u00bb angled_section=\u00a0\u00bbno\u00a0\u00bb text_align=\u00a0\u00bbleft\u00a0\u00bb background_image_as_pattern=\u00a0\u00bbwithout_pattern\u00a0\u00bb padding_top=\u00a0\u00bb80&Prime; padding_bottom=\u00a0\u00bb0&Prime; anchor=\u00a0\u00bbportfolio\u00a0\u00bb z_index=\u00a0\u00bb\u00a0\u00bb][vc_column][vc_row_inner row_type=\u00a0\u00bbrow\u00a0\u00bb type=\u00a0\u00bbfull_width\u00a0\u00bb text_align=\u00a0\u00bbleft\u00a0\u00bb css_animation=\u00a0\u00bb\u00a0\u00bb][vc_column_inner width=\u00a0\u00bb1\/2&Prime;][vc_column_text] CH\u00c2TEAU DE MONTSORIU XIe SIECLE [\/vc_column_text][vc_separator type=\u00a0\u00bbsmall\u00a0\u00bb position=\u00a0\u00bbleft\u00a0\u00bb down=\u00a0\u00bb18&Prime; up=\u00a0\u00bb17&Prime;][vc_column_text]Le ch\u00e2teau de Montsoriu ne se situe pas sur la commune de Breda, mais fait tout de m\u00eame partie&#8230;<\/p>\n","protected":false},"author":2,"featured_media":0,"parent":0,"menu_order":0,"comment_status":"open","ping_status":"closed","template":"full_width.php","meta":[],"_links":{"self":[{"href":"https:\/\/turismebreda.cat\/fr\/wp-json\/wp\/v2\/pages\/17375"}],"collection":[{"href":"https:\/\/turismebreda.cat\/fr\/wp-json\/wp\/v2\/pages"}],"about":[{"href":"https:\/\/turismebreda.cat\/fr\/wp-json\/wp\/v2\/types\/page"}],"author":[{"embeddable":true,"href":"https:\/\/turismebreda.cat\/fr\/wp-json\/wp\/v2\/users\/2"}],"replies":[{"embeddable":true,"href":"https:\/\/turismebreda.cat\/fr\/wp-json\/wp\/v2\/comments?post=17375"}],"version-history":[{"count":1,"href":"https:\/\/turismebreda.cat\/fr\/wp-json\/wp\/v2\/pages\/17375\/revisions"}],"predecessor-version":[{"id":17422,"href":"https:\/\/turismebreda.cat\/fr\/wp-json\/wp\/v2\/pages\/17375\/revisions\/17422"}],"wp:attachment":[{"href":"https:\/\/turismebreda.cat\/fr\/wp-json\/wp\/v2\/media?parent=17375"}],"curies":[{"name":"wp","href":"https:\/\/api.w.org\/{rel}","templated":true}]}}