{"id":17369,"date":"2019-09-24T22:21:22","date_gmt":"2019-09-24T20:21:22","guid":{"rendered":"http:\/\/turismebreda.cat\/ermita-de-santa-anna\/"},"modified":"2019-10-21T15:51:45","modified_gmt":"2019-10-21T13:51:45","slug":"ermitage-de-santa-anna","status":"publish","type":"page","link":"https:\/\/turismebreda.cat\/fr\/ermitage-de-santa-anna\/","title":{"rendered":"ERMITAGE DE SANTA ANNA"},"content":{"rendered":"<p>[vc_row css_animation=\u00a0\u00bb\u00a0\u00bb row_type=\u00a0\u00bbrow\u00a0\u00bb use_row_as_full_screen_section=\u00a0\u00bbno\u00a0\u00bb type=\u00a0\u00bbgrid\u00a0\u00bb angled_section=\u00a0\u00bbno\u00a0\u00bb text_align=\u00a0\u00bbleft\u00a0\u00bb background_image_as_pattern=\u00a0\u00bbwithout_pattern\u00a0\u00bb padding_top=\u00a0\u00bb80&Prime; padding_bottom=\u00a0\u00bb0&Prime; anchor=\u00a0\u00bbportfolio\u00a0\u00bb background_color=\u00a0\u00bb#ffffff\u00a0\u00bb][vc_column][vc_row_inner row_type=\u00a0\u00bbrow\u00a0\u00bb type=\u00a0\u00bbfull_width\u00a0\u00bb text_align=\u00a0\u00bbleft\u00a0\u00bb css_animation=\u00a0\u00bb\u00a0\u00bb][vc_column_inner width=\u00a0\u00bb1\/2&Prime;][vc_single_image image=\u00a0\u00bb16343&Prime; img_size=\u00a0\u00bbfull\u00a0\u00bb alignment=\u00a0\u00bbcenter\u00a0\u00bb qode_css_animation=\u00a0\u00bbelement_from_fade\u00a0\u00bb transition_delay=\u00a0\u00bb0.2&Prime;][vc_separator type=\u00a0\u00bbtransparent\u00a0\u00bb up=\u00a0\u00bb79&Prime; down=\u00a0\u00bb0&Prime;][\/vc_column_inner][vc_column_inner width=\u00a0\u00bb1\/2&Prime;][vc_column_text]<\/p>\n<h5 style=\"text-align: left;\">ERMITAGE DE SANTA ANNA<br \/>\nXVII<sup>e<\/sup>\u00a0si\u00e8cle<\/h5>\n<p>[\/vc_column_text][vc_separator type=\u00a0\u00bbsmall\u00a0\u00bb position=\u00a0\u00bbleft\u00a0\u00bb down=\u00a0\u00bb18&Prime; up=\u00a0\u00bb17&Prime;][vc_column_text]L\u2019existence de l\u2019ermitage Santa Anna, de style baroque, est attest\u00e9e depuis 1624. La date de b\u00e9n\u00e9diction que l\u2019on peut observer, 1789, co\u00efncide s\u00fbrement avec des travaux d\u2019am\u00e9lioration ou de r\u00e9novation.<\/p>\n<p>L&rsquo;ermitage Santa Anna est accessible depuis un chemin partant de la route principale, juste apr\u00e8s la croix fronti\u00e8re.<\/p>\n<p>Tous les 26 juillet, on y c\u00e9l\u00e8bre la traditionnelle rencontre de Santa Anna, au cours de laquelle les habitants de Breda mangent en famille et entre amis, dansent des sardanes et font sonner les cloches de l&rsquo;ermitage. Depuis quelques ann\u00e9es, s\u2019y tient \u00e9galement la Diada de Catalunya (Journ\u00e9e nationale de la Catalogne) dans la nuit du 10\u00a0au 11\u00a0septembre.[\/vc_column_text][vc_separator type=\u00a0\u00bbtransparent\u00a0\u00bb up=\u00a0\u00bb79&Prime; down=\u00a0\u00bb0&Prime;][\/vc_column_inner][\/vc_row_inner][\/vc_column][\/vc_row]<\/p>\n","protected":false},"excerpt":{"rendered":"<p>[vc_row css_animation=\u00a0\u00bb\u00a0\u00bb row_type=\u00a0\u00bbrow\u00a0\u00bb use_row_as_full_screen_section=\u00a0\u00bbno\u00a0\u00bb type=\u00a0\u00bbgrid\u00a0\u00bb angled_section=\u00a0\u00bbno\u00a0\u00bb text_align=\u00a0\u00bbleft\u00a0\u00bb background_image_as_pattern=\u00a0\u00bbwithout_pattern\u00a0\u00bb padding_top=\u00a0\u00bb80&Prime; padding_bottom=\u00a0\u00bb0&Prime; anchor=\u00a0\u00bbportfolio\u00a0\u00bb background_color=\u00a0\u00bb#ffffff\u00a0\u00bb][vc_column][vc_row_inner row_type=\u00a0\u00bbrow\u00a0\u00bb type=\u00a0\u00bbfull_width\u00a0\u00bb text_align=\u00a0\u00bbleft\u00a0\u00bb css_animation=\u00a0\u00bb\u00a0\u00bb][vc_column_inner width=\u00a0\u00bb1\/2&Prime;][vc_single_image image=\u00a0\u00bb16343&Prime; img_size=\u00a0\u00bbfull\u00a0\u00bb alignment=\u00a0\u00bbcenter\u00a0\u00bb qode_css_animation=\u00a0\u00bbelement_from_fade\u00a0\u00bb transition_delay=\u00a0\u00bb0.2&Prime;][vc_separator type=\u00a0\u00bbtransparent\u00a0\u00bb up=\u00a0\u00bb79&Prime; down=\u00a0\u00bb0&Prime;][\/vc_column_inner][vc_column_inner width=\u00a0\u00bb1\/2&Prime;][vc_column_text] ERMITAGE DE SANTA ANNA XVIIe\u00a0si\u00e8cle [\/vc_column_text][vc_separator type=\u00a0\u00bbsmall\u00a0\u00bb position=\u00a0\u00bbleft\u00a0\u00bb down=\u00a0\u00bb18&Prime; up=\u00a0\u00bb17&Prime;][vc_column_text]L\u2019existence de l\u2019ermitage Santa Anna, de style baroque, est attest\u00e9e&#8230;<\/p>\n","protected":false},"author":2,"featured_media":0,"parent":0,"menu_order":0,"comment_status":"open","ping_status":"closed","template":"full_width.php","meta":[],"_links":{"self":[{"href":"https:\/\/turismebreda.cat\/fr\/wp-json\/wp\/v2\/pages\/17369"}],"collection":[{"href":"https:\/\/turismebreda.cat\/fr\/wp-json\/wp\/v2\/pages"}],"about":[{"href":"https:\/\/turismebreda.cat\/fr\/wp-json\/wp\/v2\/types\/page"}],"author":[{"embeddable":true,"href":"https:\/\/turismebreda.cat\/fr\/wp-json\/wp\/v2\/users\/2"}],"replies":[{"embeddable":true,"href":"https:\/\/turismebreda.cat\/fr\/wp-json\/wp\/v2\/comments?post=17369"}],"version-history":[{"count":2,"href":"https:\/\/turismebreda.cat\/fr\/wp-json\/wp\/v2\/pages\/17369\/revisions"}],"predecessor-version":[{"id":17421,"href":"https:\/\/turismebreda.cat\/fr\/wp-json\/wp\/v2\/pages\/17369\/revisions\/17421"}],"wp:attachment":[{"href":"https:\/\/turismebreda.cat\/fr\/wp-json\/wp\/v2\/media?parent=17369"}],"curies":[{"name":"wp","href":"https:\/\/api.w.org\/{rel}","templated":true}]}}