{"id":17363,"date":"2019-09-24T22:19:54","date_gmt":"2019-09-24T20:19:54","guid":{"rendered":"http:\/\/turismebreda.cat\/esglesia-de-santa-maria\/"},"modified":"2019-10-21T15:49:31","modified_gmt":"2019-10-21T13:49:31","slug":"eglise-santa-maria","status":"publish","type":"page","link":"https:\/\/turismebreda.cat\/fr\/eglise-santa-maria\/","title":{"rendered":"\u00c9GLISE SANTA MAR\u00cdA"},"content":{"rendered":"<p>[vc_row css_animation=\u00a0\u00bb\u00a0\u00bb row_type=\u00a0\u00bbrow\u00a0\u00bb use_row_as_full_screen_section=\u00a0\u00bbno\u00a0\u00bb type=\u00a0\u00bbgrid\u00a0\u00bb angled_section=\u00a0\u00bbno\u00a0\u00bb text_align=\u00a0\u00bbleft\u00a0\u00bb background_image_as_pattern=\u00a0\u00bbwithout_pattern\u00a0\u00bb padding_top=\u00a0\u00bb80&Prime; padding_bottom=\u00a0\u00bb0&Prime; anchor=\u00a0\u00bbportfolio\u00a0\u00bb z_index=\u00a0\u00bb\u00a0\u00bb][vc_column][vc_row_inner row_type=\u00a0\u00bbrow\u00a0\u00bb type=\u00a0\u00bbfull_width\u00a0\u00bb text_align=\u00a0\u00bbleft\u00a0\u00bb css_animation=\u00a0\u00bb\u00a0\u00bb][vc_column_inner width=\u00a0\u00bb1\/2&Prime;][vc_column_text]<\/p>\n<h5 style=\"text-align: left;\">\u00c9GLISE SANTA MAR\u00cdA<br \/>\nIX<sup>e<\/sup>-XI<sup>e<\/sup>\u00a0si\u00e8cles<\/h5>\n<p>[\/vc_column_text][vc_separator type=\u00a0\u00bbsmall\u00a0\u00bb position=\u00a0\u00bbleft\u00a0\u00bb down=\u00a0\u00bb18&Prime; up=\u00a0\u00bb17&Prime;][vc_column_text]L&rsquo;\u00e9glise Santa Mar\u00eda, l&rsquo;ancienne \u00e9glise paroissiale de la ville, a \u00e9t\u00e9 construite entre 878 et 1038. Elle conserve encore son abside datant du XII<sup>e<\/sup>\u00a0si\u00e8cle ainsi qu\u2019une partie des peintures murales d\u2019origine dans la crois\u00e9e des transepts.<\/p>\n<p>L\u2019\u00e9glise Santa Mar\u00eda de Breda se situe \u00e0 l\u2019arri\u00e8re du monast\u00e8re et abrite actuellement le si\u00e8ge de la mairie et le mus\u00e9e municipal Josep Aragay. Puis, \u00e0 partir de 1846, cette ancienne construction de style roman, qui a fait l\u2019objet de modifications, sert successivement d\u2019\u00e9cole publique, de palais de justice, etc.<\/p>\n<p>\u00c0 l\u2019ext\u00e9rieur, les visiteurs peuvent contempler l\u2019abside de style roman, c\u00f4t\u00e9 est \u2014\u00a0qui a \u00e9t\u00e9 endommag\u00e9e, puis restaur\u00e9e pour \u00eatre reconstruite en 1961\u00a0\u2014, et le clocher \u00e0 huit pans, une forme tr\u00e8s habituelle dans le dioc\u00e8se de G\u00e9rone aux XVI<sup>e<\/sup>\u00a0et XVI<sup>e<\/sup>\u00a0si\u00e8cles.[\/vc_column_text][vc_separator type=\u00a0\u00bbtransparent\u00a0\u00bb up=\u00a0\u00bb79&Prime; down=\u00a0\u00bb0&Prime;][\/vc_column_inner][vc_column_inner width=\u00a0\u00bb1\/2&Prime;][vc_single_image image=\u00a0\u00bb16385&Prime; img_size=\u00a0\u00bbfull\u00a0\u00bb alignment=\u00a0\u00bbcenter\u00a0\u00bb qode_css_animation=\u00a0\u00bbelement_from_fade\u00a0\u00bb transition_delay=\u00a0\u00bb0.4&Prime;][vc_separator type=\u00a0\u00bbtransparent\u00a0\u00bb up=\u00a0\u00bb79&Prime; down=\u00a0\u00bb0&Prime;][\/vc_column_inner][\/vc_row_inner][\/vc_column][\/vc_row]<\/p>\n","protected":false},"excerpt":{"rendered":"<p>[vc_row css_animation=\u00a0\u00bb\u00a0\u00bb row_type=\u00a0\u00bbrow\u00a0\u00bb use_row_as_full_screen_section=\u00a0\u00bbno\u00a0\u00bb type=\u00a0\u00bbgrid\u00a0\u00bb angled_section=\u00a0\u00bbno\u00a0\u00bb text_align=\u00a0\u00bbleft\u00a0\u00bb background_image_as_pattern=\u00a0\u00bbwithout_pattern\u00a0\u00bb padding_top=\u00a0\u00bb80&Prime; padding_bottom=\u00a0\u00bb0&Prime; anchor=\u00a0\u00bbportfolio\u00a0\u00bb z_index=\u00a0\u00bb\u00a0\u00bb][vc_column][vc_row_inner row_type=\u00a0\u00bbrow\u00a0\u00bb type=\u00a0\u00bbfull_width\u00a0\u00bb text_align=\u00a0\u00bbleft\u00a0\u00bb css_animation=\u00a0\u00bb\u00a0\u00bb][vc_column_inner width=\u00a0\u00bb1\/2&Prime;][vc_column_text] \u00c9GLISE SANTA MAR\u00cdA IXe-XIe\u00a0si\u00e8cles [\/vc_column_text][vc_separator type=\u00a0\u00bbsmall\u00a0\u00bb position=\u00a0\u00bbleft\u00a0\u00bb down=\u00a0\u00bb18&Prime; up=\u00a0\u00bb17&Prime;][vc_column_text]L&rsquo;\u00e9glise Santa Mar\u00eda, l&rsquo;ancienne \u00e9glise paroissiale de la ville, a \u00e9t\u00e9 construite entre 878 et 1038. Elle conserve encore son&#8230;<\/p>\n","protected":false},"author":2,"featured_media":0,"parent":0,"menu_order":0,"comment_status":"open","ping_status":"closed","template":"full_width.php","meta":[],"_links":{"self":[{"href":"https:\/\/turismebreda.cat\/fr\/wp-json\/wp\/v2\/pages\/17363"}],"collection":[{"href":"https:\/\/turismebreda.cat\/fr\/wp-json\/wp\/v2\/pages"}],"about":[{"href":"https:\/\/turismebreda.cat\/fr\/wp-json\/wp\/v2\/types\/page"}],"author":[{"embeddable":true,"href":"https:\/\/turismebreda.cat\/fr\/wp-json\/wp\/v2\/users\/2"}],"replies":[{"embeddable":true,"href":"https:\/\/turismebreda.cat\/fr\/wp-json\/wp\/v2\/comments?post=17363"}],"version-history":[{"count":2,"href":"https:\/\/turismebreda.cat\/fr\/wp-json\/wp\/v2\/pages\/17363\/revisions"}],"predecessor-version":[{"id":17419,"href":"https:\/\/turismebreda.cat\/fr\/wp-json\/wp\/v2\/pages\/17363\/revisions\/17419"}],"wp:attachment":[{"href":"https:\/\/turismebreda.cat\/fr\/wp-json\/wp\/v2\/media?parent=17363"}],"curies":[{"name":"wp","href":"https:\/\/api.w.org\/{rel}","templated":true}]}}