{"id":17359,"date":"2019-09-24T22:16:56","date_gmt":"2019-09-24T20:16:56","guid":{"rendered":"http:\/\/turismebreda.cat\/pati-de-labadia\/"},"modified":"2019-10-21T15:30:52","modified_gmt":"2019-10-21T13:30:52","slug":"cour-de-labbaye","status":"publish","type":"page","link":"https:\/\/turismebreda.cat\/fr\/cour-de-labbaye\/","title":{"rendered":"COUR DE L\u2019ABBAYE"},"content":{"rendered":"<p>[vc_row css_animation=\u00a0\u00bb\u00a0\u00bb row_type=\u00a0\u00bbrow\u00a0\u00bb use_row_as_full_screen_section=\u00a0\u00bbno\u00a0\u00bb type=\u00a0\u00bbgrid\u00a0\u00bb angled_section=\u00a0\u00bbno\u00a0\u00bb text_align=\u00a0\u00bbleft\u00a0\u00bb background_image_as_pattern=\u00a0\u00bbwithout_pattern\u00a0\u00bb padding_top=\u00a0\u00bb80&Prime; padding_bottom=\u00a0\u00bb0&Prime; anchor=\u00a0\u00bbportfolio\u00a0\u00bb background_color=\u00a0\u00bb#ffffff\u00a0\u00bb][vc_column][vc_row_inner row_type=\u00a0\u00bbrow\u00a0\u00bb type=\u00a0\u00bbfull_width\u00a0\u00bb text_align=\u00a0\u00bbleft\u00a0\u00bb css_animation=\u00a0\u00bb\u00a0\u00bb][vc_column_inner width=\u00a0\u00bb1\/2&Prime;][vc_single_image image=\u00a0\u00bb16386&Prime; img_size=\u00a0\u00bbfull\u00a0\u00bb alignment=\u00a0\u00bbcenter\u00a0\u00bb qode_css_animation=\u00a0\u00bbelement_from_fade\u00a0\u00bb transition_delay=\u00a0\u00bb0.2&Prime;][vc_separator type=\u00a0\u00bbtransparent\u00a0\u00bb up=\u00a0\u00bb79&Prime; down=\u00a0\u00bb0&Prime;][\/vc_column_inner][vc_column_inner width=\u00a0\u00bb1\/2&Prime;][vc_column_text]<\/p>\n<h5 style=\"text-align: left;\">COUR DE L\u2019ABBAYE<br \/>\nXV<sup>e<\/sup> SIECLE<\/h5>\n<p>[\/vc_column_text][vc_separator type=\u00a0\u00bbsmall\u00a0\u00bb position=\u00a0\u00bbleft\u00a0\u00bb down=\u00a0\u00bb18&Prime; up=\u00a0\u00bb17&Prime;][vc_column_text]Comme son nom l&rsquo;indique, il s\u2019agit de la cour qui donnait acc\u00e8s au palais abbatial.<\/p>\n<p>On peut encore voir l\u2019escalier menant \u00e0 la r\u00e9sidence de l&rsquo;abb\u00e9, ainsi que le puits qui approvisionnait le monast\u00e8re en eau. La cour se distingue par ses fen\u00eatres de style gothique, les grands portails \u00e0 voussoir et le balcon en bois. Au-dessus d&rsquo;un des portails, on peut voir les armoiries de l&rsquo;abb\u00e9 Miquel Sams\u00f3, qui lan\u00e7a la construction de ces b\u00e2timents au XV<sup>e<\/sup>\u00a0si\u00e8cle. Sams\u00f3 fut aussi le 31<sup>e<\/sup>\u00a0pr\u00e9sident de la Generalitat de Catalogne.[\/vc_column_text][vc_separator type=\u00a0\u00bbtransparent\u00a0\u00bb up=\u00a0\u00bb79&Prime; down=\u00a0\u00bb0&Prime;][\/vc_column_inner][\/vc_row_inner][\/vc_column][\/vc_row]<\/p>\n","protected":false},"excerpt":{"rendered":"<p>[vc_row css_animation=\u00a0\u00bb\u00a0\u00bb row_type=\u00a0\u00bbrow\u00a0\u00bb use_row_as_full_screen_section=\u00a0\u00bbno\u00a0\u00bb type=\u00a0\u00bbgrid\u00a0\u00bb angled_section=\u00a0\u00bbno\u00a0\u00bb text_align=\u00a0\u00bbleft\u00a0\u00bb background_image_as_pattern=\u00a0\u00bbwithout_pattern\u00a0\u00bb padding_top=\u00a0\u00bb80&Prime; padding_bottom=\u00a0\u00bb0&Prime; anchor=\u00a0\u00bbportfolio\u00a0\u00bb background_color=\u00a0\u00bb#ffffff\u00a0\u00bb][vc_column][vc_row_inner row_type=\u00a0\u00bbrow\u00a0\u00bb type=\u00a0\u00bbfull_width\u00a0\u00bb text_align=\u00a0\u00bbleft\u00a0\u00bb css_animation=\u00a0\u00bb\u00a0\u00bb][vc_column_inner width=\u00a0\u00bb1\/2&Prime;][vc_single_image image=\u00a0\u00bb16386&Prime; img_size=\u00a0\u00bbfull\u00a0\u00bb alignment=\u00a0\u00bbcenter\u00a0\u00bb qode_css_animation=\u00a0\u00bbelement_from_fade\u00a0\u00bb transition_delay=\u00a0\u00bb0.2&Prime;][vc_separator type=\u00a0\u00bbtransparent\u00a0\u00bb up=\u00a0\u00bb79&Prime; down=\u00a0\u00bb0&Prime;][\/vc_column_inner][vc_column_inner width=\u00a0\u00bb1\/2&Prime;][vc_column_text] COUR DE L\u2019ABBAYE XVe SIECLE [\/vc_column_text][vc_separator type=\u00a0\u00bbsmall\u00a0\u00bb position=\u00a0\u00bbleft\u00a0\u00bb down=\u00a0\u00bb18&Prime; up=\u00a0\u00bb17&Prime;][vc_column_text]Comme son nom l&rsquo;indique, il s\u2019agit de la cour qui&#8230;<\/p>\n","protected":false},"author":2,"featured_media":0,"parent":0,"menu_order":0,"comment_status":"open","ping_status":"closed","template":"full_width.php","meta":[],"_links":{"self":[{"href":"https:\/\/turismebreda.cat\/fr\/wp-json\/wp\/v2\/pages\/17359"}],"collection":[{"href":"https:\/\/turismebreda.cat\/fr\/wp-json\/wp\/v2\/pages"}],"about":[{"href":"https:\/\/turismebreda.cat\/fr\/wp-json\/wp\/v2\/types\/page"}],"author":[{"embeddable":true,"href":"https:\/\/turismebreda.cat\/fr\/wp-json\/wp\/v2\/users\/2"}],"replies":[{"embeddable":true,"href":"https:\/\/turismebreda.cat\/fr\/wp-json\/wp\/v2\/comments?post=17359"}],"version-history":[{"count":2,"href":"https:\/\/turismebreda.cat\/fr\/wp-json\/wp\/v2\/pages\/17359\/revisions"}],"predecessor-version":[{"id":17417,"href":"https:\/\/turismebreda.cat\/fr\/wp-json\/wp\/v2\/pages\/17359\/revisions\/17417"}],"wp:attachment":[{"href":"https:\/\/turismebreda.cat\/fr\/wp-json\/wp\/v2\/media?parent=17359"}],"curies":[{"name":"wp","href":"https:\/\/api.w.org\/{rel}","templated":true}]}}