{"id":17353,"date":"2019-09-24T22:12:19","date_gmt":"2019-09-24T20:12:19","guid":{"rendered":"http:\/\/turismebreda.cat\/claustre\/"},"modified":"2019-10-21T15:27:53","modified_gmt":"2019-10-21T13:27:53","slug":"cloitre","status":"publish","type":"page","link":"https:\/\/turismebreda.cat\/fr\/cloitre\/","title":{"rendered":"CLO\u00ceTRE"},"content":{"rendered":"<p>[vc_row css_animation=\u00a0\u00bb\u00a0\u00bb row_type=\u00a0\u00bbrow\u00a0\u00bb use_row_as_full_screen_section=\u00a0\u00bbno\u00a0\u00bb type=\u00a0\u00bbgrid\u00a0\u00bb angled_section=\u00a0\u00bbno\u00a0\u00bb text_align=\u00a0\u00bbleft\u00a0\u00bb background_image_as_pattern=\u00a0\u00bbwithout_pattern\u00a0\u00bb padding_top=\u00a0\u00bb80&Prime; padding_bottom=\u00a0\u00bb0&Prime; anchor=\u00a0\u00bbportfolio\u00a0\u00bb z_index=\u00a0\u00bb\u00a0\u00bb][vc_column][vc_row_inner row_type=\u00a0\u00bbrow\u00a0\u00bb type=\u00a0\u00bbfull_width\u00a0\u00bb text_align=\u00a0\u00bbleft\u00a0\u00bb css_animation=\u00a0\u00bb\u00a0\u00bb][vc_column_inner width=\u00a0\u00bb1\/2&Prime;][vc_column_text]<\/p>\n<h5 style=\"text-align: left;\">CLO\u00ceTRE<br \/>\nXIII<sup>e<\/sup> ou XIV<sup>e<\/sup> si\u00e8cle<\/h5>\n<p>[\/vc_column_text][vc_separator type=\u00a0\u00bbsmall\u00a0\u00bb position=\u00a0\u00bbleft\u00a0\u00bb down=\u00a0\u00bb18&Prime; up=\u00a0\u00bb17&Prime;][vc_column_text]L\u2019ancien clo\u00eetre du monast\u00e8re San Salvador conserve encore son aile nord, adoss\u00e9e \u00e0 l\u2019\u00e9glise, sur les quatre originales.<\/p>\n<p>On estime que sa construction remonte \u00e0 la fin du XIII<sup>e<\/sup>\u00a0ou au d\u00e9but du XIV<sup>e<\/sup>\u00a0si\u00e8cle. Cette partie du clo\u00eetre est constitu\u00e9e de sept arcs en plein cintre reposant chacun sur deux colonnes.<\/p>\n<p>Les chapiteaux sont identiques, tous surmont\u00e9s de quatre grandes feuilles d&rsquo;iris.<\/p>\n<p>En 1932, l&rsquo;association Amics de l&rsquo;Art Vell entreprend la restauration de cette partie du clo\u00eetre en raison de l&rsquo;\u00e9tat de d\u00e9labrement avanc\u00e9 du monast\u00e8re, provoqu\u00e9 par la politique de d\u00e9samortissement (vente des biens de l&rsquo;\u00c9glise).[\/vc_column_text][vc_separator type=\u00a0\u00bbtransparent\u00a0\u00bb up=\u00a0\u00bb79&Prime; down=\u00a0\u00bb0&Prime;][\/vc_column_inner][vc_column_inner width=\u00a0\u00bb1\/2&Prime;][vc_single_image image=\u00a0\u00bb16383&Prime; img_size=\u00a0\u00bbfull\u00a0\u00bb alignment=\u00a0\u00bbcenter\u00a0\u00bb qode_css_animation=\u00a0\u00bbelement_from_fade\u00a0\u00bb transition_delay=\u00a0\u00bb0.4&Prime;][vc_separator type=\u00a0\u00bbtransparent\u00a0\u00bb up=\u00a0\u00bb79&Prime; down=\u00a0\u00bb0&Prime;][\/vc_column_inner][\/vc_row_inner][\/vc_column][\/vc_row]<\/p>\n","protected":false},"excerpt":{"rendered":"<p>[vc_row css_animation=\u00a0\u00bb\u00a0\u00bb row_type=\u00a0\u00bbrow\u00a0\u00bb use_row_as_full_screen_section=\u00a0\u00bbno\u00a0\u00bb type=\u00a0\u00bbgrid\u00a0\u00bb angled_section=\u00a0\u00bbno\u00a0\u00bb text_align=\u00a0\u00bbleft\u00a0\u00bb background_image_as_pattern=\u00a0\u00bbwithout_pattern\u00a0\u00bb padding_top=\u00a0\u00bb80&Prime; padding_bottom=\u00a0\u00bb0&Prime; anchor=\u00a0\u00bbportfolio\u00a0\u00bb z_index=\u00a0\u00bb\u00a0\u00bb][vc_column][vc_row_inner row_type=\u00a0\u00bbrow\u00a0\u00bb type=\u00a0\u00bbfull_width\u00a0\u00bb text_align=\u00a0\u00bbleft\u00a0\u00bb css_animation=\u00a0\u00bb\u00a0\u00bb][vc_column_inner width=\u00a0\u00bb1\/2&Prime;][vc_column_text] CLO\u00ceTRE XIIIe ou XIVe si\u00e8cle [\/vc_column_text][vc_separator type=\u00a0\u00bbsmall\u00a0\u00bb position=\u00a0\u00bbleft\u00a0\u00bb down=\u00a0\u00bb18&Prime; up=\u00a0\u00bb17&Prime;][vc_column_text]L\u2019ancien clo\u00eetre du monast\u00e8re San Salvador conserve encore son aile nord, adoss\u00e9e \u00e0 l\u2019\u00e9glise, sur les quatre originales. On&#8230;<\/p>\n","protected":false},"author":2,"featured_media":0,"parent":0,"menu_order":0,"comment_status":"open","ping_status":"closed","template":"full_width.php","meta":[],"_links":{"self":[{"href":"https:\/\/turismebreda.cat\/fr\/wp-json\/wp\/v2\/pages\/17353"}],"collection":[{"href":"https:\/\/turismebreda.cat\/fr\/wp-json\/wp\/v2\/pages"}],"about":[{"href":"https:\/\/turismebreda.cat\/fr\/wp-json\/wp\/v2\/types\/page"}],"author":[{"embeddable":true,"href":"https:\/\/turismebreda.cat\/fr\/wp-json\/wp\/v2\/users\/2"}],"replies":[{"embeddable":true,"href":"https:\/\/turismebreda.cat\/fr\/wp-json\/wp\/v2\/comments?post=17353"}],"version-history":[{"count":2,"href":"https:\/\/turismebreda.cat\/fr\/wp-json\/wp\/v2\/pages\/17353\/revisions"}],"predecessor-version":[{"id":17415,"href":"https:\/\/turismebreda.cat\/fr\/wp-json\/wp\/v2\/pages\/17353\/revisions\/17415"}],"wp:attachment":[{"href":"https:\/\/turismebreda.cat\/fr\/wp-json\/wp\/v2\/media?parent=17353"}],"curies":[{"name":"wp","href":"https:\/\/api.w.org\/{rel}","templated":true}]}}