{"id":17047,"date":"2019-10-02T13:11:12","date_gmt":"2019-10-02T11:11:12","guid":{"rendered":"http:\/\/turismebreda.cat\/rutes\/ruta-6\/"},"modified":"2021-02-01T14:09:47","modified_gmt":"2021-02-01T13:09:47","slug":"ruta-6","status":"publish","type":"page","link":"https:\/\/turismebreda.cat\/fr\/circuits\/ruta-6\/","title":{"rendered":"RUTA 6"},"content":{"rendered":"<p>[vc_row css_animation=\u00a0\u00bb\u00a0\u00bb row_type=\u00a0\u00bbrow\u00a0\u00bb use_row_as_full_screen_section=\u00a0\u00bbno\u00a0\u00bb type=\u00a0\u00bbgrid\u00a0\u00bb angled_section=\u00a0\u00bbno\u00a0\u00bb text_align=\u00a0\u00bbleft\u00a0\u00bb background_image_as_pattern=\u00a0\u00bbwithout_pattern\u00a0\u00bb padding_top=\u00a0\u00bb80&Prime; padding_bottom=\u00a0\u00bb0&Prime; anchor=\u00a0\u00bbportfolio\u00a0\u00bb background_color=\u00a0\u00bb#ffffff\u00a0\u00bb][vc_column][vc_row_inner row_type=\u00a0\u00bbrow\u00a0\u00bb type=\u00a0\u00bbfull_width\u00a0\u00bb text_align=\u00a0\u00bbleft\u00a0\u00bb css_animation=\u00a0\u00bb\u00a0\u00bb][vc_column_inner][vc_column_text]<\/p>\n<h2 style=\"text-align: center;\"><img loading=\"lazy\" class=\"alignnone wp-image-16449 size-full\" src=\"http:\/\/turismebreda.cat\/wp-content\/uploads\/2019\/08\/6.png\" alt=\"\" width=\"40\" height=\"40\" \/><\/h2>\n<p>[\/vc_column_text][vc_separator type=\u00a0\u00bbtransparent\u00a0\u00bb up=\u00a0\u00bb15&Prime; down=\u00a0\u00bb0&Prime;][vc_column_text]<\/p>\n<h2 style=\"text-align: center;\">CIRCUIT DES TERRERAS<\/h2>\n<p>[\/vc_column_text][vc_separator type=\u00a0\u00bbsmall\u00a0\u00bb position=\u00a0\u00bbcenter\u00a0\u00bb down=\u00a0\u00bb40&Prime;][vc_single_image image=\u00a0\u00bb16802&Prime; img_size=\u00a0\u00bbfull\u00a0\u00bb alignment=\u00a0\u00bbcenter\u00a0\u00bb qode_css_animation=\u00a0\u00bbelement_from_fade\u00a0\u00bb transition_delay=\u00a0\u00bb0.2&Prime;][vc_separator type=\u00a0\u00bbtransparent\u00a0\u00bb up=\u00a0\u00bb30&Prime; down=\u00a0\u00bb0&Prime;][vc_column_text]<\/p>\n<p style=\"text-align: center;\"><a href=\"http:\/\/turismebreda.cat\/wp-content\/uploads\/2021\/02\/mapa-rutes-breda.jpg\" target=\"_blank\" rel=\"noopener noreferrer\">VISUALISEZ SUR LE PLAN LE PARCOUS DU CIRCUIT<\/a><\/p>\n<p>[\/vc_column_text][vc_separator type=\u00a0\u00bbtransparent\u00a0\u00bb up=\u00a0\u00bb30&Prime; down=\u00a0\u00bb0&Prime;][\/vc_column_inner][\/vc_row_inner][vc_row_inner row_type=\u00a0\u00bbrow\u00a0\u00bb type=\u00a0\u00bbfull_width\u00a0\u00bb text_align=\u00a0\u00bbleft\u00a0\u00bb css_animation=\u00a0\u00bb\u00a0\u00bb padding_top=\u00a0\u00bb30&Prime; padding_bottom=\u00a0\u00bb30&Prime;][vc_column_inner width=\u00a0\u00bb1\/2&Prime;][vc_column_text]<\/p>\n<h5>Comment se rendre au point de d\u00e9part<\/h5>\n<p>La route d\u2019Arb\u00facies GI-552 m\u00e8ne \u00e0 la commune de Breda (km 4-5). Le circuit d\u00e9marre sur la pla\u00e7a del Convent, en plein centre, l\u00e0 o\u00f9 se trouvent l\u2019h\u00f4tel de ville et l\u2019\u00e9glise.<\/p>\n<p>&nbsp;<\/p>\n<h5>Int\u00e9r\u00eat du circuit<\/h5>\n<p>Ce circuit, de niveau moyen en raison de sa longueur, pr\u00e9sente un d\u00e9nivel\u00e9 relativement faible. Cette boucle, qui fait le tour de Breda, traverse tous les versants de la commune. Elle passe dans des endroits bois\u00e9s, longe des rivi\u00e8res et traverse des zones rurales o\u00f9 nous trouvons des constructions embl\u00e9matiques comme celle du Pont del Mut ou le Mol\u00ed d\u2019en Bosc.[\/vc_column_text][vc_separator type=\u00a0\u00bbtransparent\u00a0\u00bb up=\u00a0\u00bb30&Prime; down=\u00a0\u00bb0&Prime;][\/vc_column_inner][vc_column_inner width=\u00a0\u00bb1\/2&Prime;][vc_column_text]<\/p>\n<h5>Description<\/h5>\n<p>Elle part de la pla\u00e7a del Convent pour traverser Breda en direction du sud et rejoindre le hameau de Can Sagristia, o\u00f9 elle franchit la Riera de Repiaix et grimpe vers Les Brugueres. De l\u00e0, le circuit longe la Riera de Repiaix pour monter jusqu\u2019\u00e0 l\u2019entr\u00e9e du Bosc de la M\u00f3ra. Le chemin descend ensuite pour franchir le Pont del Mut puis rejoint le Mol\u00ed d\u2019en Bosc. L\u2019itin\u00e9raire se termine en passant par les Boscos del Mol\u00ed et en entrant dans Breda par l\u2019ouest.[\/vc_column_text][vc_separator type=\u00a0\u00bbtransparent\u00a0\u00bb up=\u00a0\u00bb30&Prime; down=\u00a0\u00bb0&Prime;][\/vc_column_inner][\/vc_row_inner][\/vc_column][\/vc_row][vc_row css_animation=\u00a0\u00bb\u00a0\u00bb row_type=\u00a0\u00bbrow\u00a0\u00bb use_row_as_full_screen_section=\u00a0\u00bbno\u00a0\u00bb type=\u00a0\u00bbgrid\u00a0\u00bb angled_section=\u00a0\u00bbno\u00a0\u00bb text_align=\u00a0\u00bbleft\u00a0\u00bb background_image_as_pattern=\u00a0\u00bbwithout_pattern\u00a0\u00bb padding_top=\u00a0\u00bb80&Prime; padding_bottom=\u00a0\u00bb0&Prime; anchor=\u00a0\u00bbportfolio\u00a0\u00bb background_color=\u00a0\u00bb#ededed\u00a0\u00bb z_index=\u00a0\u00bb\u00a0\u00bb][vc_column width=\u00a0\u00bb1\/2&Prime;][vc_single_image image=\u00a0\u00bb16840&Prime; img_size=\u00a0\u00bbfull\u00a0\u00bb alignment=\u00a0\u00bbcenter\u00a0\u00bb qode_css_animation=\u00a0\u00bbelement_from_fade\u00a0\u00bb transition_delay=\u00a0\u00bb0.4&Prime;][vc_separator type=\u00a0\u00bbtransparent\u00a0\u00bb up=\u00a0\u00bb40&Prime; down=\u00a0\u00bb0&Prime;][vc_column_text]<\/p>\n<h5>RIERA DE REPIAIX<\/h5>\n<p>[\/vc_column_text][vc_separator type=\u00a0\u00bbsmall\u00a0\u00bb position=\u00a0\u00bbleft\u00a0\u00bb][vc_column_text]La Riera de Repiaix d\u00e9limite la commune de Breda \u00e0 l&rsquo;est. Elle prend sa source sur les versants de la colline de Montsoriu et se jette dans la rivi\u00e8re de Breda \u00e0 proximit\u00e9 de la gare ferroviaire, peu avant que celle-ci ne rejoigne la Tordera. Un chemin fluvial a \u00e9t\u00e9 am\u00e9nag\u00e9 sur un tron\u00e7on pour en faire une agr\u00e9able zone de promenade.[\/vc_column_text][vc_separator type=\u00a0\u00bbtransparent\u00a0\u00bb up=\u00a0\u00bb60&Prime; down=\u00a0\u00bb0&Prime;][\/vc_column][vc_column width=\u00a0\u00bb1\/2&Prime;][vc_single_image image=\u00a0\u00bb16841&Prime; img_size=\u00a0\u00bbfull\u00a0\u00bb alignment=\u00a0\u00bbcenter\u00a0\u00bb qode_css_animation=\u00a0\u00bbelement_from_fade\u00a0\u00bb transition_delay=\u00a0\u00bb0.4&Prime;][vc_separator type=\u00a0\u00bbtransparent\u00a0\u00bb up=\u00a0\u00bb40&Prime; down=\u00a0\u00bb0&Prime;][vc_column_text]<\/p>\n<h5>MOL\u00cd D&rsquo;EN BOSC<\/h5>\n<p>[\/vc_column_text][vc_separator type=\u00a0\u00bbsmall\u00a0\u00bb position=\u00a0\u00bbleft\u00a0\u00bb][vc_column_text]Le Mol\u00ed d\u2019en Bosc est un ancien moulin situ\u00e9 aux abords de Breda, \u00e0 proximit\u00e9 de la Riera de Breda et de la Font de la Pintoresca. Ce moulin utilisait la force motrice de l&rsquo;eau de la rivi\u00e8re qu\u2019il conduisait dans un grand bassin. Il tire son nom de la ferme d&rsquo;\u00e0 c\u00f4t\u00e9 appel\u00e9e Can Bosc. Devant le moulin, sur la rive situ\u00e9e du c\u00f4t\u00e9 de Breda, on peut apercevoir le four d\u2019en Bosc, un ancien four \u00e0 chaux.[\/vc_column_text][vc_separator type=\u00a0\u00bbtransparent\u00a0\u00bb up=\u00a0\u00bb60&Prime; down=\u00a0\u00bb0&Prime;][\/vc_column][\/vc_row][vc_row css_animation=\u00a0\u00bb\u00a0\u00bb row_type=\u00a0\u00bbrow\u00a0\u00bb use_row_as_full_screen_section=\u00a0\u00bbno\u00a0\u00bb type=\u00a0\u00bbgrid\u00a0\u00bb angled_section=\u00a0\u00bbno\u00a0\u00bb text_align=\u00a0\u00bbleft\u00a0\u00bb background_image_as_pattern=\u00a0\u00bbwithout_pattern\u00a0\u00bb padding_top=\u00a0\u00bb40&Prime; padding_bottom=\u00a0\u00bb0&Prime; anchor=\u00a0\u00bbportfolio\u00a0\u00bb background_color=\u00a0\u00bb#ededed\u00a0\u00bb z_index=\u00a0\u00bb\u00a0\u00bb][vc_column][\/vc_column][\/vc_row]<\/p>\n","protected":false},"excerpt":{"rendered":"<p>[vc_row css_animation=\u00a0\u00bb\u00a0\u00bb row_type=\u00a0\u00bbrow\u00a0\u00bb use_row_as_full_screen_section=\u00a0\u00bbno\u00a0\u00bb type=\u00a0\u00bbgrid\u00a0\u00bb angled_section=\u00a0\u00bbno\u00a0\u00bb text_align=\u00a0\u00bbleft\u00a0\u00bb background_image_as_pattern=\u00a0\u00bbwithout_pattern\u00a0\u00bb padding_top=\u00a0\u00bb80&Prime; padding_bottom=\u00a0\u00bb0&Prime; anchor=\u00a0\u00bbportfolio\u00a0\u00bb background_color=\u00a0\u00bb#ffffff\u00a0\u00bb][vc_column][vc_row_inner row_type=\u00a0\u00bbrow\u00a0\u00bb type=\u00a0\u00bbfull_width\u00a0\u00bb text_align=\u00a0\u00bbleft\u00a0\u00bb css_animation=\u00a0\u00bb\u00a0\u00bb][vc_column_inner][vc_column_text] [\/vc_column_text][vc_separator type=\u00a0\u00bbtransparent\u00a0\u00bb up=\u00a0\u00bb15&Prime; down=\u00a0\u00bb0&Prime;][vc_column_text] CIRCUIT DES TERRERAS [\/vc_column_text][vc_separator type=\u00a0\u00bbsmall\u00a0\u00bb position=\u00a0\u00bbcenter\u00a0\u00bb down=\u00a0\u00bb40&Prime;][vc_single_image image=\u00a0\u00bb16802&Prime; img_size=\u00a0\u00bbfull\u00a0\u00bb alignment=\u00a0\u00bbcenter\u00a0\u00bb qode_css_animation=\u00a0\u00bbelement_from_fade\u00a0\u00bb transition_delay=\u00a0\u00bb0.2&Prime;][vc_separator type=\u00a0\u00bbtransparent\u00a0\u00bb up=\u00a0\u00bb30&Prime; down=\u00a0\u00bb0&Prime;][vc_column_text] VISUALISEZ SUR LE PLAN LE PARCOUS DU CIRCUIT [\/vc_column_text][vc_separator type=\u00a0\u00bbtransparent\u00a0\u00bb&#8230;<\/p>\n","protected":false},"author":2,"featured_media":0,"parent":16981,"menu_order":0,"comment_status":"open","ping_status":"closed","template":"full_width.php","meta":[],"_links":{"self":[{"href":"https:\/\/turismebreda.cat\/fr\/wp-json\/wp\/v2\/pages\/17047"}],"collection":[{"href":"https:\/\/turismebreda.cat\/fr\/wp-json\/wp\/v2\/pages"}],"about":[{"href":"https:\/\/turismebreda.cat\/fr\/wp-json\/wp\/v2\/types\/page"}],"author":[{"embeddable":true,"href":"https:\/\/turismebreda.cat\/fr\/wp-json\/wp\/v2\/users\/2"}],"replies":[{"embeddable":true,"href":"https:\/\/turismebreda.cat\/fr\/wp-json\/wp\/v2\/comments?post=17047"}],"version-history":[{"count":5,"href":"https:\/\/turismebreda.cat\/fr\/wp-json\/wp\/v2\/pages\/17047\/revisions"}],"predecessor-version":[{"id":17706,"href":"https:\/\/turismebreda.cat\/fr\/wp-json\/wp\/v2\/pages\/17047\/revisions\/17706"}],"up":[{"embeddable":true,"href":"https:\/\/turismebreda.cat\/fr\/wp-json\/wp\/v2\/pages\/16981"}],"wp:attachment":[{"href":"https:\/\/turismebreda.cat\/fr\/wp-json\/wp\/v2\/media?parent=17047"}],"curies":[{"name":"wp","href":"https:\/\/api.w.org\/{rel}","templated":true}]}}