{"id":17042,"date":"2019-10-02T12:57:12","date_gmt":"2019-10-02T10:57:12","guid":{"rendered":"http:\/\/turismebreda.cat\/rutes\/ruta-5\/"},"modified":"2021-02-01T14:08:05","modified_gmt":"2021-02-01T13:08:05","slug":"ruta-5","status":"publish","type":"page","link":"https:\/\/turismebreda.cat\/fr\/circuits\/ruta-5\/","title":{"rendered":"RUTA 5"},"content":{"rendered":"<p>[vc_row css_animation=\u00a0\u00bb\u00a0\u00bb row_type=\u00a0\u00bbrow\u00a0\u00bb use_row_as_full_screen_section=\u00a0\u00bbno\u00a0\u00bb type=\u00a0\u00bbgrid\u00a0\u00bb angled_section=\u00a0\u00bbno\u00a0\u00bb text_align=\u00a0\u00bbleft\u00a0\u00bb background_image_as_pattern=\u00a0\u00bbwithout_pattern\u00a0\u00bb padding_top=\u00a0\u00bb80&Prime; padding_bottom=\u00a0\u00bb0&Prime; anchor=\u00a0\u00bbportfolio\u00a0\u00bb background_color=\u00a0\u00bb#ffffff\u00a0\u00bb][vc_column][vc_row_inner row_type=\u00a0\u00bbrow\u00a0\u00bb type=\u00a0\u00bbfull_width\u00a0\u00bb text_align=\u00a0\u00bbleft\u00a0\u00bb css_animation=\u00a0\u00bb\u00a0\u00bb][vc_column_inner][vc_column_text]<\/p>\n<h2 style=\"text-align: center;\"><img loading=\"lazy\" class=\"alignnone wp-image-16448 size-full\" src=\"http:\/\/turismebreda.cat\/wp-content\/uploads\/2019\/08\/5.png\" alt=\"\" width=\"40\" height=\"40\" \/><\/h2>\n<p>[\/vc_column_text][vc_separator type=\u00a0\u00bbtransparent\u00a0\u00bb up=\u00a0\u00bb15&Prime; down=\u00a0\u00bb0&Prime;][vc_column_text]<\/p>\n<h2 style=\"text-align: center;\"><span lang=\"FR\">CIRCUIT DE LA FONT DE LA PINTORESCA<\/span><\/h2>\n<p>[\/vc_column_text][vc_separator type=\u00a0\u00bbsmall\u00a0\u00bb position=\u00a0\u00bbcenter\u00a0\u00bb down=\u00a0\u00bb40&Prime;][vc_single_image image=\u00a0\u00bb16803&Prime; img_size=\u00a0\u00bbfull\u00a0\u00bb alignment=\u00a0\u00bbcenter\u00a0\u00bb qode_css_animation=\u00a0\u00bbelement_from_fade\u00a0\u00bb transition_delay=\u00a0\u00bb0.2&Prime;][vc_separator type=\u00a0\u00bbtransparent\u00a0\u00bb up=\u00a0\u00bb30&Prime; down=\u00a0\u00bb0&Prime;][vc_column_text]<\/p>\n<p style=\"text-align: center;\"><a href=\"http:\/\/turismebreda.cat\/wp-content\/uploads\/2021\/02\/mapa-rutes-breda.jpg\" target=\"_blank\" rel=\"noopener noreferrer\">VISUALISEZ SUR LE PLAN LE PARCOUS DU CIRCUIT<\/a><\/p>\n<p>[\/vc_column_text][vc_separator type=\u00a0\u00bbtransparent\u00a0\u00bb up=\u00a0\u00bb30&Prime; down=\u00a0\u00bb0&Prime;][\/vc_column_inner][\/vc_row_inner][vc_row_inner row_type=\u00a0\u00bbrow\u00a0\u00bb type=\u00a0\u00bbfull_width\u00a0\u00bb text_align=\u00a0\u00bbleft\u00a0\u00bb css_animation=\u00a0\u00bb\u00a0\u00bb padding_top=\u00a0\u00bb30&Prime; padding_bottom=\u00a0\u00bb30&Prime;][vc_column_inner width=\u00a0\u00bb1\/2&Prime;][vc_column_text]<\/p>\n<h5>Comment se rendre au point de d\u00e9part<\/h5>\n<p>La route d\u2019Arb\u00facies GI-552 m\u00e8ne \u00e0 la commune de Breda (km 4-5). Le circuit d\u00e9marre sur la pla\u00e7a del Convent, en plein centre, l\u00e0 o\u00f9 se trouvent l\u2019h\u00f4tel de ville et l\u2019\u00e9glise.<\/p>\n<p>&nbsp;<\/p>\n<h5>Int\u00e9r\u00eat du circuit<\/h5>\n<p>Cette boucle, qui part du centre de Breda, passe par l\u2019embl\u00e9matique Mol\u00ed d\u2019en Bosc \u2013ancien moulin \u00e0 farine inscrit dans l\u2019inventaire du patrimoine architecture catalan\u2013 pour s\u2019aventurer jusqu\u2019aux portes du Parc naturel du Montseny et redescendre \u00e0 travers les paysages naturels qui entourent la commune.[\/vc_column_text][vc_separator type=\u00a0\u00bbtransparent\u00a0\u00bb up=\u00a0\u00bb30&Prime; down=\u00a0\u00bb0&Prime;][\/vc_column_inner][vc_column_inner width=\u00a0\u00bb1\/2&Prime;][vc_column_text]<\/p>\n<h5>Description<\/h5>\n<p>Ce circuit, de niveau moyen en raison de sa longueur, pr\u00e9sente un d\u00e9nivel\u00e9 relativement faible, id\u00e9al pour une balade familiale. Il part en direction nord-ouest jusqu\u2019au Mol\u00ed d\u2019en Bosc et la Font de la Pintoresca, grimpe en longeant la Riera de Breda et la Serra de Can Pell\u00f3, et franchit la route GIV-5521 pour atteindre le point le plus haut du circuit. Puis il redescend en longeant la Riera de Repiaix jusqu\u2019aux Basses de l\u2019Huguet, pour revenir \u00e0 Breda.[\/vc_column_text][vc_separator type=\u00a0\u00bbtransparent\u00a0\u00bb up=\u00a0\u00bb30&Prime; down=\u00a0\u00bb0&Prime;][\/vc_column_inner][\/vc_row_inner][\/vc_column][\/vc_row][vc_row css_animation=\u00a0\u00bb\u00a0\u00bb row_type=\u00a0\u00bbrow\u00a0\u00bb use_row_as_full_screen_section=\u00a0\u00bbno\u00a0\u00bb type=\u00a0\u00bbgrid\u00a0\u00bb angled_section=\u00a0\u00bbno\u00a0\u00bb text_align=\u00a0\u00bbleft\u00a0\u00bb background_image_as_pattern=\u00a0\u00bbwithout_pattern\u00a0\u00bb padding_top=\u00a0\u00bb80&Prime; padding_bottom=\u00a0\u00bb0&Prime; anchor=\u00a0\u00bbportfolio\u00a0\u00bb background_color=\u00a0\u00bb#ededed\u00a0\u00bb z_index=\u00a0\u00bb\u00a0\u00bb][vc_column width=\u00a0\u00bb1\/2&Prime;][vc_single_image image=\u00a0\u00bb16838&Prime; img_size=\u00a0\u00bbfull\u00a0\u00bb alignment=\u00a0\u00bbcenter\u00a0\u00bb qode_css_animation=\u00a0\u00bbelement_from_fade\u00a0\u00bb transition_delay=\u00a0\u00bb0.4&Prime;][vc_separator type=\u00a0\u00bbtransparent\u00a0\u00bb up=\u00a0\u00bb40&Prime; down=\u00a0\u00bb0&Prime;][vc_column_text]<\/p>\n<h5>FONT DE LA PINTORESCA<\/h5>\n<p>[\/vc_column_text][vc_separator type=\u00a0\u00bbsmall\u00a0\u00bb position=\u00a0\u00bbleft\u00a0\u00bb][vc_column_text]La Font de la Pintoresca ou Font del Mol\u00ed est tr\u00e8s certainement la pr\u00e9f\u00e9r\u00e9e des habitants de Breda et un lieu de loisir depuis bien longtemps. Situ\u00e9e \u00e0 proximit\u00e9 de la Riera de Breda, la fontaine actuelle date de 1912. Il y avait toutefois une autre source, quelques m\u00e8tres plus haut, qui elle datait de 1884.[\/vc_column_text][vc_separator type=\u00a0\u00bbtransparent\u00a0\u00bb up=\u00a0\u00bb60&Prime; down=\u00a0\u00bb0&Prime;][\/vc_column][vc_column width=\u00a0\u00bb1\/2&Prime;][vc_single_image image=\u00a0\u00bb16839&Prime; img_size=\u00a0\u00bbfull\u00a0\u00bb alignment=\u00a0\u00bbcenter\u00a0\u00bb qode_css_animation=\u00a0\u00bbelement_from_fade\u00a0\u00bb transition_delay=\u00a0\u00bb0.4&Prime;][vc_separator type=\u00a0\u00bbtransparent\u00a0\u00bb up=\u00a0\u00bb40&Prime; down=\u00a0\u00bb0&Prime;][vc_column_text]<\/p>\n<h5>RIERA DE BREDA<\/h5>\n<p>[\/vc_column_text][vc_separator type=\u00a0\u00bbsmall\u00a0\u00bb position=\u00a0\u00bbleft\u00a0\u00bb][vc_column_text]La Riera de Breda est \u00e9galement appel\u00e9e Riera de Riells lorsqu\u2019elle passe par Riells de Montseny. C\u2019est un affluent de la rivi\u00e8re Tordera qui prend sa source dans le Montseny et d\u00e9limite la commune de Breda \u00e0 l\u2019ouest. Elle se caract\u00e9rise par une v\u00e9g\u00e9tation compos\u00e9e d\u2019arbres et d&rsquo;arbustes de bords de rivi\u00e8res, tels que des aulnes et des saules.[\/vc_column_text][vc_separator type=\u00a0\u00bbtransparent\u00a0\u00bb up=\u00a0\u00bb60&Prime; down=\u00a0\u00bb0&Prime;][\/vc_column][\/vc_row][vc_row css_animation=\u00a0\u00bb\u00a0\u00bb row_type=\u00a0\u00bbrow\u00a0\u00bb use_row_as_full_screen_section=\u00a0\u00bbno\u00a0\u00bb type=\u00a0\u00bbgrid\u00a0\u00bb angled_section=\u00a0\u00bbno\u00a0\u00bb text_align=\u00a0\u00bbleft\u00a0\u00bb background_image_as_pattern=\u00a0\u00bbwithout_pattern\u00a0\u00bb padding_top=\u00a0\u00bb40&Prime; padding_bottom=\u00a0\u00bb0&Prime; anchor=\u00a0\u00bbportfolio\u00a0\u00bb background_color=\u00a0\u00bb#ededed\u00a0\u00bb z_index=\u00a0\u00bb\u00a0\u00bb][vc_column][\/vc_column][\/vc_row]<\/p>\n","protected":false},"excerpt":{"rendered":"<p>[vc_row css_animation=\u00a0\u00bb\u00a0\u00bb row_type=\u00a0\u00bbrow\u00a0\u00bb use_row_as_full_screen_section=\u00a0\u00bbno\u00a0\u00bb type=\u00a0\u00bbgrid\u00a0\u00bb angled_section=\u00a0\u00bbno\u00a0\u00bb text_align=\u00a0\u00bbleft\u00a0\u00bb background_image_as_pattern=\u00a0\u00bbwithout_pattern\u00a0\u00bb padding_top=\u00a0\u00bb80&Prime; padding_bottom=\u00a0\u00bb0&Prime; anchor=\u00a0\u00bbportfolio\u00a0\u00bb background_color=\u00a0\u00bb#ffffff\u00a0\u00bb][vc_column][vc_row_inner row_type=\u00a0\u00bbrow\u00a0\u00bb type=\u00a0\u00bbfull_width\u00a0\u00bb text_align=\u00a0\u00bbleft\u00a0\u00bb css_animation=\u00a0\u00bb\u00a0\u00bb][vc_column_inner][vc_column_text] [\/vc_column_text][vc_separator type=\u00a0\u00bbtransparent\u00a0\u00bb up=\u00a0\u00bb15&Prime; down=\u00a0\u00bb0&Prime;][vc_column_text] CIRCUIT DE LA FONT DE LA PINTORESCA [\/vc_column_text][vc_separator type=\u00a0\u00bbsmall\u00a0\u00bb position=\u00a0\u00bbcenter\u00a0\u00bb down=\u00a0\u00bb40&Prime;][vc_single_image image=\u00a0\u00bb16803&Prime; img_size=\u00a0\u00bbfull\u00a0\u00bb alignment=\u00a0\u00bbcenter\u00a0\u00bb qode_css_animation=\u00a0\u00bbelement_from_fade\u00a0\u00bb transition_delay=\u00a0\u00bb0.2&Prime;][vc_separator type=\u00a0\u00bbtransparent\u00a0\u00bb up=\u00a0\u00bb30&Prime; down=\u00a0\u00bb0&Prime;][vc_column_text] VISUALISEZ SUR LE PLAN LE PARCOUS&#8230;<\/p>\n","protected":false},"author":2,"featured_media":0,"parent":16981,"menu_order":0,"comment_status":"open","ping_status":"closed","template":"full_width.php","meta":[],"_links":{"self":[{"href":"https:\/\/turismebreda.cat\/fr\/wp-json\/wp\/v2\/pages\/17042"}],"collection":[{"href":"https:\/\/turismebreda.cat\/fr\/wp-json\/wp\/v2\/pages"}],"about":[{"href":"https:\/\/turismebreda.cat\/fr\/wp-json\/wp\/v2\/types\/page"}],"author":[{"embeddable":true,"href":"https:\/\/turismebreda.cat\/fr\/wp-json\/wp\/v2\/users\/2"}],"replies":[{"embeddable":true,"href":"https:\/\/turismebreda.cat\/fr\/wp-json\/wp\/v2\/comments?post=17042"}],"version-history":[{"count":5,"href":"https:\/\/turismebreda.cat\/fr\/wp-json\/wp\/v2\/pages\/17042\/revisions"}],"predecessor-version":[{"id":17704,"href":"https:\/\/turismebreda.cat\/fr\/wp-json\/wp\/v2\/pages\/17042\/revisions\/17704"}],"up":[{"embeddable":true,"href":"https:\/\/turismebreda.cat\/fr\/wp-json\/wp\/v2\/pages\/16981"}],"wp:attachment":[{"href":"https:\/\/turismebreda.cat\/fr\/wp-json\/wp\/v2\/media?parent=17042"}],"curies":[{"name":"wp","href":"https:\/\/api.w.org\/{rel}","templated":true}]}}