{"id":17037,"date":"2019-10-02T12:46:38","date_gmt":"2019-10-02T10:46:38","guid":{"rendered":"http:\/\/turismebreda.cat\/rutes\/ruta-4\/"},"modified":"2021-02-01T14:04:05","modified_gmt":"2021-02-01T13:04:05","slug":"ruta-4","status":"publish","type":"page","link":"https:\/\/turismebreda.cat\/fr\/circuits\/ruta-4\/","title":{"rendered":"RUTA 4"},"content":{"rendered":"<p>[vc_row css_animation=\u00a0\u00bb\u00a0\u00bb row_type=\u00a0\u00bbrow\u00a0\u00bb use_row_as_full_screen_section=\u00a0\u00bbno\u00a0\u00bb type=\u00a0\u00bbgrid\u00a0\u00bb angled_section=\u00a0\u00bbno\u00a0\u00bb text_align=\u00a0\u00bbleft\u00a0\u00bb background_image_as_pattern=\u00a0\u00bbwithout_pattern\u00a0\u00bb padding_top=\u00a0\u00bb80&Prime; padding_bottom=\u00a0\u00bb0&Prime; anchor=\u00a0\u00bbportfolio\u00a0\u00bb background_color=\u00a0\u00bb#ffffff\u00a0\u00bb][vc_column][vc_row_inner row_type=\u00a0\u00bbrow\u00a0\u00bb type=\u00a0\u00bbfull_width\u00a0\u00bb text_align=\u00a0\u00bbleft\u00a0\u00bb css_animation=\u00a0\u00bb\u00a0\u00bb][vc_column_inner][vc_column_text]<\/p>\n<h2 style=\"text-align: center;\"><img loading=\"lazy\" class=\"alignnone wp-image-16447 size-full\" src=\"http:\/\/turismebreda.cat\/wp-content\/uploads\/2019\/08\/4.png\" alt=\"\" width=\"40\" height=\"40\" \/><\/h2>\n<p>[\/vc_column_text][vc_separator type=\u00a0\u00bbtransparent\u00a0\u00bb up=\u00a0\u00bb15&Prime; down=\u00a0\u00bb0&Prime;][vc_column_text]<\/p>\n<h2 style=\"text-align: center;\">CIRCUIT DU CH\u00c2TEAU DE MONTSORIU<\/h2>\n<p>[\/vc_column_text][vc_separator type=\u00a0\u00bbsmall\u00a0\u00bb position=\u00a0\u00bbcenter\u00a0\u00bb down=\u00a0\u00bb40&Prime;][vc_single_image image=\u00a0\u00bb16804&Prime; img_size=\u00a0\u00bbfull\u00a0\u00bb alignment=\u00a0\u00bbcenter\u00a0\u00bb qode_css_animation=\u00a0\u00bbelement_from_fade\u00a0\u00bb transition_delay=\u00a0\u00bb0.2&Prime;][vc_separator type=\u00a0\u00bbtransparent\u00a0\u00bb up=\u00a0\u00bb30&Prime; down=\u00a0\u00bb0&Prime;][vc_column_text]<\/p>\n<p style=\"text-align: center;\"><a href=\"http:\/\/turismebreda.cat\/wp-content\/uploads\/2021\/02\/mapa-rutes-breda.jpg\" target=\"_blank\" rel=\"noopener noreferrer\">VISUALISEZ SUR LE PLAN LE PARCOUS DU CIRCUIT<\/a><\/p>\n<p>[\/vc_column_text][vc_separator type=\u00a0\u00bbtransparent\u00a0\u00bb up=\u00a0\u00bb30&Prime; down=\u00a0\u00bb0&Prime;][\/vc_column_inner][\/vc_row_inner][vc_row_inner row_type=\u00a0\u00bbrow\u00a0\u00bb type=\u00a0\u00bbfull_width\u00a0\u00bb text_align=\u00a0\u00bbleft\u00a0\u00bb css_animation=\u00a0\u00bb\u00a0\u00bb padding_top=\u00a0\u00bb30&Prime; padding_bottom=\u00a0\u00bb30&Prime;][vc_column_inner width=\u00a0\u00bb1\/2&Prime;][vc_column_text]<\/p>\n<h5><strong>Comment se rendre au point de d\u00e9part<\/strong><\/h5>\n<p>Nous empruntons la route GI-552 jusqu\u2019au km\u00a05, sur le versant nord de Breda. C&rsquo;est l\u00e0 que le circuit d\u00e9marre, \u00e0 c\u00f4t\u00e9 d\u2019une aire de jeux \u00e0 l\u2019entr\u00e9e du parc de la rue du Dr. Simon.<\/p>\n<p>&nbsp;<\/p>\n<h5><strong>Int\u00e9r\u00eat du circuit<\/strong><\/h5>\n<p>Cet itin\u00e9raire nous permet de grimper jusqu\u2019au ch\u00e2teau gothique le plus embl\u00e9matique de la Catalogne: le ch\u00e2teau de Montsoriu. Consid\u00e9r\u00e9 comme l\u2019une des grandes forteresses de la M\u00e9diterran\u00e9e, Montsoriu servit de r\u00e9sidence aux vicomtes de Cabrera. Situ\u00e9 \u00e0 632\u00a0m d\u2019altitude, il offre un magnifique panorama sur la d\u00e9pression littorale.[\/vc_column_text][vc_separator type=\u00a0\u00bbtransparent\u00a0\u00bb up=\u00a0\u00bb30&Prime; down=\u00a0\u00bb0&Prime;][\/vc_column_inner][vc_column_inner width=\u00a0\u00bb1\/2&Prime;][vc_column_text]<\/p>\n<h5>Description<\/h5>\n<p>Parcours lin\u00e9aire et direct qui, sans \u00eatre difficile, demande un certain effort pour venir \u00e0 bout de l\u2019important d\u00e9nivel\u00e9 cumul\u00e9. Le circuit d\u00e9marre direction nord, vers Can Valent jusqu\u2019\u00e0 franchir le Pont del Mut et la Riera de Repiaix. Nous longeons la Riera jusqu\u2019au Coll de n\u2019Orri. De l\u00e0, nous empruntons un autre chemin que celui menant au ch\u00e2teau de Montsoriu. Ce chemin rejoint directement le ch\u00e2teau en question en passant par le Pla de Talavera.[\/vc_column_text][vc_separator type=\u00a0\u00bbtransparent\u00a0\u00bb up=\u00a0\u00bb30&Prime; down=\u00a0\u00bb0&Prime;][\/vc_column_inner][\/vc_row_inner][\/vc_column][\/vc_row][vc_row css_animation=\u00a0\u00bb\u00a0\u00bb row_type=\u00a0\u00bbrow\u00a0\u00bb use_row_as_full_screen_section=\u00a0\u00bbno\u00a0\u00bb type=\u00a0\u00bbgrid\u00a0\u00bb angled_section=\u00a0\u00bbno\u00a0\u00bb text_align=\u00a0\u00bbleft\u00a0\u00bb background_image_as_pattern=\u00a0\u00bbwithout_pattern\u00a0\u00bb padding_top=\u00a0\u00bb80&Prime; padding_bottom=\u00a0\u00bb0&Prime; anchor=\u00a0\u00bbportfolio\u00a0\u00bb background_color=\u00a0\u00bb#ededed\u00a0\u00bb z_index=\u00a0\u00bb\u00a0\u00bb][vc_column][vc_row_inner row_type=\u00a0\u00bbrow\u00a0\u00bb type=\u00a0\u00bbfull_width\u00a0\u00bb text_align=\u00a0\u00bbleft\u00a0\u00bb css_animation=\u00a0\u00bb\u00a0\u00bb][vc_column_inner width=\u00a0\u00bb1\/2&Prime;][vc_single_image image=\u00a0\u00bb16837&Prime; img_size=\u00a0\u00bbfull\u00a0\u00bb alignment=\u00a0\u00bbcenter\u00a0\u00bb qode_css_animation=\u00a0\u00bbelement_from_fade\u00a0\u00bb transition_delay=\u00a0\u00bb0.4&Prime;][vc_separator type=\u00a0\u00bbtransparent\u00a0\u00bb up=\u00a0\u00bb60&Prime; down=\u00a0\u00bb0&Prime;][\/vc_column_inner][vc_column_inner width=\u00a0\u00bb1\/2&Prime;][vc_column_text]<\/p>\n<h5>CH\u00c2TEAU DE MONTSORIU<\/h5>\n<p>[\/vc_column_text][vc_separator type=\u00a0\u00bbsmall\u00a0\u00bb position=\u00a0\u00bbleft\u00a0\u00bb][vc_column_text]Le ch\u00e2teau de Montsoriu se situe \u00e0 cheval entre les limites territoriales d\u2019Arb\u00facies et de Sant Feliu de Buixalleu, mais la commune la plus proche est celle de Breda. Son emplacement \u00e9tait d\u00e9j\u00e0 occup\u00e9 \u00e0 l\u2019\u00e9poque des Ib\u00e8res et, suite \u00e0 certaines d\u00e9couvertes arch\u00e9ologiques, on pense qu\u2019il pourrait m\u00eame remonter au n\u00e9olithique.<br \/>\nLa pr\u00e9sence d\u2019une enceinte m\u00e9di\u00e9vale est attest\u00e9e d\u00e8s les premi\u00e8res d\u00e9cennies du XI<sup>e<\/sup>\u00a0s. Durant les XI<sup>e<\/sup>\u00a0et XII<sup>e<\/sup>\u00a0s., le ch\u00e2teau deviendra la r\u00e9sidence des vicomtes de G\u00e9rone, qui s\u2019uniront un peu plus tard au lignage des Cabrera. Ermessenda de Montsoriu \u00e9pousa Guerau de Cabrera en 1033. Ces derniers fond\u00e8rent le monast\u00e8re b\u00e9n\u00e9dictin Sant Salvador de Breda.<br \/>\nAu cours du XIV<sup>e<\/sup>\u00a0s., le ch\u00e2teau deviendra le palais r\u00e9sidentiel gothique des vicomtes de Cabrera, l\u2019une des principales familles nobles de Catalogne. Le vicomte Bernat II sera amiral de la flotte catalane et capitaine g\u00e9n\u00e9ral de l&rsquo;arm\u00e9e. Ce palais-forteresse que nous pouvons encore appr\u00e9cier aujourd\u2019hui est l\u2019un des ch\u00e2teaux gothiques les mieux conserv\u00e9s de la Catalogne.[\/vc_column_text][vc_separator type=\u00a0\u00bbtransparent\u00a0\u00bb up=\u00a0\u00bb60&Prime; down=\u00a0\u00bb0&Prime;][\/vc_column_inner][\/vc_row_inner][\/vc_column][\/vc_row][vc_row css_animation=\u00a0\u00bb\u00a0\u00bb row_type=\u00a0\u00bbrow\u00a0\u00bb use_row_as_full_screen_section=\u00a0\u00bbno\u00a0\u00bb type=\u00a0\u00bbgrid\u00a0\u00bb angled_section=\u00a0\u00bbno\u00a0\u00bb text_align=\u00a0\u00bbleft\u00a0\u00bb background_image_as_pattern=\u00a0\u00bbwithout_pattern\u00a0\u00bb padding_top=\u00a0\u00bb40&Prime; padding_bottom=\u00a0\u00bb0&Prime; anchor=\u00a0\u00bbportfolio\u00a0\u00bb background_color=\u00a0\u00bb#ededed\u00a0\u00bb z_index=\u00a0\u00bb\u00a0\u00bb][vc_column][\/vc_column][\/vc_row]<\/p>\n","protected":false},"excerpt":{"rendered":"<p>[vc_row css_animation=\u00a0\u00bb\u00a0\u00bb row_type=\u00a0\u00bbrow\u00a0\u00bb use_row_as_full_screen_section=\u00a0\u00bbno\u00a0\u00bb type=\u00a0\u00bbgrid\u00a0\u00bb angled_section=\u00a0\u00bbno\u00a0\u00bb text_align=\u00a0\u00bbleft\u00a0\u00bb background_image_as_pattern=\u00a0\u00bbwithout_pattern\u00a0\u00bb padding_top=\u00a0\u00bb80&Prime; padding_bottom=\u00a0\u00bb0&Prime; anchor=\u00a0\u00bbportfolio\u00a0\u00bb background_color=\u00a0\u00bb#ffffff\u00a0\u00bb][vc_column][vc_row_inner row_type=\u00a0\u00bbrow\u00a0\u00bb type=\u00a0\u00bbfull_width\u00a0\u00bb text_align=\u00a0\u00bbleft\u00a0\u00bb css_animation=\u00a0\u00bb\u00a0\u00bb][vc_column_inner][vc_column_text] [\/vc_column_text][vc_separator type=\u00a0\u00bbtransparent\u00a0\u00bb up=\u00a0\u00bb15&Prime; down=\u00a0\u00bb0&Prime;][vc_column_text] CIRCUIT DU CH\u00c2TEAU DE MONTSORIU [\/vc_column_text][vc_separator type=\u00a0\u00bbsmall\u00a0\u00bb position=\u00a0\u00bbcenter\u00a0\u00bb down=\u00a0\u00bb40&Prime;][vc_single_image image=\u00a0\u00bb16804&Prime; img_size=\u00a0\u00bbfull\u00a0\u00bb alignment=\u00a0\u00bbcenter\u00a0\u00bb qode_css_animation=\u00a0\u00bbelement_from_fade\u00a0\u00bb transition_delay=\u00a0\u00bb0.2&Prime;][vc_separator type=\u00a0\u00bbtransparent\u00a0\u00bb up=\u00a0\u00bb30&Prime; down=\u00a0\u00bb0&Prime;][vc_column_text] VISUALISEZ SUR LE PLAN LE PARCOUS DU CIRCUIT&#8230;<\/p>\n","protected":false},"author":2,"featured_media":0,"parent":16981,"menu_order":0,"comment_status":"open","ping_status":"closed","template":"full_width.php","meta":[],"_links":{"self":[{"href":"https:\/\/turismebreda.cat\/fr\/wp-json\/wp\/v2\/pages\/17037"}],"collection":[{"href":"https:\/\/turismebreda.cat\/fr\/wp-json\/wp\/v2\/pages"}],"about":[{"href":"https:\/\/turismebreda.cat\/fr\/wp-json\/wp\/v2\/types\/page"}],"author":[{"embeddable":true,"href":"https:\/\/turismebreda.cat\/fr\/wp-json\/wp\/v2\/users\/2"}],"replies":[{"embeddable":true,"href":"https:\/\/turismebreda.cat\/fr\/wp-json\/wp\/v2\/comments?post=17037"}],"version-history":[{"count":6,"href":"https:\/\/turismebreda.cat\/fr\/wp-json\/wp\/v2\/pages\/17037\/revisions"}],"predecessor-version":[{"id":17702,"href":"https:\/\/turismebreda.cat\/fr\/wp-json\/wp\/v2\/pages\/17037\/revisions\/17702"}],"up":[{"embeddable":true,"href":"https:\/\/turismebreda.cat\/fr\/wp-json\/wp\/v2\/pages\/16981"}],"wp:attachment":[{"href":"https:\/\/turismebreda.cat\/fr\/wp-json\/wp\/v2\/media?parent=17037"}],"curies":[{"name":"wp","href":"https:\/\/api.w.org\/{rel}","templated":true}]}}