{"id":17025,"date":"2019-10-01T15:36:05","date_gmt":"2019-10-01T13:36:05","guid":{"rendered":"http:\/\/turismebreda.cat\/rutes\/ruta-2\/"},"modified":"2021-02-01T14:01:20","modified_gmt":"2021-02-01T13:01:20","slug":"ruta-2","status":"publish","type":"page","link":"https:\/\/turismebreda.cat\/fr\/circuits\/ruta-2\/","title":{"rendered":"RUTA 2"},"content":{"rendered":"<p>[vc_row css_animation=\u00a0\u00bb\u00a0\u00bb row_type=\u00a0\u00bbrow\u00a0\u00bb use_row_as_full_screen_section=\u00a0\u00bbno\u00a0\u00bb type=\u00a0\u00bbgrid\u00a0\u00bb angled_section=\u00a0\u00bbno\u00a0\u00bb text_align=\u00a0\u00bbleft\u00a0\u00bb background_image_as_pattern=\u00a0\u00bbwithout_pattern\u00a0\u00bb padding_top=\u00a0\u00bb80&Prime; padding_bottom=\u00a0\u00bb0&Prime; anchor=\u00a0\u00bbportfolio\u00a0\u00bb background_color=\u00a0\u00bb#ffffff\u00a0\u00bb][vc_column][vc_row_inner row_type=\u00a0\u00bbrow\u00a0\u00bb type=\u00a0\u00bbfull_width\u00a0\u00bb text_align=\u00a0\u00bbleft\u00a0\u00bb css_animation=\u00a0\u00bb\u00a0\u00bb][vc_column_inner][vc_column_text]<\/p>\n<h2 style=\"text-align: center;\"><img loading=\"lazy\" class=\"alignnone wp-image-16445 size-full\" src=\"http:\/\/turismebreda.cat\/wp-content\/uploads\/2019\/08\/2.png\" alt=\"\" width=\"40\" height=\"40\" \/><\/h2>\n<p>[\/vc_column_text][vc_separator type=\u00a0\u00bbtransparent\u00a0\u00bb up=\u00a0\u00bb15&Prime; down=\u00a0\u00bb0&Prime;][vc_column_text]<\/p>\n<h2 style=\"text-align: center;\">CIRCUIT DES FONTAINES<\/h2>\n<p>[\/vc_column_text][vc_separator type=\u00a0\u00bbsmall\u00a0\u00bb position=\u00a0\u00bbcenter\u00a0\u00bb down=\u00a0\u00bb40&Prime;][vc_single_image image=\u00a0\u00bb16806&Prime; img_size=\u00a0\u00bbfull\u00a0\u00bb alignment=\u00a0\u00bbcenter\u00a0\u00bb qode_css_animation=\u00a0\u00bbelement_from_fade\u00a0\u00bb transition_delay=\u00a0\u00bb0.2&Prime;][vc_separator type=\u00a0\u00bbtransparent\u00a0\u00bb up=\u00a0\u00bb30&Prime; down=\u00a0\u00bb0&Prime;][vc_column_text]<\/p>\n<p style=\"text-align: center;\"><a href=\"http:\/\/turismebreda.cat\/wp-content\/uploads\/2021\/02\/mapa-rutes-breda.jpg\" target=\"_blank\" rel=\"noopener noreferrer\">VISUALISEZ SUR LE PLAN LE PARCOURS DU CIRCUIT<\/a><\/p>\n<p>[\/vc_column_text][vc_separator type=\u00a0\u00bbtransparent\u00a0\u00bb up=\u00a0\u00bb30&Prime; down=\u00a0\u00bb0&Prime;][\/vc_column_inner][\/vc_row_inner][vc_row_inner row_type=\u00a0\u00bbrow\u00a0\u00bb type=\u00a0\u00bbfull_width\u00a0\u00bb text_align=\u00a0\u00bbleft\u00a0\u00bb css_animation=\u00a0\u00bb\u00a0\u00bb padding_top=\u00a0\u00bb30&Prime; padding_bottom=\u00a0\u00bb30&Prime;][vc_column_inner width=\u00a0\u00bb1\/2&Prime;][vc_column_text]<\/p>\n<h5><strong>Comment se rendre au point de d\u00e9part<\/strong><\/h5>\n<p>La route d\u2019Arb\u00facies GI-552 m\u00e8ne \u00e0 la commune de Breda (km 4-5). Le circuit d\u00e9marre sur la pla\u00e7a del Convent, en plein centre, l\u00e0 o\u00f9 se trouvent l\u2019h\u00f4tel de ville et l\u2019\u00e9glise.<\/p>\n<p>&nbsp;<\/p>\n<h5><strong>Int\u00e9r\u00eat du circuit<\/strong><\/h5>\n<p>Cette balade est id\u00e9ale \u00e0 faire en \u00e9t\u00e9 puisqu\u2019elle parcourt les fontaines les plus embl\u00e9matiques de la commune ainsi que trois cours d&rsquo;eau. Il faut faire attention \u00e0 certains endroits notamment lorsque le circuit franchit la route, m\u00eame si le parcours emprunte en grande partie des sentiers et longe les cours d&rsquo;eau.[\/vc_column_text][vc_separator type=\u00a0\u00bbtransparent\u00a0\u00bb up=\u00a0\u00bb30&Prime; down=\u00a0\u00bb0&Prime;][\/vc_column_inner][vc_column_inner width=\u00a0\u00bb1\/2&Prime;][vc_column_text]<\/p>\n<h5>Description<\/h5>\n<p>Boucle sans grande difficult\u00e9 qui fait le tour de la commune de Breda. Au d\u00e9part du centre-ville, nous prenons la direction nord-est \u00e0 travers le Barri de la Cooperativa. Nous commen\u00e7ons par longer la Riera del Repiaix et la route GI-552 en passant par la Font d\u2019en Ratica. Nous poursuivons jusqu\u2019au Pont del Mut et la Font Nova, puis passons devant une s\u00e9rie de fermes jusqu\u2019\u00e0 franchir une nouvelle fois la GI-552 en direction de la Font de la Pintoresca. De l\u00e0, nous revenons vers le point de d\u00e9part en suivant un chemin longeant la Riera de Breda.[\/vc_column_text][vc_separator type=\u00a0\u00bbtransparent\u00a0\u00bb up=\u00a0\u00bb30&Prime; down=\u00a0\u00bb0&Prime;][\/vc_column_inner][\/vc_row_inner][\/vc_column][\/vc_row][vc_row css_animation=\u00a0\u00bb\u00a0\u00bb row_type=\u00a0\u00bbrow\u00a0\u00bb use_row_as_full_screen_section=\u00a0\u00bbno\u00a0\u00bb type=\u00a0\u00bbgrid\u00a0\u00bb angled_section=\u00a0\u00bbno\u00a0\u00bb text_align=\u00a0\u00bbleft\u00a0\u00bb background_image_as_pattern=\u00a0\u00bbwithout_pattern\u00a0\u00bb padding_top=\u00a0\u00bb80&Prime; padding_bottom=\u00a0\u00bb0&Prime; anchor=\u00a0\u00bbportfolio\u00a0\u00bb background_color=\u00a0\u00bb#ededed\u00a0\u00bb z_index=\u00a0\u00bb\u00a0\u00bb][vc_column width=\u00a0\u00bb1\/2&Prime;][vc_single_image image=\u00a0\u00bb16833&Prime; img_size=\u00a0\u00bbfull\u00a0\u00bb alignment=\u00a0\u00bbcenter\u00a0\u00bb qode_css_animation=\u00a0\u00bbelement_from_fade\u00a0\u00bb transition_delay=\u00a0\u00bb0.4&Prime;][vc_separator type=\u00a0\u00bbtransparent\u00a0\u00bb up=\u00a0\u00bb40&Prime; down=\u00a0\u00bb0&Prime;][vc_column_text]<\/p>\n<h5>FONT D&rsquo;EN RATICA<\/h5>\n<p>[\/vc_column_text][vc_separator type=\u00a0\u00bbsmall\u00a0\u00bb position=\u00a0\u00bbleft\u00a0\u00bb][vc_column_text]La Font d&rsquo;en Ratica est l\u2019une des fontaines les plus fr\u00e9quent\u00e9es, avec celle de la Pintoresca, pour son acc\u00e8s facile et son haut d\u00e9bit. Elle est devenue c\u00e9l\u00e8bre dans toute la Catalogne apr\u00e8s quelques apparitions dans la s\u00e9rie de la cha\u00eene de TV3, Ventdelpl\u00e0, tourn\u00e9e \u00e0 Breda entre 2005 et 2010. L\u2019un des personnages de la s\u00e9rie, Biel, aimait venir s\u2019y reposer \u00e0 l\u2019ombre de \u00ab\u00a0l\u2019arbre magique\u00a0\u00bb.[\/vc_column_text][vc_separator type=\u00a0\u00bbtransparent\u00a0\u00bb up=\u00a0\u00bb60&Prime; down=\u00a0\u00bb0&Prime;][\/vc_column][vc_column width=\u00a0\u00bb1\/2&Prime;][vc_single_image image=\u00a0\u00bb16834&Prime; img_size=\u00a0\u00bbfull\u00a0\u00bb alignment=\u00a0\u00bbcenter\u00a0\u00bb qode_css_animation=\u00a0\u00bbelement_from_fade\u00a0\u00bb transition_delay=\u00a0\u00bb0.4&Prime;][vc_separator type=\u00a0\u00bbtransparent\u00a0\u00bb up=\u00a0\u00bb40&Prime; down=\u00a0\u00bb0&Prime;][vc_column_text]<\/p>\n<h5>FONT DE SALVADOR OU FONT NOVA<\/h5>\n<p>[\/vc_column_text][vc_separator type=\u00a0\u00bbsmall\u00a0\u00bb position=\u00a0\u00bbleft\u00a0\u00bb][vc_column_text]La Font de Salvador est aussi connue sous le nom de Font Nova car elle fut la derni\u00e8re des fontaines naturelles de Breda \u00e0 \u00eatre d\u00e9couvertes. Elle date de 1946 et fut plac\u00e9e sous le patronage du monast\u00e8re de Breda\u00a0: Sant Salvador.[\/vc_column_text][vc_separator type=\u00a0\u00bbtransparent\u00a0\u00bb up=\u00a0\u00bb60&Prime; down=\u00a0\u00bb0&Prime;][\/vc_column][\/vc_row][vc_row css_animation=\u00a0\u00bb\u00a0\u00bb row_type=\u00a0\u00bbrow\u00a0\u00bb use_row_as_full_screen_section=\u00a0\u00bbno\u00a0\u00bb type=\u00a0\u00bbgrid\u00a0\u00bb angled_section=\u00a0\u00bbno\u00a0\u00bb text_align=\u00a0\u00bbleft\u00a0\u00bb background_image_as_pattern=\u00a0\u00bbwithout_pattern\u00a0\u00bb padding_top=\u00a0\u00bb40&Prime; padding_bottom=\u00a0\u00bb0&Prime; anchor=\u00a0\u00bbportfolio\u00a0\u00bb background_color=\u00a0\u00bb#ededed\u00a0\u00bb z_index=\u00a0\u00bb\u00a0\u00bb][vc_column][\/vc_column][\/vc_row]<\/p>\n","protected":false},"excerpt":{"rendered":"<p>[vc_row css_animation=\u00a0\u00bb\u00a0\u00bb row_type=\u00a0\u00bbrow\u00a0\u00bb use_row_as_full_screen_section=\u00a0\u00bbno\u00a0\u00bb type=\u00a0\u00bbgrid\u00a0\u00bb angled_section=\u00a0\u00bbno\u00a0\u00bb text_align=\u00a0\u00bbleft\u00a0\u00bb background_image_as_pattern=\u00a0\u00bbwithout_pattern\u00a0\u00bb padding_top=\u00a0\u00bb80&Prime; padding_bottom=\u00a0\u00bb0&Prime; anchor=\u00a0\u00bbportfolio\u00a0\u00bb background_color=\u00a0\u00bb#ffffff\u00a0\u00bb][vc_column][vc_row_inner row_type=\u00a0\u00bbrow\u00a0\u00bb type=\u00a0\u00bbfull_width\u00a0\u00bb text_align=\u00a0\u00bbleft\u00a0\u00bb css_animation=\u00a0\u00bb\u00a0\u00bb][vc_column_inner][vc_column_text] [\/vc_column_text][vc_separator type=\u00a0\u00bbtransparent\u00a0\u00bb up=\u00a0\u00bb15&Prime; down=\u00a0\u00bb0&Prime;][vc_column_text] CIRCUIT DES FONTAINES [\/vc_column_text][vc_separator type=\u00a0\u00bbsmall\u00a0\u00bb position=\u00a0\u00bbcenter\u00a0\u00bb down=\u00a0\u00bb40&Prime;][vc_single_image image=\u00a0\u00bb16806&Prime; img_size=\u00a0\u00bbfull\u00a0\u00bb alignment=\u00a0\u00bbcenter\u00a0\u00bb qode_css_animation=\u00a0\u00bbelement_from_fade\u00a0\u00bb transition_delay=\u00a0\u00bb0.2&Prime;][vc_separator type=\u00a0\u00bbtransparent\u00a0\u00bb up=\u00a0\u00bb30&Prime; down=\u00a0\u00bb0&Prime;][vc_column_text] VISUALISEZ SUR LE PLAN LE PARCOURS DU CIRCUIT [\/vc_column_text][vc_separator type=\u00a0\u00bbtransparent\u00a0\u00bb&#8230;<\/p>\n","protected":false},"author":2,"featured_media":0,"parent":16981,"menu_order":0,"comment_status":"open","ping_status":"closed","template":"full_width.php","meta":[],"_links":{"self":[{"href":"https:\/\/turismebreda.cat\/fr\/wp-json\/wp\/v2\/pages\/17025"}],"collection":[{"href":"https:\/\/turismebreda.cat\/fr\/wp-json\/wp\/v2\/pages"}],"about":[{"href":"https:\/\/turismebreda.cat\/fr\/wp-json\/wp\/v2\/types\/page"}],"author":[{"embeddable":true,"href":"https:\/\/turismebreda.cat\/fr\/wp-json\/wp\/v2\/users\/2"}],"replies":[{"embeddable":true,"href":"https:\/\/turismebreda.cat\/fr\/wp-json\/wp\/v2\/comments?post=17025"}],"version-history":[{"count":4,"href":"https:\/\/turismebreda.cat\/fr\/wp-json\/wp\/v2\/pages\/17025\/revisions"}],"predecessor-version":[{"id":17700,"href":"https:\/\/turismebreda.cat\/fr\/wp-json\/wp\/v2\/pages\/17025\/revisions\/17700"}],"up":[{"embeddable":true,"href":"https:\/\/turismebreda.cat\/fr\/wp-json\/wp\/v2\/pages\/16981"}],"wp:attachment":[{"href":"https:\/\/turismebreda.cat\/fr\/wp-json\/wp\/v2\/media?parent=17025"}],"curies":[{"name":"wp","href":"https:\/\/api.w.org\/{rel}","templated":true}]}}