{"id":16981,"date":"2019-08-22T09:31:48","date_gmt":"2019-08-22T07:31:48","guid":{"rendered":"http:\/\/turismebreda.cat\/rutes\/"},"modified":"2021-02-01T14:23:39","modified_gmt":"2021-02-01T13:23:39","slug":"circuits","status":"publish","type":"page","link":"https:\/\/turismebreda.cat\/fr\/circuits\/","title":{"rendered":"CIRCUITS"},"content":{"rendered":"<p>[vc_row css_animation=\u00a0\u00bb\u00a0\u00bb row_type=\u00a0\u00bbrow\u00a0\u00bb use_row_as_full_screen_section=\u00a0\u00bbno\u00a0\u00bb type=\u00a0\u00bbgrid\u00a0\u00bb angled_section=\u00a0\u00bbno\u00a0\u00bb text_align=\u00a0\u00bbleft\u00a0\u00bb background_image_as_pattern=\u00a0\u00bbwithout_pattern\u00a0\u00bb padding_top=\u00a0\u00bb80&Prime; padding_bottom=\u00a0\u00bb0&Prime; anchor=\u00a0\u00bbportfolio\u00a0\u00bb background_color=\u00a0\u00bb#ffffff\u00a0\u00bb][vc_column][vc_row_inner row_type=\u00a0\u00bbrow\u00a0\u00bb type=\u00a0\u00bbfull_width\u00a0\u00bb text_align=\u00a0\u00bbleft\u00a0\u00bb css_animation=\u00a0\u00bb\u00a0\u00bb][vc_column_inner width=\u00a0\u00bb1\/2&Prime;][vc_single_image image=\u00a0\u00bb16419&Prime; img_size=\u00a0\u00bbfull\u00a0\u00bb alignment=\u00a0\u00bbcenter\u00a0\u00bb qode_css_animation=\u00a0\u00bbelement_from_fade\u00a0\u00bb transition_delay=\u00a0\u00bb0.2&Prime;][vc_separator type=\u00a0\u00bbtransparent\u00a0\u00bb up=\u00a0\u00bb79&Prime; down=\u00a0\u00bb0&Prime;][\/vc_column_inner][vc_column_inner width=\u00a0\u00bb1\/2&Prime; css=\u00a0\u00bb.vc_custom_1566470685723{padding-bottom: 60px !important;}\u00a0\u00bb][vc_column_text]La commune de Breda, situ\u00e9e dans la sous-comarque du Baix Montseny (comarque de La Selva), est surplomb\u00e9e par le massif du Montseny et le Montnegre.<\/p>\n<p>Elle s\u2019\u00e9tend dans la plaine de Breda, entre les ruisseaux Breda (\u00e0 l&rsquo;ouest) et Repiaix (\u00e0 l&rsquo;est), \u00e0 une altitude de 169\u00a0m au-dessus du niveau de la mer. Elle compte pr\u00e8s de 3\u00a0700\u00a0habitants et a une superficie de 5,02\u00a0km<sup>2<\/sup>.<\/p>\n<p>&nbsp;<\/p>\n<h5><strong>D\u00e9couvrez les circuits suivants pour mieux d\u00e9couvrir notre environnement<\/strong><\/h5>\n<p>[\/vc_column_text][vc_separator type=\u00a0\u00bbtransparent\u00a0\u00bb up=\u00a0\u00bb30&Prime; down=\u00a0\u00bb0&Prime;][vc_column_text]<\/p>\n<div>\n<div>\n<div class=\"columna1\"><img loading=\"lazy\" class=\"alignnone size-full wp-image-16450\" src=\"http:\/\/turismebreda.cat\/wp-content\/uploads\/2019\/08\/7.png\" alt=\"\" width=\"30\" height=\"30\" \/><\/div>\n<div class=\"columna2\"><img loading=\"lazy\" class=\"alignnone size-full wp-image-16450\" src=\"http:\/\/turismebreda.cat\/wp-content\/uploads\/2019\/08\/7.png\" alt=\"\" width=\"30\" height=\"30\" \/><\/div>\n<div class=\"columna3\"><img loading=\"lazy\" class=\"wp-image-16908 size-full aligncenter\" src=\"http:\/\/turismebreda.cat\/wp-content\/uploads\/2019\/10\/distancia-1.jpg\" alt=\"\" width=\"30\" height=\"40\" \/><\/div>\n<div class=\"columna4\"><img loading=\"lazy\" class=\"wp-image-16909 size-full aligncenter\" src=\"http:\/\/turismebreda.cat\/wp-content\/uploads\/2019\/10\/altitud-1.jpg\" alt=\"\" width=\"32\" height=\"40\" \/><\/div>\n<\/div>\n<\/div>\n<p>[\/vc_column_text][vc_column_text]<span style=\"color: #ffffff;\">&#8212;&#8212;&#8212;&#8212;&#8212;&#8212;&#8212;&#8212;&#8212;&#8212;&#8212;&#8211;<\/span>[\/vc_column_text][vc_column_text]<\/p>\n<div>\n<div>\n<div class=\"columna1\"><a href=\"https:\/\/turismebreda.cat\/fr\/circuits\/ruta-1\/\"><img loading=\"lazy\" class=\"alignnone size-full wp-image-16444\" src=\"http:\/\/turismebreda.cat\/wp-content\/uploads\/2019\/08\/1.png\" alt=\"\" width=\"30\" height=\"30\" \/><\/a><\/div>\n<div class=\"columna2\"><a href=\"https:\/\/turismebreda.cat\/fr\/circuits\/ruta-1\/\">Circuit de l&rsquo;ermitage Santa Anna<\/a><\/div>\n<div class=\"columna3\" style=\"text-align: center;\">0,99 km<\/div>\n<div class=\"columna4\" style=\"text-align: center;\">+36 m<\/div>\n<\/div>\n<\/div>\n<div>\n<div>\n<div class=\"columna1\"><img loading=\"lazy\" class=\"alignnone size-full wp-image-16445\" src=\"http:\/\/turismebreda.cat\/wp-content\/uploads\/2019\/08\/2.png\" alt=\"\" width=\"30\" height=\"30\" \/><\/div>\n<div class=\"columna2\"><a href=\"https:\/\/turismebreda.cat\/fr\/circuits\/ruta-2\/\">Circuit des fontanies<\/a><\/div>\n<div class=\"columna3\" style=\"text-align: center;\">5,89 km<\/div>\n<div class=\"columna4\" style=\"text-align: center;\">+138 m<\/div>\n<\/div>\n<\/div>\n<div>\n<div>\n<div class=\"columna1\"><img loading=\"lazy\" class=\"alignnone size-full wp-image-16446\" src=\"http:\/\/turismebreda.cat\/wp-content\/uploads\/2019\/08\/3.png\" alt=\"\" width=\"30\" height=\"30\" \/><\/div>\n<div class=\"columna2\"><a href=\"https:\/\/turismebreda.cat\/fr\/circuits\/ruta-3\/\">Cicuit de l&rsquo;eucaliptus<\/a><\/div>\n<div class=\"columna3\" style=\"text-align: center;\">7,62 km<\/div>\n<div class=\"columna4\" style=\"text-align: center;\">+177 m<\/div>\n<\/div>\n<\/div>\n<div>\n<div>\n<div class=\"columna1\"><img loading=\"lazy\" class=\"alignnone size-full wp-image-16447\" src=\"http:\/\/turismebreda.cat\/wp-content\/uploads\/2019\/08\/4.png\" alt=\"\" width=\"30\" height=\"30\" \/><\/div>\n<div class=\"columna2\"><a href=\"https:\/\/turismebreda.cat\/fr\/circuits\/ruta-4\/\">Circuit du ch\u00e2teau de Montsoriu<\/a><\/div>\n<div class=\"columna3\" style=\"text-align: center;\">7,95 km<\/div>\n<div class=\"columna4\" style=\"text-align: center;\">+473 m<\/div>\n<\/div>\n<\/div>\n<div>\n<div>\n<div class=\"columna1\"><img loading=\"lazy\" class=\"alignnone size-full wp-image-16448\" src=\"http:\/\/turismebreda.cat\/wp-content\/uploads\/2019\/08\/5.png\" alt=\"\" width=\"30\" height=\"30\" \/><\/div>\n<div class=\"columna2\"><a href=\"https:\/\/turismebreda.cat\/fr\/circuits\/ruta-5\/\">Circuit de la Font de la Pintoresca<\/a><\/div>\n<div class=\"columna3\" style=\"text-align: center;\">9,38 km<\/div>\n<div class=\"columna4\" style=\"text-align: center;\">+244 m<\/div>\n<\/div>\n<\/div>\n<div>\n<div>\n<div class=\"columna1\"><img loading=\"lazy\" class=\"alignnone size-full wp-image-16449\" src=\"http:\/\/turismebreda.cat\/wp-content\/uploads\/2019\/08\/6.png\" alt=\"\" width=\"30\" height=\"30\" \/><\/div>\n<div class=\"columna2\"><a href=\"https:\/\/turismebreda.cat\/fr\/circuits\/ruta-6\/\">Circuit des Terreras<\/a><\/div>\n<div class=\"columna3\" style=\"text-align: center;\">11,14 km<\/div>\n<div class=\"columna4\" style=\"text-align: center;\">+239 m<\/div>\n<\/div>\n<\/div>\n<div>\n<div>\n<div class=\"columna1\"><img loading=\"lazy\" class=\"alignnone size-full wp-image-16450\" src=\"http:\/\/turismebreda.cat\/wp-content\/uploads\/2019\/08\/7.png\" alt=\"\" width=\"30\" height=\"30\" \/><\/div>\n<div class=\"columna2\"><a href=\"http:\/\/www.tourdera.cat\/\" target=\"_blank\" rel=\"noopener noreferrer\">Route de la Tordera et du ruisseau Arb\u00facies<\/a><\/div>\n<div class=\"columna3\"><\/div>\n<div class=\"columna4\"><\/div>\n<\/div>\n<\/div>\n<p>[\/vc_column_text][\/vc_column_inner][\/vc_row_inner][\/vc_column][\/vc_row][vc_row css_animation=\u00a0\u00bb\u00a0\u00bb row_type=\u00a0\u00bbrow\u00a0\u00bb use_row_as_full_screen_section=\u00a0\u00bbno\u00a0\u00bb type=\u00a0\u00bbgrid\u00a0\u00bb angled_section=\u00a0\u00bbno\u00a0\u00bb text_align=\u00a0\u00bbleft\u00a0\u00bb background_image_as_pattern=\u00a0\u00bbwithout_pattern\u00a0\u00bb padding_top=\u00a0\u00bb80&Prime; padding_bottom=\u00a0\u00bb0&Prime; anchor=\u00a0\u00bbportfolio\u00a0\u00bb background_color=\u00a0\u00bb#ededed\u00a0\u00bb z_index=\u00a0\u00bb\u00a0\u00bb][vc_column][vc_row_inner row_type=\u00a0\u00bbrow\u00a0\u00bb type=\u00a0\u00bbfull_width\u00a0\u00bb text_align=\u00a0\u00bbleft\u00a0\u00bb css_animation=\u00a0\u00bb\u00a0\u00bb][vc_column_inner width=\u00a0\u00bb1\/2&Prime;][vc_single_image image=\u00a0\u00bb16422&Prime; img_size=\u00a0\u00bbfull\u00a0\u00bb alignment=\u00a0\u00bbcenter\u00a0\u00bb onclick=\u00a0\u00bbcustom_link\u00a0\u00bb img_link_target=\u00a0\u00bb_blank\u00a0\u00bb qode_css_animation=\u00a0\u00bbelement_from_fade\u00a0\u00bb transition_delay=\u00a0\u00bb0.4&Prime; link=\u00a0\u00bbhttp:\/\/turismebreda.cat\/wp-content\/uploads\/2021\/02\/mapa-rutes-breda.jpg\u00a0\u00bb][vc_separator type=\u00a0\u00bbtransparent\u00a0\u00bb up=\u00a0\u00bb79&Prime; down=\u00a0\u00bb0&Prime;][\/vc_column_inner][vc_column_inner width=\u00a0\u00bb1\/2&Prime;][vc_column_text]Faites un zoom sur la carte pour voir l\u2019itin\u00e9raire de chaque circuit.<br \/>\nT\u00e9l\u00e9chargez \u00e9galement le plan du village en <a href=\"http:\/\/turismebreda.cat\/wp-content\/uploads\/2021\/02\/planol-breda.jpg\" target=\"_blank\" rel=\"noopener noreferrer\">cliquant ici<\/a>[\/vc_column_text][vc_separator type=\u00a0\u00bbtransparent\u00a0\u00bb up=\u00a0\u00bb79&Prime; down=\u00a0\u00bb0&Prime;][\/vc_column_inner][\/vc_row_inner][\/vc_column][\/vc_row]<\/p>\n","protected":false},"excerpt":{"rendered":"<p>[vc_row css_animation=\u00a0\u00bb\u00a0\u00bb row_type=\u00a0\u00bbrow\u00a0\u00bb use_row_as_full_screen_section=\u00a0\u00bbno\u00a0\u00bb type=\u00a0\u00bbgrid\u00a0\u00bb angled_section=\u00a0\u00bbno\u00a0\u00bb text_align=\u00a0\u00bbleft\u00a0\u00bb background_image_as_pattern=\u00a0\u00bbwithout_pattern\u00a0\u00bb padding_top=\u00a0\u00bb80&Prime; padding_bottom=\u00a0\u00bb0&Prime; anchor=\u00a0\u00bbportfolio\u00a0\u00bb background_color=\u00a0\u00bb#ffffff\u00a0\u00bb][vc_column][vc_row_inner row_type=\u00a0\u00bbrow\u00a0\u00bb type=\u00a0\u00bbfull_width\u00a0\u00bb text_align=\u00a0\u00bbleft\u00a0\u00bb css_animation=\u00a0\u00bb\u00a0\u00bb][vc_column_inner width=\u00a0\u00bb1\/2&Prime;][vc_single_image image=\u00a0\u00bb16419&Prime; img_size=\u00a0\u00bbfull\u00a0\u00bb alignment=\u00a0\u00bbcenter\u00a0\u00bb qode_css_animation=\u00a0\u00bbelement_from_fade\u00a0\u00bb transition_delay=\u00a0\u00bb0.2&Prime;][vc_separator type=\u00a0\u00bbtransparent\u00a0\u00bb up=\u00a0\u00bb79&Prime; down=\u00a0\u00bb0&Prime;][\/vc_column_inner][vc_column_inner width=\u00a0\u00bb1\/2&Prime; css=\u00a0\u00bb.vc_custom_1566470685723{padding-bottom: 60px !important;}\u00a0\u00bb][vc_column_text]La commune de Breda, situ\u00e9e dans la sous-comarque du Baix Montseny (comarque de La Selva), est surplomb\u00e9e&#8230;<\/p>\n","protected":false},"author":1,"featured_media":0,"parent":0,"menu_order":0,"comment_status":"open","ping_status":"closed","template":"full_width.php","meta":[],"_links":{"self":[{"href":"https:\/\/turismebreda.cat\/fr\/wp-json\/wp\/v2\/pages\/16981"}],"collection":[{"href":"https:\/\/turismebreda.cat\/fr\/wp-json\/wp\/v2\/pages"}],"about":[{"href":"https:\/\/turismebreda.cat\/fr\/wp-json\/wp\/v2\/types\/page"}],"author":[{"embeddable":true,"href":"https:\/\/turismebreda.cat\/fr\/wp-json\/wp\/v2\/users\/1"}],"replies":[{"embeddable":true,"href":"https:\/\/turismebreda.cat\/fr\/wp-json\/wp\/v2\/comments?post=16981"}],"version-history":[{"count":6,"href":"https:\/\/turismebreda.cat\/fr\/wp-json\/wp\/v2\/pages\/16981\/revisions"}],"predecessor-version":[{"id":17720,"href":"https:\/\/turismebreda.cat\/fr\/wp-json\/wp\/v2\/pages\/16981\/revisions\/17720"}],"wp:attachment":[{"href":"https:\/\/turismebreda.cat\/fr\/wp-json\/wp\/v2\/media?parent=16981"}],"curies":[{"name":"wp","href":"https:\/\/api.w.org\/{rel}","templated":true}]}}