{"id":16965,"date":"2019-08-21T17:56:46","date_gmt":"2019-08-21T15:56:46","guid":{"rendered":"http:\/\/turismebreda.cat\/que-veure-hi\/"},"modified":"2026-02-24T19:39:05","modified_gmt":"2026-02-24T18:39:05","slug":"ce-quel-faut-voir","status":"publish","type":"page","link":"https:\/\/turismebreda.cat\/fr\/ce-quel-faut-voir\/","title":{"rendered":"CE QU&rsquo;IL FAUT VOIR"},"content":{"rendered":"<p>[vc_row css_animation=\u00a0\u00bb\u00a0\u00bb row_type=\u00a0\u00bbrow\u00a0\u00bb use_row_as_full_screen_section=\u00a0\u00bbno\u00a0\u00bb type=\u00a0\u00bbgrid\u00a0\u00bb angled_section=\u00a0\u00bbno\u00a0\u00bb text_align=\u00a0\u00bbleft\u00a0\u00bb background_image_as_pattern=\u00a0\u00bbwithout_pattern\u00a0\u00bb padding_top=\u00a0\u00bb80&Prime; padding_bottom=\u00a0\u00bb0&Prime; anchor=\u00a0\u00bbportfolio\u00a0\u00bb background_color=\u00a0\u00bb#ffffff\u00a0\u00bb][vc_column][vc_row_inner row_type=\u00a0\u00bbrow\u00a0\u00bb type=\u00a0\u00bbfull_width\u00a0\u00bb text_align=\u00a0\u00bbleft\u00a0\u00bb css_animation=\u00a0\u00bb\u00a0\u00bb][vc_column_inner width=\u00a0\u00bb1\/2&Prime;][vc_single_image image=\u00a0\u00bb16376&Prime; img_size=\u00a0\u00bbfull\u00a0\u00bb alignment=\u00a0\u00bbcenter\u00a0\u00bb qode_css_animation=\u00a0\u00bbelement_from_fade\u00a0\u00bb transition_delay=\u00a0\u00bb0.2&Prime;][vc_separator type=\u00a0\u00bbtransparent\u00a0\u00bb up=\u00a0\u00bb79&Prime; down=\u00a0\u00bb0&Prime;][\/vc_column_inner][vc_column_inner width=\u00a0\u00bb1\/2&Prime;][vc_column_text]<\/p>\n<h5 style=\"text-align: left;\">MONAST\u00c8RE SAN SALVADOR<br \/>\nXIe si\u00e8cle<\/h5>\n<p>[\/vc_column_text][vc_separator type=\u00a0\u00bbsmall\u00a0\u00bb position=\u00a0\u00bbleft\u00a0\u00bb down=\u00a0\u00bb18&Prime; up=\u00a0\u00bb17&Prime;][vc_column_text]L&rsquo;actuelle \u00e9glise paroissiale est l\u2019ancienne \u00e9glise du monast\u00e8re San Salvador de Breda. Elle se distingue par son clocher roman lombard de 32\u00a0m de haut, qui appartenait \u00e0 la premi\u00e8re construction monastique (XI<sup>e<\/sup>\u00a0s.). L&rsquo;\u00e9glise gothique (XIV<sup>e<\/sup>-XVI<sup>e<\/sup>\u00a0s.), qui se compose d\u2019une seule nef plut\u00f4t large, fut construite dans le cadre d\u2019un plan de r\u00e9novation lanc\u00e9 par l&rsquo;abb\u00e9 Gispert de J\u00e0fer (1296-1337).[\/vc_column_text][vc_separator type=\u00a0\u00bbtransparent\u00a0\u00bb up=\u00a0\u00bb79&Prime; down=\u00a0\u00bb0&Prime;][\/vc_column_inner][\/vc_row_inner][\/vc_column][\/vc_row][vc_row css_animation=\u00a0\u00bb\u00a0\u00bb row_type=\u00a0\u00bbrow\u00a0\u00bb use_row_as_full_screen_section=\u00a0\u00bbno\u00a0\u00bb type=\u00a0\u00bbgrid\u00a0\u00bb angled_section=\u00a0\u00bbno\u00a0\u00bb text_align=\u00a0\u00bbleft\u00a0\u00bb background_image_as_pattern=\u00a0\u00bbwithout_pattern\u00a0\u00bb padding_top=\u00a0\u00bb80&Prime; padding_bottom=\u00a0\u00bb0&Prime; anchor=\u00a0\u00bbportfolio\u00a0\u00bb background_color=\u00a0\u00bb#ededed\u00a0\u00bb z_index=\u00a0\u00bb\u00a0\u00bb][vc_column][vc_row_inner row_type=\u00a0\u00bbrow\u00a0\u00bb type=\u00a0\u00bbfull_width\u00a0\u00bb text_align=\u00a0\u00bbleft\u00a0\u00bb css_animation=\u00a0\u00bb\u00a0\u00bb][vc_column_inner width=\u00a0\u00bb1\/2&Prime;][vc_column_text]<\/p>\n<h5 style=\"text-align: left;\">CL\u00ceTRE<br \/>\nXIIIe ou XIVe si\u00e8cle<\/h5>\n<p>[\/vc_column_text][vc_separator type=\u00a0\u00bbsmall\u00a0\u00bb position=\u00a0\u00bbleft\u00a0\u00bb down=\u00a0\u00bb18&Prime; up=\u00a0\u00bb17&Prime;][vc_column_text]L\u2019ancien clo\u00eetre du monast\u00e8re San Salvador conserve encore son aile nord, adoss\u00e9e \u00e0 l\u2019\u00e9glise, sur les quatre originales.<\/p>\n<p>On estime que sa construction remonte \u00e0 la fin du XIII<sup>e<\/sup>\u00a0ou au d\u00e9but du XIV<sup>e<\/sup>\u00a0si\u00e8cle. Cette partie du clo\u00eetre est constitu\u00e9e de sept arcs en plein cintre reposant chacun sur deux colonnes.<\/p>\n<p>Les chapiteaux sont identiques, tous surmont\u00e9s de quatre grandes feuilles d&rsquo;iris.<\/p>\n<p>En 1932, l&rsquo;association Amics de l&rsquo;Art Vell entreprend la restauration de cette partie du clo\u00eetre en raison de l&rsquo;\u00e9tat de d\u00e9labrement avanc\u00e9 du monast\u00e8re, provoqu\u00e9 par la politique de d\u00e9samortissement (vente des biens de l&rsquo;\u00c9glise).[\/vc_column_text][vc_separator type=\u00a0\u00bbtransparent\u00a0\u00bb up=\u00a0\u00bb79&Prime; down=\u00a0\u00bb0&Prime;][\/vc_column_inner][vc_column_inner width=\u00a0\u00bb1\/2&Prime;][vc_single_image image=\u00a0\u00bb16383&Prime; img_size=\u00a0\u00bbfull\u00a0\u00bb alignment=\u00a0\u00bbcenter\u00a0\u00bb qode_css_animation=\u00a0\u00bbelement_from_fade\u00a0\u00bb transition_delay=\u00a0\u00bb0.2&Prime;][vc_separator type=\u00a0\u00bbtransparent\u00a0\u00bb up=\u00a0\u00bb79&Prime; down=\u00a0\u00bb0&Prime;][\/vc_column_inner][\/vc_row_inner][\/vc_column][\/vc_row][vc_row css_animation=\u00a0\u00bb\u00a0\u00bb row_type=\u00a0\u00bbrow\u00a0\u00bb use_row_as_full_screen_section=\u00a0\u00bbno\u00a0\u00bb type=\u00a0\u00bbgrid\u00a0\u00bb angled_section=\u00a0\u00bbno\u00a0\u00bb text_align=\u00a0\u00bbleft\u00a0\u00bb background_image_as_pattern=\u00a0\u00bbwithout_pattern\u00a0\u00bb padding_top=\u00a0\u00bb80&Prime; padding_bottom=\u00a0\u00bb0&Prime; anchor=\u00a0\u00bbportfolio\u00a0\u00bb background_color=\u00a0\u00bb#ffffff\u00a0\u00bb][vc_column][vc_row_inner row_type=\u00a0\u00bbrow\u00a0\u00bb type=\u00a0\u00bbfull_width\u00a0\u00bb text_align=\u00a0\u00bbleft\u00a0\u00bb css_animation=\u00a0\u00bb\u00a0\u00bb][vc_column_inner width=\u00a0\u00bb1\/2&Prime;][vc_single_image image=\u00a0\u00bb16386&Prime; img_size=\u00a0\u00bbfull\u00a0\u00bb alignment=\u00a0\u00bbcenter\u00a0\u00bb qode_css_animation=\u00a0\u00bbelement_from_fade\u00a0\u00bb transition_delay=\u00a0\u00bb0.2&Prime;][vc_separator type=\u00a0\u00bbtransparent\u00a0\u00bb up=\u00a0\u00bb79&Prime; down=\u00a0\u00bb0&Prime;][\/vc_column_inner][vc_column_inner width=\u00a0\u00bb1\/2&Prime;][vc_column_text]<\/p>\n<h5 style=\"text-align: left;\">COUR DE L&rsquo;ABBAYE<br \/>\nXVe si\u00e8cle<\/h5>\n<p>[\/vc_column_text][vc_separator type=\u00a0\u00bbsmall\u00a0\u00bb position=\u00a0\u00bbleft\u00a0\u00bb down=\u00a0\u00bb18&Prime; up=\u00a0\u00bb17&Prime;][vc_column_text]Comme son nom l&rsquo;indique, il s\u2019agit de la cour qui donnait acc\u00e8s au palais abbatial.<\/p>\n<p>On peut encore voir l\u2019escalier menant \u00e0 la r\u00e9sidence de l&rsquo;abb\u00e9, ainsi que le puits qui approvisionnait le monast\u00e8re en eau. La cour se distingue par ses fen\u00eatres de style gothique, les grands portails \u00e0 voussoir et le balcon en bois. Au-dessus d&rsquo;un des portails, on peut voir les armoiries de l&rsquo;abb\u00e9 Miquel Sams\u00f3, qui lan\u00e7a la construction de ces b\u00e2timents au XV<sup>e<\/sup>\u00a0si\u00e8cle. Sams\u00f3 fut aussi le 31<sup>e<\/sup>\u00a0pr\u00e9sident de la Generalitat de Catalogne.[\/vc_column_text][vc_separator type=\u00a0\u00bbtransparent\u00a0\u00bb up=\u00a0\u00bb79&Prime; down=\u00a0\u00bb0&Prime;][\/vc_column_inner][\/vc_row_inner][\/vc_column][\/vc_row][vc_row css_animation=\u00a0\u00bb\u00a0\u00bb row_type=\u00a0\u00bbrow\u00a0\u00bb use_row_as_full_screen_section=\u00a0\u00bbno\u00a0\u00bb type=\u00a0\u00bbgrid\u00a0\u00bb angled_section=\u00a0\u00bbno\u00a0\u00bb text_align=\u00a0\u00bbleft\u00a0\u00bb background_image_as_pattern=\u00a0\u00bbwithout_pattern\u00a0\u00bb padding_top=\u00a0\u00bb80&Prime; padding_bottom=\u00a0\u00bb0&Prime; anchor=\u00a0\u00bbportfolio\u00a0\u00bb background_color=\u00a0\u00bb#ededed\u00a0\u00bb z_index=\u00a0\u00bb\u00a0\u00bb][vc_column][vc_row_inner row_type=\u00a0\u00bbrow\u00a0\u00bb type=\u00a0\u00bbfull_width\u00a0\u00bb text_align=\u00a0\u00bbleft\u00a0\u00bb css_animation=\u00a0\u00bb\u00a0\u00bb][vc_column_inner width=\u00a0\u00bb1\/2&Prime;][vc_column_text]<\/p>\n<h5 style=\"text-align: left;\">\u00c9GLISE SANTA MAR\u00cdA<br \/>\nIXe-XIe\u00a0si\u00e8cles<\/h5>\n<p>[\/vc_column_text][vc_separator type=\u00a0\u00bbsmall\u00a0\u00bb position=\u00a0\u00bbleft\u00a0\u00bb down=\u00a0\u00bb18&Prime; up=\u00a0\u00bb17&Prime;][vc_column_text]L&rsquo;\u00e9glise Santa Mar\u00eda, l&rsquo;ancienne \u00e9glise paroissiale de la ville, a \u00e9t\u00e9 construite entre 878 et 1038. Elle conserve encore son abside datant du XII<sup>e<\/sup>\u00a0si\u00e8cle ainsi qu\u2019une partie des peintures murales d\u2019origine dans la crois\u00e9e des transepts.<\/p>\n<p>L\u2019\u00e9glise Santa Mar\u00eda de Breda se situe \u00e0 l\u2019arri\u00e8re du monast\u00e8re et abrite actuellement le si\u00e8ge de la mairie et le mus\u00e9e municipal Josep Aragay. Puis, \u00e0 partir de 1846, cette ancienne construction de style roman, qui a fait l\u2019objet de modifications, sert successivement d\u2019\u00e9cole publique, de palais de justice, etc.<\/p>\n<p>\u00c0 l\u2019ext\u00e9rieur, les visiteurs peuvent contempler l\u2019abside de style roman, c\u00f4t\u00e9 est \u2014qui a \u00e9t\u00e9 endommag\u00e9e, puis restaur\u00e9e pour \u00eatre reconstruite en 1961\u2014, et le clocher \u00e0 huit pans, une forme tr\u00e8s habituelle dans le dioc\u00e8se de G\u00e9rone aux XVI<sup>e<\/sup>\u00a0et XVI<sup>e<\/sup>\u00a0si\u00e8cles.[\/vc_column_text][vc_separator type=\u00a0\u00bbtransparent\u00a0\u00bb up=\u00a0\u00bb79&Prime; down=\u00a0\u00bb0&Prime;][\/vc_column_inner][vc_column_inner width=\u00a0\u00bb1\/2&Prime;][vc_single_image image=\u00a0\u00bb16385&Prime; img_size=\u00a0\u00bbfull\u00a0\u00bb alignment=\u00a0\u00bbcenter\u00a0\u00bb qode_css_animation=\u00a0\u00bbelement_from_fade\u00a0\u00bb transition_delay=\u00a0\u00bb0.2&Prime;][vc_separator type=\u00a0\u00bbtransparent\u00a0\u00bb up=\u00a0\u00bb79&Prime; down=\u00a0\u00bb0&Prime;][\/vc_column_inner][\/vc_row_inner][\/vc_column][\/vc_row][vc_row css_animation=\u00a0\u00bb\u00a0\u00bb row_type=\u00a0\u00bbrow\u00a0\u00bb use_row_as_full_screen_section=\u00a0\u00bbno\u00a0\u00bb type=\u00a0\u00bbgrid\u00a0\u00bb angled_section=\u00a0\u00bbno\u00a0\u00bb text_align=\u00a0\u00bbleft\u00a0\u00bb background_image_as_pattern=\u00a0\u00bbwithout_pattern\u00a0\u00bb padding_top=\u00a0\u00bb80&Prime; padding_bottom=\u00a0\u00bb0&Prime; anchor=\u00a0\u00bbportfolio\u00a0\u00bb background_color=\u00a0\u00bb#ffffff\u00a0\u00bb][vc_column][vc_row_inner row_type=\u00a0\u00bbrow\u00a0\u00bb type=\u00a0\u00bbfull_width\u00a0\u00bb text_align=\u00a0\u00bbleft\u00a0\u00bb css_animation=\u00a0\u00bb\u00a0\u00bb][vc_column_inner width=\u00a0\u00bb1\/2&Prime;][vc_single_image image=\u00a0\u00bb16343&Prime; img_size=\u00a0\u00bbfull\u00a0\u00bb alignment=\u00a0\u00bbcenter\u00a0\u00bb qode_css_animation=\u00a0\u00bbelement_from_fade\u00a0\u00bb transition_delay=\u00a0\u00bb0.2&Prime;][vc_separator type=\u00a0\u00bbtransparent\u00a0\u00bb up=\u00a0\u00bb79&Prime; down=\u00a0\u00bb0&Prime;][\/vc_column_inner][vc_column_inner width=\u00a0\u00bb1\/2&Prime;][vc_column_text]<\/p>\n<h5 style=\"text-align: left;\">ERMITAGE DE SANTA ANNA<br \/>\nXVIIe\u00a0si\u00e8cle<\/h5>\n<p>[\/vc_column_text][vc_separator type=\u00a0\u00bbsmall\u00a0\u00bb position=\u00a0\u00bbleft\u00a0\u00bb down=\u00a0\u00bb18&Prime; up=\u00a0\u00bb17&Prime;][vc_column_text]L\u2019existence de l\u2019ermitage Santa Anna, de style baroque, est attest\u00e9e depuis 1624. La date de b\u00e9n\u00e9diction que l\u2019on peut observer, 1789, co\u00efncide s\u00fbrement avec des travaux d\u2019am\u00e9lioration ou de r\u00e9novation.<\/p>\n<p>L&rsquo;ermitage Santa Anna est accessible depuis un chemin partant de la route principale, juste apr\u00e8s la croix fronti\u00e8re.<\/p>\n<p>Tous les 26 juillet, on y c\u00e9l\u00e8bre la traditionnelle rencontre de Santa Anna, au cours de laquelle les habitants de Breda mangent en famille et entre amis, dansent des sardanes et font sonner les cloches de l&rsquo;ermitage. Depuis quelques ann\u00e9es, s\u2019y tient \u00e9galement la Diada de Catalunya (Journ\u00e9e nationale de la Catalogne) dans la nuit du 10\u00a0au 11\u00a0septembre.[\/vc_column_text][vc_separator type=\u00a0\u00bbtransparent\u00a0\u00bb up=\u00a0\u00bb79&Prime; down=\u00a0\u00bb0&Prime;][\/vc_column_inner][\/vc_row_inner][\/vc_column][\/vc_row][vc_row css_animation=\u00a0\u00bb\u00a0\u00bb row_type=\u00a0\u00bbrow\u00a0\u00bb use_row_as_full_screen_section=\u00a0\u00bbno\u00a0\u00bb type=\u00a0\u00bbgrid\u00a0\u00bb angled_section=\u00a0\u00bbno\u00a0\u00bb text_align=\u00a0\u00bbleft\u00a0\u00bb background_image_as_pattern=\u00a0\u00bbwithout_pattern\u00a0\u00bb padding_top=\u00a0\u00bb80&Prime; padding_bottom=\u00a0\u00bb0&Prime; anchor=\u00a0\u00bbportfolio\u00a0\u00bb background_color=\u00a0\u00bb#ededed\u00a0\u00bb z_index=\u00a0\u00bb\u00a0\u00bb][vc_column][vc_row_inner row_type=\u00a0\u00bbrow\u00a0\u00bb type=\u00a0\u00bbfull_width\u00a0\u00bb text_align=\u00a0\u00bbleft\u00a0\u00bb css_animation=\u00a0\u00bb\u00a0\u00bb][vc_column_inner width=\u00a0\u00bb1\/2&Prime;][vc_column_text]<\/p>\n<h5 style=\"text-align: left;\">CH\u00c2TEAU DE MONTSORIU<br \/>\nXIe\u00a0si\u00e8cle<\/h5>\n<p>[\/vc_column_text][vc_separator type=\u00a0\u00bbsmall\u00a0\u00bb position=\u00a0\u00bbleft\u00a0\u00bb down=\u00a0\u00bb18&Prime; up=\u00a0\u00bb17&Prime;][vc_column_text]Le ch\u00e2teau de Montsoriu ne se situe pas sur la commune de Breda, mais fait tout de m\u00eame partie de son patrimoine en raison de sa proximit\u00e9 et de son lien historique. Bien que les premi\u00e8res r\u00e9f\u00e9rences \u00e9crites remontent \u00e0 1002, on sait que Montsoriu fut occup\u00e9 par les Ib\u00e8res. Il servit ensuite de site d\u00e9fensif et strat\u00e9gique pendant plus de cinq cents ans et fut un point de r\u00e9f\u00e9rence pour la noblesse catalane ainsi qu\u2019une une forteresse imprenable gr\u00e2ce \u00e0 sa magnifique construction et ses syst\u00e8mes d\u00e9fensifs. Il fit l\u2019objet de nombreux agrandissements jusqu&rsquo;aux XIV<sup>e<\/sup>\u00a0-XV<sup>e<\/sup>\u00a0si\u00e8cles. Plus tard, il perdit sa fonction militaire pour devenir un palais r\u00e9sidentiel, p\u00e9riode \u00e0 laquelle le ch\u00e2teau atteignit son apog\u00e9e avec l\u2019apparence \u00a0qu&rsquo;on lui conna\u00eet aujourd\u2019hui. Il fut aussi la r\u00e9sidence de la famille vicomte de Cabrera, fondateurs de Breda.<\/p>\n<p>&nbsp;<\/p>\n<p>Pour organiser des visites et se renseigner sur les horaires: <a href=\"http:\/\/www.montsoriu.cat\" target=\"_blank\" rel=\"noopener noreferrer\">www.montsoriu.cat<\/a>[\/vc_column_text][vc_separator type=\u00a0\u00bbtransparent\u00a0\u00bb up=\u00a0\u00bb79&Prime; down=\u00a0\u00bb0&Prime;][\/vc_column_inner][vc_column_inner width=\u00a0\u00bb1\/2&Prime;][vc_single_image image=\u00a0\u00bb16344&Prime; img_size=\u00a0\u00bbfull\u00a0\u00bb alignment=\u00a0\u00bbcenter\u00a0\u00bb qode_css_animation=\u00a0\u00bbelement_from_fade\u00a0\u00bb transition_delay=\u00a0\u00bb0.2&Prime;][vc_separator type=\u00a0\u00bbtransparent\u00a0\u00bb up=\u00a0\u00bb79&Prime; down=\u00a0\u00bb0&Prime;][\/vc_column_inner][\/vc_row_inner][\/vc_column][\/vc_row][vc_row css_animation=\u00a0\u00bb\u00a0\u00bb row_type=\u00a0\u00bbrow\u00a0\u00bb use_row_as_full_screen_section=\u00a0\u00bbno\u00a0\u00bb type=\u00a0\u00bbgrid\u00a0\u00bb angled_section=\u00a0\u00bbno\u00a0\u00bb text_align=\u00a0\u00bbleft\u00a0\u00bb background_image_as_pattern=\u00a0\u00bbwithout_pattern\u00a0\u00bb padding_top=\u00a0\u00bb80&Prime; padding_bottom=\u00a0\u00bb0&Prime; anchor=\u00a0\u00bbportfolio\u00a0\u00bb background_color=\u00a0\u00bb#ffffff\u00a0\u00bb][vc_column][vc_row_inner row_type=\u00a0\u00bbrow\u00a0\u00bb type=\u00a0\u00bbfull_width\u00a0\u00bb text_align=\u00a0\u00bbleft\u00a0\u00bb css_animation=\u00a0\u00bb\u00a0\u00bb][vc_column_inner width=\u00a0\u00bb1\/2&Prime;][vc_single_image image=\u00a0\u00bb17904&Prime; img_size=\u00a0\u00bbfull\u00a0\u00bb alignment=\u00a0\u00bbcenter\u00a0\u00bb qode_css_animation=\u00a0\u00bbelement_from_fade\u00a0\u00bb transition_delay=\u00a0\u00bb0.2&Prime;][vc_separator type=\u00a0\u00bbtransparent\u00a0\u00bb up=\u00a0\u00bb79&Prime; down=\u00a0\u00bb0&Prime;][\/vc_column_inner][vc_column_inner width=\u00a0\u00bb1\/2&Prime;][vc_column_text]<\/p>\n<h5 style=\"text-align: left;\">CENTRE CULTUREL ELS FORNS<\/h5>\n<p>[\/vc_column_text][vc_separator type=\u00a0\u00bbsmall\u00a0\u00bb position=\u00a0\u00bbleft\u00a0\u00bb down=\u00a0\u00bb18&Prime; up=\u00a0\u00bb17&Prime;][vc_column_text]Ancien atelier d&rsquo;argile datant du XIX<sup>e<\/sup>\u00a0si\u00e8cle, il abrite deux fours mauresques qui \u00e9taient traditionnellement utilis\u00e9s pour cuire l&rsquo;argile. Il accueille une exposition permanente consacr\u00e9e \u00e0 l\u2019argile de Breda ainsi que des expositions temporaires dans deux autres salles. Il fait \u00e9galement office de point d&rsquo;information touristique pour accueillir les visiteurs de passage.<\/p>\n<p>&nbsp;<\/p>\n<p>Carrer Santa Vict\u00f2ria, 1<br \/>\nHoraire: le samedi de 9.30h \u00e0 13.30h et de 16h \u00e0 19h.<br \/>\nLe dimanche et les jours f\u00e9ri\u00e9s de 9.30h \u00e0 13.30h.[\/vc_column_text][vc_separator type=\u00a0\u00bbtransparent\u00a0\u00bb up=\u00a0\u00bb79&Prime; down=\u00a0\u00bb0&Prime;][\/vc_column_inner][\/vc_row_inner][\/vc_column][\/vc_row][vc_row css_animation=\u00a0\u00bb\u00a0\u00bb row_type=\u00a0\u00bbrow\u00a0\u00bb use_row_as_full_screen_section=\u00a0\u00bbno\u00a0\u00bb type=\u00a0\u00bbgrid\u00a0\u00bb angled_section=\u00a0\u00bbno\u00a0\u00bb text_align=\u00a0\u00bbleft\u00a0\u00bb background_image_as_pattern=\u00a0\u00bbwithout_pattern\u00a0\u00bb padding_top=\u00a0\u00bb80&Prime; padding_bottom=\u00a0\u00bb0&Prime; anchor=\u00a0\u00bbportfolio\u00a0\u00bb background_color=\u00a0\u00bb#ededed\u00a0\u00bb z_index=\u00a0\u00bb\u00a0\u00bb][vc_column][vc_row_inner row_type=\u00a0\u00bbrow\u00a0\u00bb type=\u00a0\u00bbfull_width\u00a0\u00bb text_align=\u00a0\u00bbleft\u00a0\u00bb css_animation=\u00a0\u00bb\u00a0\u00bb][vc_column_inner width=\u00a0\u00bb1\/2&Prime;][vc_column_text]<\/p>\n<h5 style=\"text-align: left;\">MUS\u00c9E JOSEP ARAGAY<\/h5>\n<p>[\/vc_column_text][vc_separator type=\u00a0\u00bbsmall\u00a0\u00bb position=\u00a0\u00bbleft\u00a0\u00bb down=\u00a0\u00bb18&Prime; up=\u00a0\u00bb17&Prime;][vc_column_text]Le rez-de-chauss\u00e9e de l&rsquo;h\u00f4tel de ville abrite le mus\u00e9e Josep Aragay, d\u00e9di\u00e9 \u00e0 la diffusion de l&rsquo;\u0153uvre de cet artiste <em>noucentiste<\/em>. Aragay, qui y v\u00e9cut entre 1889 et 1973, fut une figure de proue du <em>Noucentisme<\/em>, mouvement culturel et politique qui se d\u00e9veloppa en Catalogne au d\u00e9but du XX\u1d49\u00a0si\u00e8cle. Th\u00e9oricien de l&rsquo;art, peintre, dessinateur, graveur et c\u00e9ramiste, il exer\u00e7a une grande influence sur le monde intellectuel et artistique de son \u00e9poque, au point de se voir confier la direction artistique de l\u2019Almanach des Noucentistes par l\u2019\u00e9crivain Eugeni d&rsquo;Ors. N\u00e9 \u00e0 Barcelone, il s&rsquo;installa \u00e0 Breda, le village de sa m\u00e8re, en 1925, o\u00f9 il ouvrit un atelier de poterie. \u00c0 l&rsquo;int\u00e9rieur du mus\u00e9e, on peut \u00e9galement voir des peintures romanes de l&rsquo;ancienne \u00e9glise paroissiale de Breda, transform\u00e9e en h\u00f4tel de ville suite au d\u00e9samortissement de 1835.<\/p>\n<p>&nbsp;<\/p>\n<p>Carrer Nou, 2<br \/>\nHoraire :<br \/>\nMatins du jeudi au dimanche (et jours f\u00e9ri\u00e9s) : de 9h30 \u00e0 13h30<br \/>\nApr\u00e8s-midi du samedi : de 16h00 \u00e0 19h00<br \/>\n<a href=\"http:\/\/www.museuaragay.cat\" target=\"_blank\" rel=\"noopener noreferrer\">www.museuaragay.cat<\/a>[\/vc_column_text][vc_separator type=\u00a0\u00bbtransparent\u00a0\u00bb up=\u00a0\u00bb79&Prime; down=\u00a0\u00bb0&Prime;][\/vc_column_inner][vc_column_inner width=\u00a0\u00bb1\/2&Prime;][vc_single_image image=\u00a0\u00bb17888&Prime; img_size=\u00a0\u00bbfull\u00a0\u00bb alignment=\u00a0\u00bbcenter\u00a0\u00bb qode_css_animation=\u00a0\u00bbelement_from_fade\u00a0\u00bb transition_delay=\u00a0\u00bb0.2&Prime;][vc_separator type=\u00a0\u00bbtransparent\u00a0\u00bb up=\u00a0\u00bb79&Prime; down=\u00a0\u00bb0&Prime;][\/vc_column_inner][\/vc_row_inner][\/vc_column][\/vc_row][vc_row css_animation=\u00a0\u00bb\u00a0\u00bb row_type=\u00a0\u00bbrow\u00a0\u00bb use_row_as_full_screen_section=\u00a0\u00bbno\u00a0\u00bb type=\u00a0\u00bbgrid\u00a0\u00bb angled_section=\u00a0\u00bbno\u00a0\u00bb text_align=\u00a0\u00bbleft\u00a0\u00bb background_image_as_pattern=\u00a0\u00bbwithout_pattern\u00a0\u00bb padding_top=\u00a0\u00bb80&Prime; padding_bottom=\u00a0\u00bb0&Prime; anchor=\u00a0\u00bbportfolio\u00a0\u00bb background_color=\u00a0\u00bb#ffffff\u00a0\u00bb][vc_column][vc_row_inner row_type=\u00a0\u00bbrow\u00a0\u00bb type=\u00a0\u00bbfull_width\u00a0\u00bb text_align=\u00a0\u00bbleft\u00a0\u00bb css_animation=\u00a0\u00bb\u00a0\u00bb][vc_column_inner width=\u00a0\u00bb1\/2&Prime;][vc_single_image image=\u00a0\u00bb16387&Prime; img_size=\u00a0\u00bbfull\u00a0\u00bb alignment=\u00a0\u00bbcenter\u00a0\u00bb qode_css_animation=\u00a0\u00bbelement_from_fade\u00a0\u00bb transition_delay=\u00a0\u00bb0.2&Prime;][vc_separator type=\u00a0\u00bbtransparent\u00a0\u00bb up=\u00a0\u00bb79&Prime; down=\u00a0\u00bb0&Prime;][\/vc_column_inner][vc_column_inner width=\u00a0\u00bb1\/2&Prime;][vc_column_text]<\/p>\n<h5 style=\"text-align: left;\">MARCH\u00c9 HEBDOMADAIRE<\/h5>\n<p>[\/vc_column_text][vc_separator type=\u00a0\u00bbsmall\u00a0\u00bb position=\u00a0\u00bbleft\u00a0\u00bb down=\u00a0\u00bb18&Prime; up=\u00a0\u00bb17&Prime;][vc_column_text]Oprofiter de l\u2019ouverture dominicale du commerce local.[\/vc_column_text][vc_separator type=\u00a0\u00bbtransparent\u00a0\u00bb up=\u00a0\u00bb79&Prime; down=\u00a0\u00bb0&Prime;][\/vc_column_inner][\/vc_row_inner][\/vc_column][\/vc_row]<\/p>\n","protected":false},"excerpt":{"rendered":"<p>[vc_row css_animation=\u00a0\u00bb\u00a0\u00bb row_type=\u00a0\u00bbrow\u00a0\u00bb use_row_as_full_screen_section=\u00a0\u00bbno\u00a0\u00bb type=\u00a0\u00bbgrid\u00a0\u00bb angled_section=\u00a0\u00bbno\u00a0\u00bb text_align=\u00a0\u00bbleft\u00a0\u00bb background_image_as_pattern=\u00a0\u00bbwithout_pattern\u00a0\u00bb padding_top=\u00a0\u00bb80&Prime; padding_bottom=\u00a0\u00bb0&Prime; anchor=\u00a0\u00bbportfolio\u00a0\u00bb background_color=\u00a0\u00bb#ffffff\u00a0\u00bb][vc_column][vc_row_inner row_type=\u00a0\u00bbrow\u00a0\u00bb type=\u00a0\u00bbfull_width\u00a0\u00bb text_align=\u00a0\u00bbleft\u00a0\u00bb css_animation=\u00a0\u00bb\u00a0\u00bb][vc_column_inner width=\u00a0\u00bb1\/2&Prime;][vc_single_image image=\u00a0\u00bb16376&Prime; img_size=\u00a0\u00bbfull\u00a0\u00bb alignment=\u00a0\u00bbcenter\u00a0\u00bb qode_css_animation=\u00a0\u00bbelement_from_fade\u00a0\u00bb transition_delay=\u00a0\u00bb0.2&Prime;][vc_separator type=\u00a0\u00bbtransparent\u00a0\u00bb up=\u00a0\u00bb79&Prime; down=\u00a0\u00bb0&Prime;][\/vc_column_inner][vc_column_inner width=\u00a0\u00bb1\/2&Prime;][vc_column_text] MONAST\u00c8RE SAN SALVADOR XIe si\u00e8cle [\/vc_column_text][vc_separator type=\u00a0\u00bbsmall\u00a0\u00bb position=\u00a0\u00bbleft\u00a0\u00bb down=\u00a0\u00bb18&Prime; up=\u00a0\u00bb17&Prime;][vc_column_text]L&rsquo;actuelle \u00e9glise paroissiale est l\u2019ancienne \u00e9glise du monast\u00e8re San Salvador&#8230;<\/p>\n","protected":false},"author":1,"featured_media":0,"parent":0,"menu_order":0,"comment_status":"open","ping_status":"closed","template":"full_width.php","meta":[],"_links":{"self":[{"href":"https:\/\/turismebreda.cat\/fr\/wp-json\/wp\/v2\/pages\/16965"}],"collection":[{"href":"https:\/\/turismebreda.cat\/fr\/wp-json\/wp\/v2\/pages"}],"about":[{"href":"https:\/\/turismebreda.cat\/fr\/wp-json\/wp\/v2\/types\/page"}],"author":[{"embeddable":true,"href":"https:\/\/turismebreda.cat\/fr\/wp-json\/wp\/v2\/users\/1"}],"replies":[{"embeddable":true,"href":"https:\/\/turismebreda.cat\/fr\/wp-json\/wp\/v2\/comments?post=16965"}],"version-history":[{"count":9,"href":"https:\/\/turismebreda.cat\/fr\/wp-json\/wp\/v2\/pages\/16965\/revisions"}],"predecessor-version":[{"id":18059,"href":"https:\/\/turismebreda.cat\/fr\/wp-json\/wp\/v2\/pages\/16965\/revisions\/18059"}],"wp:attachment":[{"href":"https:\/\/turismebreda.cat\/fr\/wp-json\/wp\/v2\/media?parent=16965"}],"curies":[{"name":"wp","href":"https:\/\/api.w.org\/{rel}","templated":true}]}}