{"id":16955,"date":"2019-08-22T13:28:36","date_gmt":"2019-08-22T11:28:36","guid":{"rendered":"http:\/\/turismebreda.cat\/on-dormir\/"},"modified":"2025-06-23T16:30:26","modified_gmt":"2025-06-23T14:30:26","slug":"on-dormir","status":"publish","type":"page","link":"https:\/\/turismebreda.cat\/fr\/on-dormir\/","title":{"rendered":"O\u00d9 DORMIR"},"content":{"rendered":"<p>[vc_row css_animation=\u00a0\u00bb\u00a0\u00bb row_type=\u00a0\u00bbrow\u00a0\u00bb use_row_as_full_screen_section=\u00a0\u00bbno\u00a0\u00bb type=\u00a0\u00bbgrid\u00a0\u00bb angled_section=\u00a0\u00bbno\u00a0\u00bb text_align=\u00a0\u00bbleft\u00a0\u00bb background_image_as_pattern=\u00a0\u00bbwithout_pattern\u00a0\u00bb padding_top=\u00a0\u00bb80&Prime; padding_bottom=\u00a0\u00bb0&Prime; anchor=\u00a0\u00bbportfolio\u00a0\u00bb z_index=\u00a0\u00bb\u00a0\u00bb][vc_column][vc_row_inner row_type=\u00a0\u00bbrow\u00a0\u00bb type=\u00a0\u00bbfull_width\u00a0\u00bb text_align=\u00a0\u00bbleft\u00a0\u00bb css_animation=\u00a0\u00bb\u00a0\u00bb][vc_column_inner width=\u00a0\u00bb2\/3&Prime;][vc_column_text]<\/p>\n<h5 style=\"text-align: left;\">AIRE DE SERVICE POUR CAMPING-CARS<\/h5>\n<p>[\/vc_column_text][vc_separator type=\u00a0\u00bbsmall\u00a0\u00bb position=\u00a0\u00bbleft\u00a0\u00bb down=\u00a0\u00bb18&Prime; up=\u00a0\u00bb17&Prime;][vc_column_text]<span lang=\"FR\">Breda dispose d\u2019une aire de service pour camping-cars qui permet de vidanger les eaux grises et noires, et de faire le plein d\u2019eau propre. \u00c0 proximit\u00e9 de cette aire, il y a un parking public o\u00f9 les camping-cars et les caravanes peuvent passer la nuit. L\u2019aire de service et de stationnement b\u00e9n\u00e9ficie d\u2019un emplacement privil\u00e9gi\u00e9, \u00e0 quelques minutes du centre du village, id\u00e9al pour y passer la nuit ou faire une pause avant ou apr\u00e8s avoir visit\u00e9 le vieux quartier de Breda.<\/span>[\/vc_column_text][vc_separator type=\u00a0\u00bbtransparent\u00a0\u00bb up=\u00a0\u00bb50&Prime; down=\u00a0\u00bb0&Prime;][\/vc_column_inner][vc_column_inner width=\u00a0\u00bb1\/3&Prime;][vc_single_image image=\u00a0\u00bb17727&Prime; img_size=\u00a0\u00bbfull\u00a0\u00bb onclick=\u00a0\u00bblink_image\u00a0\u00bb qode_css_animation=\u00a0\u00bb\u00a0\u00bb][vc_separator type=\u00a0\u00bbtransparent\u00a0\u00bb up=\u00a0\u00bb79&Prime; down=\u00a0\u00bb0&Prime;][\/vc_column_inner][\/vc_row_inner][vc_row_inner row_type=\u00a0\u00bbrow\u00a0\u00bb type=\u00a0\u00bbfull_width\u00a0\u00bb text_align=\u00a0\u00bbleft\u00a0\u00bb css_animation=\u00a0\u00bb\u00a0\u00bb][vc_column_inner width=\u00a0\u00bb1\/3&Prime;][vc_column_text]<\/p>\n<h5 style=\"text-align: left;\">FONDA MONTSENY<\/h5>\n<p>[\/vc_column_text][vc_separator type=\u00a0\u00bbsmall\u00a0\u00bb position=\u00a0\u00bbleft\u00a0\u00bb down=\u00a0\u00bb18&Prime; up=\u00a0\u00bb17&Prime;][vc_column_text]Pla\u00e7a Trunas, 1<br \/>\n972160294<br \/>\n<a href=\"https:\/\/www.fondamontsenybreda.es\" target=\"_blank\" rel=\"noopener noreferrer\">https:\/\/www.fondamontsenybreda.es<\/a>[\/vc_column_text][vc_separator type=\u00a0\u00bbtransparent\u00a0\u00bb up=\u00a0\u00bb79&Prime; down=\u00a0\u00bb0&Prime;][\/vc_column_inner][vc_column_inner width=\u00a0\u00bb1\/3&Prime;][vc_column_text]<\/p>\n<h5 style=\"text-align: left;\">FONDA SANTA ANNA<\/h5>\n<p>[\/vc_column_text][vc_separator type=\u00a0\u00bbsmall\u00a0\u00bb position=\u00a0\u00bbleft\u00a0\u00bb down=\u00a0\u00bb18&Prime; up=\u00a0\u00bb17&Prime;][vc_column_text]Carretera d\u2019Arb\u00facies, 3<br \/>\n972870003[\/vc_column_text][vc_separator type=\u00a0\u00bbtransparent\u00a0\u00bb up=\u00a0\u00bb79&Prime; down=\u00a0\u00bb0&Prime;][\/vc_column_inner][vc_column_inner width=\u00a0\u00bb1\/3&Prime;][vc_column_text]<\/p>\n<h5 style=\"text-align: left;\">RURALBREDA<\/h5>\n<p>[\/vc_column_text][vc_separator type=\u00a0\u00bbsmall\u00a0\u00bb position=\u00a0\u00bbleft\u00a0\u00bb down=\u00a0\u00bb18&Prime; up=\u00a0\u00bb17&Prime;][vc_column_text]DIVERS H\u00c9BERGEMENTS TOURISTIQUES<br \/>\nCarrer Prat, 4<br \/>\n682012660<br \/>\n<a href=\"http:\/\/ruralbreda.com\" target=\"_blank\" rel=\"noopener\">www.ruralbreda.com<\/a>[\/vc_column_text][vc_separator type=\u00a0\u00bbtransparent\u00a0\u00bb up=\u00a0\u00bb79&Prime; down=\u00a0\u00bb0&Prime;][\/vc_column_inner][\/vc_row_inner][vc_row_inner row_type=\u00a0\u00bbrow\u00a0\u00bb type=\u00a0\u00bbfull_width\u00a0\u00bb text_align=\u00a0\u00bbleft\u00a0\u00bb css_animation=\u00a0\u00bb\u00a0\u00bb][vc_column_inner width=\u00a0\u00bb1\/3&Prime;][vc_column_text]<\/p>\n<h5 style=\"text-align: left;\">CAN NOTA<\/h5>\n<p>[\/vc_column_text][vc_separator type=\u00a0\u00bbsmall\u00a0\u00bb position=\u00a0\u00bbleft\u00a0\u00bb down=\u00a0\u00bb18&Prime; up=\u00a0\u00bb17&Prime;][vc_column_text]H\u00c9BERGEMENT TOURISTIQUE<br \/>\nPag\u00e8s de Baix, 19<br \/>\n684017365 &#8211; 610318610<br \/>\n<a href=\"https:\/\/abnb.me\/Etfmqi7uyIb\" target=\"_blank\" rel=\"noopener noreferrer\">https:\/\/abnb.me\/Etfmqi7uyIb<\/a>[\/vc_column_text][vc_separator type=\u00a0\u00bbtransparent\u00a0\u00bb up=\u00a0\u00bb79&Prime; down=\u00a0\u00bb0&Prime;][\/vc_column_inner][vc_column_inner width=\u00a0\u00bb1\/3&Prime;][vc_column_text]<\/p>\n<h5 style=\"text-align: left;\">CAN FORCADELL<\/h5>\n<p>[\/vc_column_text][vc_separator type=\u00a0\u00bbsmall\u00a0\u00bb position=\u00a0\u00bbleft\u00a0\u00bb down=\u00a0\u00bb18&Prime; up=\u00a0\u00bb17&Prime;][vc_column_text]APPARTEMENTS TOURISTIQUES<br \/>\nCarrer Montseny, 12<br \/>\n626133374<br \/>\n623126545<br \/>\n<a href=\"mailto:info@canforcadell.cat\">info@canforcadell.cat<\/a><br \/>\n<a href=\"http:\/\/www.canforcadell.cat\" target=\"_blank\" rel=\"noopener noreferrer\">www.canforcadell.cat<\/a>[\/vc_column_text][vc_separator type=\u00a0\u00bbtransparent\u00a0\u00bb up=\u00a0\u00bb79&Prime; down=\u00a0\u00bb0&Prime;][\/vc_column_inner][vc_column_inner width=\u00a0\u00bb1\/3&Prime;][vc_column_text]<\/p>\n<h5 style=\"text-align: left;\">CAN REIXACH<\/h5>\n<p>[\/vc_column_text][vc_separator type=\u00a0\u00bbsmall\u00a0\u00bb position=\u00a0\u00bbleft\u00a0\u00bb down=\u00a0\u00bb18&Prime; up=\u00a0\u00bb17&Prime;][vc_column_text]H\u00c9BERGEMENT TOURISTIQUE<br \/>\nCarrer Sant Francesc, 58<br \/>\n<a href=\"https:\/\/www.naturaki.com\/ca\/canreixach\/\" target=\"_blank\" rel=\"noopener noreferrer\">https:\/\/www.naturaki.com\/ca\/canreixach\/<\/a>[\/vc_column_text][vc_separator type=\u00a0\u00bbtransparent\u00a0\u00bb up=\u00a0\u00bb79&Prime; down=\u00a0\u00bb0&Prime;][\/vc_column_inner][\/vc_row_inner][\/vc_column][\/vc_row]<\/p>\n","protected":false},"excerpt":{"rendered":"<p>[vc_row css_animation=\u00a0\u00bb\u00a0\u00bb row_type=\u00a0\u00bbrow\u00a0\u00bb use_row_as_full_screen_section=\u00a0\u00bbno\u00a0\u00bb type=\u00a0\u00bbgrid\u00a0\u00bb angled_section=\u00a0\u00bbno\u00a0\u00bb text_align=\u00a0\u00bbleft\u00a0\u00bb background_image_as_pattern=\u00a0\u00bbwithout_pattern\u00a0\u00bb padding_top=\u00a0\u00bb80&Prime; padding_bottom=\u00a0\u00bb0&Prime; anchor=\u00a0\u00bbportfolio\u00a0\u00bb z_index=\u00a0\u00bb\u00a0\u00bb][vc_column][vc_row_inner row_type=\u00a0\u00bbrow\u00a0\u00bb type=\u00a0\u00bbfull_width\u00a0\u00bb text_align=\u00a0\u00bbleft\u00a0\u00bb css_animation=\u00a0\u00bb\u00a0\u00bb][vc_column_inner width=\u00a0\u00bb2\/3&Prime;][vc_column_text] AIRE DE SERVICE POUR CAMPING-CARS [\/vc_column_text][vc_separator type=\u00a0\u00bbsmall\u00a0\u00bb position=\u00a0\u00bbleft\u00a0\u00bb down=\u00a0\u00bb18&Prime; up=\u00a0\u00bb17&Prime;][vc_column_text]Breda dispose d\u2019une aire de service pour camping-cars qui permet de vidanger les eaux grises et noires, et de&#8230;<\/p>\n","protected":false},"author":1,"featured_media":0,"parent":0,"menu_order":0,"comment_status":"open","ping_status":"closed","template":"full_width.php","meta":[],"_links":{"self":[{"href":"https:\/\/turismebreda.cat\/fr\/wp-json\/wp\/v2\/pages\/16955"}],"collection":[{"href":"https:\/\/turismebreda.cat\/fr\/wp-json\/wp\/v2\/pages"}],"about":[{"href":"https:\/\/turismebreda.cat\/fr\/wp-json\/wp\/v2\/types\/page"}],"author":[{"embeddable":true,"href":"https:\/\/turismebreda.cat\/fr\/wp-json\/wp\/v2\/users\/1"}],"replies":[{"embeddable":true,"href":"https:\/\/turismebreda.cat\/fr\/wp-json\/wp\/v2\/comments?post=16955"}],"version-history":[{"count":20,"href":"https:\/\/turismebreda.cat\/fr\/wp-json\/wp\/v2\/pages\/16955\/revisions"}],"predecessor-version":[{"id":18049,"href":"https:\/\/turismebreda.cat\/fr\/wp-json\/wp\/v2\/pages\/16955\/revisions\/18049"}],"wp:attachment":[{"href":"https:\/\/turismebreda.cat\/fr\/wp-json\/wp\/v2\/media?parent=16955"}],"curies":[{"name":"wp","href":"https:\/\/api.w.org\/{rel}","templated":true}]}}