{"id":16947,"date":"2014-04-30T15:47:48","date_gmt":"2014-04-30T15:47:48","guid":{"rendered":"http:\/\/turismebreda.cat\/home\/"},"modified":"2023-06-12T16:06:49","modified_gmt":"2023-06-12T14:06:49","slug":"home","status":"publish","type":"page","link":"https:\/\/turismebreda.cat\/fr\/","title":{"rendered":"D\u00c9BUT"},"content":{"rendered":"<p>[vc_row css_animation=\u00a0\u00bb\u00a0\u00bb row_type=\u00a0\u00bbrow\u00a0\u00bb use_row_as_full_screen_section=\u00a0\u00bbno\u00a0\u00bb type=\u00a0\u00bbgrid\u00a0\u00bb angled_section=\u00a0\u00bbno\u00a0\u00bb text_align=\u00a0\u00bbleft\u00a0\u00bb background_image_as_pattern=\u00a0\u00bbwithout_pattern\u00a0\u00bb padding_top=\u00a0\u00bb70&Prime; padding_bottom=\u00a0\u00bb0&Prime; anchor=\u00a0\u00bbportfolio\u00a0\u00bb background_color=\u00a0\u00bb#ffffff\u00a0\u00bb z_index=\u00a0\u00bb\u00a0\u00bb][vc_column][vc_column_text]<\/p>\n<h2 style=\"text-align: center;\">PATRIMOINE, HISTOIRE, ARTISANAT, MONTSENY<\/h2>\n<p>[\/vc_column_text][vc_separator type=\u00a0\u00bbsmall\u00a0\u00bb position=\u00a0\u00bbcenter\u00a0\u00bb down=\u00a0\u00bb18&Prime; up=\u00a0\u00bb17&Prime;][vc_column_text]<\/p>\n<h4 style=\"text-align: center;\">Guerau de Cabrera et son \u00e9pouse, Ermessenda, vicomtes de G\u00e9rone et seigneurs de Breda et de ses environs, fondent le monast\u00e8re b\u00e9n\u00e9dictin San Salvador dans la vall\u00e9e du Breda le 4 juin 1038. Le 4 octobre 1068, les \u00e9v\u00eaques de G\u00e9rone et de Barcelone ainsi que l&rsquo;abb\u00e9 Amat consacrent l&rsquo;\u00e9glise du monast\u00e8re en pr\u00e9sence de Pon\u00e7 de Cabrera, fils de Guerau et d\u2019Ermessenda. C&rsquo;est la date de fondation de la ville que nous connaissons aujourd&rsquo;hui, car d\u00e8s lors, le tissu social et urbain de la commune commence \u00e0 se former autour du monast\u00e8re. Breda, c\u2019est un village d\u00e9positaire d\u2019un h\u00e9ritage m\u00e9di\u00e9val tr\u00e8s riche, qui offre au visiteur int\u00e9ress\u00e9 par l&rsquo;histoire et le patrimoine plusieurs monuments int\u00e9ressants.<\/h4>\n<p>&nbsp;<\/p>\n<p>&nbsp;<\/p>\n<h4 style=\"text-align: center;\">L&rsquo;argile est l&rsquo;autre pilier de l&rsquo;h\u00e9ritage de Breda. Une chapelle d\u00e9di\u00e9e \u00e0 saint Hippolyte, patron des potiers, est attest\u00e9e depuis 1408 dans l&rsquo;\u00e9glise du monast\u00e8re San Salvador. Une tradition centenaire encore vivante aujourd&rsquo;hui, avec des ateliers et des industries modernes qui exportent dans le monde entier, ainsi que des boutiques sp\u00e9cialis\u00e9es.<\/h4>\n<p>[\/vc_column_text][vc_separator type=\u00a0\u00bbtransparent\u00a0\u00bb up=\u00a0\u00bb76&Prime; down=\u00a0\u00bb0&Prime;][vc_row_inner row_type=\u00a0\u00bbrow\u00a0\u00bb type=\u00a0\u00bbfull_width\u00a0\u00bb text_align=\u00a0\u00bbleft\u00a0\u00bb css_animation=\u00a0\u00bb\u00a0\u00bb][vc_column_inner width=\u00a0\u00bb1\/3&Prime;][vc_single_image image=\u00a0\u00bb16329&Prime; img_size=\u00a0\u00bbfull\u00a0\u00bb qode_css_animation=\u00a0\u00bb\u00a0\u00bb][vc_separator type=\u00a0\u00bbtransparent\u00a0\u00bb up=\u00a0\u00bb22&Prime; down=\u00a0\u00bb0&Prime;][vc_column_text]<\/p>\n<h5>MONAST\u00c8RE SAN SALVADOR<br \/>\nXI<sup>e<\/sup>\u00a0SIECLE<\/h5>\n<p>[\/vc_column_text][vc_separator type=\u00a0\u00bbtransparent\u00a0\u00bb up=\u00a0\u00bb13&Prime; down=\u00a0\u00bb0&Prime;][vc_column_text]L&rsquo;actuelle \u00e9glise paroissiale est l\u2019ancienne \u00e9glise du monast\u00e8re San Salvador de Breda. Elle se distingue par son clocher roman lombard de 32\u00a0m de haut, qui appartenait \u00e0 la premi\u00e8re construction&#8230;[\/vc_column_text][vc_separator type=\u00a0\u00bbtransparent\u00a0\u00bb up=\u00a0\u00bb13&Prime; down=\u00a0\u00bb0&Prime;][vc_column_text]<\/p>\n<h6><a href=\"https:\/\/turismebreda.cat\/fr\/monestir-sant-salvador\/\">LIRE PLUS<\/a><\/h6>\n<p>[\/vc_column_text][vc_separator type=\u00a0\u00bbtransparent\u00a0\u00bb up=\u00a0\u00bb76&Prime; down=\u00a0\u00bb0&Prime;][\/vc_column_inner][vc_column_inner width=\u00a0\u00bb1\/3&Prime;][vc_single_image image=\u00a0\u00bb16330&Prime; img_size=\u00a0\u00bbfull\u00a0\u00bb qode_css_animation=\u00a0\u00bb\u00a0\u00bb][vc_separator type=\u00a0\u00bbtransparent\u00a0\u00bb up=\u00a0\u00bb22&Prime; down=\u00a0\u00bb0&Prime;][vc_column_text]<\/p>\n<h5>CLO\u00ceTRE<br \/>\nXIII<sup>e<\/sup> ou XIV<sup>e<\/sup><\/h5>\n<p>[\/vc_column_text][vc_separator type=\u00a0\u00bbtransparent\u00a0\u00bb up=\u00a0\u00bb13&Prime; down=\u00a0\u00bb0&Prime;][vc_column_text]L\u2019ancien clo\u00eetre du monast\u00e8re San Salvador conserve encore son aile nord, adoss\u00e9e \u00e0 l\u2019\u00e9glise, sur les quatre originales. On estime que sa construction remonte \u00e0 la fin du XIII<sup>e<\/sup>\u00a0ou&#8230;[\/vc_column_text][vc_separator type=\u00a0\u00bbtransparent\u00a0\u00bb up=\u00a0\u00bb13&Prime; down=\u00a0\u00bb0&Prime;][vc_column_text]<\/p>\n<h6><a href=\"https:\/\/turismebreda.cat\/fr\/claustre\/\">LIRE PLUS<\/a><\/h6>\n<p>[\/vc_column_text][vc_separator type=\u00a0\u00bbtransparent\u00a0\u00bb up=\u00a0\u00bb76&Prime; down=\u00a0\u00bb0&Prime;][\/vc_column_inner][vc_column_inner width=\u00a0\u00bb1\/3&Prime;][vc_single_image image=\u00a0\u00bb16331&Prime; img_size=\u00a0\u00bbfull\u00a0\u00bb qode_css_animation=\u00a0\u00bb\u00a0\u00bb][vc_separator type=\u00a0\u00bbtransparent\u00a0\u00bb up=\u00a0\u00bb22&Prime; down=\u00a0\u00bb0&Prime;][vc_column_text]<\/p>\n<h5>COUR DE L&rsquo;ABBAYE<br \/>\nXV<sup>e<\/sup> SIECLE<\/h5>\n<p>[\/vc_column_text][vc_separator type=\u00a0\u00bbtransparent\u00a0\u00bb up=\u00a0\u00bb13&Prime; down=\u00a0\u00bb0&Prime;][vc_column_text]Comme son nom l&rsquo;indique, il s\u2019agit de la cour qui donnait acc\u00e8s au palais abbatial.\u00a0On peut encore voir l\u2019escalier menant \u00e0 la r\u00e9sidence de l&rsquo;abb\u00e9, ainsi que le puits qui approvisionnait le monast\u00e8re&#8230;[\/vc_column_text][vc_separator type=\u00a0\u00bbtransparent\u00a0\u00bb up=\u00a0\u00bb13&Prime; down=\u00a0\u00bb0&Prime;][vc_column_text]<\/p>\n<h6><a href=\"https:\/\/turismebreda.cat\/fr\/pati-de-labadia\/\">LIRE PLUS<\/a><\/h6>\n<p>[\/vc_column_text][vc_separator type=\u00a0\u00bbtransparent\u00a0\u00bb up=\u00a0\u00bb76&Prime; down=\u00a0\u00bb0&Prime;][\/vc_column_inner][\/vc_row_inner][\/vc_column][\/vc_row][vc_row css_animation=\u00a0\u00bb\u00a0\u00bb row_type=\u00a0\u00bbrow\u00a0\u00bb use_row_as_full_screen_section=\u00a0\u00bbno\u00a0\u00bb type=\u00a0\u00bbgrid\u00a0\u00bb angled_section=\u00a0\u00bbno\u00a0\u00bb text_align=\u00a0\u00bbleft\u00a0\u00bb background_image_as_pattern=\u00a0\u00bbwithout_pattern\u00a0\u00bb z_index=\u00a0\u00bb\u00a0\u00bb][vc_column width=\u00a0\u00bb1\/3&Prime;][vc_single_image image=\u00a0\u00bb16342&Prime; img_size=\u00a0\u00bbfull\u00a0\u00bb qode_css_animation=\u00a0\u00bb\u00a0\u00bb][vc_separator type=\u00a0\u00bbtransparent\u00a0\u00bb up=\u00a0\u00bb22&Prime; down=\u00a0\u00bb0&Prime;][vc_column_text]<\/p>\n<h5>\u00c9GLISE SANTA MAR\u00cdA<br \/>\nIX<sup>e<\/sup>&#8211; XI<sup>e<\/sup> SIECLES<\/h5>\n<p>[\/vc_column_text][vc_separator type=\u00a0\u00bbtransparent\u00a0\u00bb up=\u00a0\u00bb22&Prime; down=\u00a0\u00bb0&Prime;][vc_column_text]L&rsquo;\u00e9glise Santa Mar\u00eda, l&rsquo;ancienne \u00e9glise paroissiale de la ville, a \u00e9t\u00e9 construite entre 878 et 1038. Elle conserve encore son abside datant du XII<sup>e<\/sup> si\u00e8cle ainsi qu\u2019une partie des peintures murales&#8230;[\/vc_column_text][vc_separator type=\u00a0\u00bbtransparent\u00a0\u00bb up=\u00a0\u00bb13&Prime; down=\u00a0\u00bb0&Prime;][vc_column_text]<\/p>\n<h6><a href=\"https:\/\/turismebreda.cat\/fr\/esglesia-de-santa-maria\/\">LIRE PLUS<\/a><\/h6>\n<p>[\/vc_column_text][vc_separator type=\u00a0\u00bbtransparent\u00a0\u00bb up=\u00a0\u00bb76&Prime; down=\u00a0\u00bb0&Prime;][\/vc_column][vc_column width=\u00a0\u00bb1\/3&Prime;][vc_single_image image=\u00a0\u00bb16343&Prime; img_size=\u00a0\u00bbfull\u00a0\u00bb qode_css_animation=\u00a0\u00bb\u00a0\u00bb][vc_separator type=\u00a0\u00bbtransparent\u00a0\u00bb up=\u00a0\u00bb22&Prime; down=\u00a0\u00bb0&Prime;][vc_column_text]<\/p>\n<h5>ERMITAGE DE SANTA ANNA<br \/>\nXVII<sup>e<\/sup> SIECLE<\/h5>\n<p>[\/vc_column_text][vc_separator type=\u00a0\u00bbtransparent\u00a0\u00bb up=\u00a0\u00bb22&Prime; down=\u00a0\u00bb0&Prime;][vc_column_text]L\u2019existence de l\u2019ermitage Santa Anna, de style baroque, est attest\u00e9e depuis 1624. La date de b\u00e9n\u00e9diction que l\u2019on peut observer, 1789, co\u00efncide s\u00fbrement avec des travaux d\u2019am\u00e9lioration ou&#8230;[\/vc_column_text][vc_separator type=\u00a0\u00bbtransparent\u00a0\u00bb up=\u00a0\u00bb13&Prime; down=\u00a0\u00bb0&Prime;][vc_column_text]<\/p>\n<h6><a href=\"https:\/\/turismebreda.cat\/fr\/ermita-de-santa-anna\/\">LIRE PLUS<\/a><\/h6>\n<p>[\/vc_column_text][vc_separator type=\u00a0\u00bbtransparent\u00a0\u00bb up=\u00a0\u00bb76&Prime; down=\u00a0\u00bb0&Prime;][\/vc_column][vc_column width=\u00a0\u00bb1\/3&Prime;][vc_single_image image=\u00a0\u00bb16344&Prime; img_size=\u00a0\u00bbfull\u00a0\u00bb qode_css_animation=\u00a0\u00bb\u00a0\u00bb][vc_separator type=\u00a0\u00bbtransparent\u00a0\u00bb up=\u00a0\u00bb22&Prime; down=\u00a0\u00bb0&Prime;][vc_column_text]<\/p>\n<h5>CH\u00c2TEAU DE MONTSORIU<br \/>\nXI<sup>e<\/sup> SIECLE<\/h5>\n<p>[\/vc_column_text][vc_separator type=\u00a0\u00bbtransparent\u00a0\u00bb up=\u00a0\u00bb22&Prime; down=\u00a0\u00bb0&Prime;][vc_column_text]Le ch\u00e2teau de Montsoriu ne se situe pas sur la commune de Breda, mais fait tout de m\u00eame partie de son patrimoine en raison de sa proximit\u00e9 et de son lien historique. Bien que les premi\u00e8res&#8230;[\/vc_column_text][vc_separator type=\u00a0\u00bbtransparent\u00a0\u00bb up=\u00a0\u00bb13&Prime; down=\u00a0\u00bb0&Prime;][vc_column_text]<\/p>\n<h6><a href=\"https:\/\/turismebreda.cat\/fr\/castell-de-montsoriu\/\">LIRE PLUS<\/a><\/h6>\n<p>[\/vc_column_text][vc_separator type=\u00a0\u00bbtransparent\u00a0\u00bb up=\u00a0\u00bb76&Prime; down=\u00a0\u00bb0&Prime;][\/vc_column][\/vc_row][vc_row row_type=\u00a0\u00bbparallax\u00a0\u00bb parallax_content_width=\u00a0\u00bbin_grid\u00a0\u00bb text_align=\u00a0\u00bbleft\u00a0\u00bb full_screen_section_height=\u00a0\u00bbno\u00a0\u00bb anchor=\u00a0\u00bbportfolio\u00a0\u00bb background_image=\u00a0\u00bb16336&Prime; section_height=\u00a0\u00bb450&Prime;][vc_column][vc_separator type=\u00a0\u00bbtransparent\u00a0\u00bb up=\u00a0\u00bb120&Prime; down=\u00a0\u00bb0&Prime;][vc_column_text]<\/p>\n<h2 style=\"text-align: center;\"><span style=\"color: #13a538;\">ENVIRONNEMENT NATUREL<\/span><\/h2>\n<p>[\/vc_column_text][vc_separator type=\u00a0\u00bbsmall\u00a0\u00bb position=\u00a0\u00bbcenter\u00a0\u00bb down=\u00a0\u00bb18&Prime; up=\u00a0\u00bb17&Prime; color=\u00a0\u00bb#ffffff\u00a0\u00bb][vc_column_text]<\/p>\n<p style=\"text-align: center;\"><span style=\"color: #ffffff;\">Breda fait partie du Parc naturel du Montseny, class\u00e9 r\u00e9serve de Biosph\u00e8re par l&rsquo;Unesco depuis 1978. C&rsquo;est un excellent point de d\u00e9part pour randonner dans ce massif \u00e0 la v\u00e9g\u00e9tation et \u00e0 la faune extraordinairement riches et vari\u00e9es. Artur Osona, l&rsquo;auteur du premier guide de randonn\u00e9e d&rsquo;une montagne catalane (1879), d\u00e9crit dans son ouvrage un trajet entre Breda et le Tur\u00f3 de l&rsquo;Home.<\/span><\/p>\n<p>&nbsp;<\/p>\n<p style=\"text-align: center;\"><a href=\"http:\/\/parcs.diba.cat\/web\/montseny\" target=\"_blank\" rel=\"noopener noreferrer\">http:\/\/parcs.diba.cat\/web\/montseny<\/a><br \/>\n<a href=\"http:\/\/www.turisme-montseny.com\/\" target=\"_blank\" rel=\"noopener noreferrer\">www.turisme-montseny.com\/<\/a><\/p>\n<p>[\/vc_column_text][vc_separator type=\u00a0\u00bbtransparent\u00a0\u00bb up=\u00a0\u00bb100&Prime; down=\u00a0\u00bb0&Prime;][\/vc_column][\/vc_row][vc_row css_animation=\u00a0\u00bb\u00a0\u00bb row_type=\u00a0\u00bbrow\u00a0\u00bb use_row_as_full_screen_section=\u00a0\u00bbno\u00a0\u00bb type=\u00a0\u00bbgrid\u00a0\u00bb angled_section=\u00a0\u00bbno\u00a0\u00bb text_align=\u00a0\u00bbleft\u00a0\u00bb background_image_as_pattern=\u00a0\u00bbwithout_pattern\u00a0\u00bb background_color=\u00a0\u00bb#ededed\u00a0\u00bb padding_top=\u00a0\u00bb88&Prime; padding_bottom=\u00a0\u00bb50&Prime; z_index=\u00a0\u00bb\u00a0\u00bb][vc_column][vc_column_text]<\/p>\n<h2 style=\"text-align: center;\">VISITES GUID\u00c9ES<\/h2>\n<p>[\/vc_column_text][vc_separator type=\u00a0\u00bbsmall\u00a0\u00bb position=\u00a0\u00bbcenter\u00a0\u00bb down=\u00a0\u00bb18&Prime; up=\u00a0\u00bb17&Prime;][vc_column_text]<\/p>\n<h4 style=\"text-align: center;\">Pour organiser une visite guid\u00e9e du patrimoine historique de Breda, veuillez contacter le Centre culturel et d&rsquo;information touristique Els Forns, en envoyant un e-mail \u00e0\u00a0<a href=\"mailto:elsforns@breda.cat\" target=\"_blank\" rel=\"noopener noreferrer\">elsforns@breda.cat<\/a>\u00a0ou appelant le +34 972 87 15 30 pendant les heures d&rsquo;ouverture (le samedi de 9.30h \u00e0 13.30h et de 16h \u00e0 19h;\u00a0le dimanche et les jours f\u00e9ri\u00e9s de 9.30h \u00e0 13.30h).<\/h4>\n<p>[\/vc_column_text][vc_separator type=\u00a0\u00bbtransparent\u00a0\u00bb up=\u00a0\u00bb52&Prime; down=\u00a0\u00bb0&Prime;][\/vc_column][\/vc_row][vc_row row_type=\u00a0\u00bbexpandable\u00a0\u00bb text_align=\u00a0\u00bbleft\u00a0\u00bb background_color=\u00a0\u00bb#13a538&Prime; color=\u00a0\u00bb#ffffff\u00a0\u00bb more_button_label=\u00a0\u00bbNous vous proposons plusieurs circuits de d\u00e9couverte.\u00a0\u00bb less_button_label=\u00a0\u00bbTanca aquest apartat\u00a0\u00bb hover_color=\u00a0\u00bb#ffffff\u00a0\u00bb expandable_content_top_padding=\u00a0\u00bb35&Prime;][vc_column][vc_row_inner row_type=\u00a0\u00bbrow\u00a0\u00bb type=\u00a0\u00bbgrid\u00a0\u00bb text_align=\u00a0\u00bbleft\u00a0\u00bb css_animation=\u00a0\u00bb\u00a0\u00bb][vc_column_inner][vc_column_text]<\/p>\n<p style=\"text-align: center;\">Nous vous proposons plusieurs circuits de d\u00e9couverte.<\/p>\n<p>[\/vc_column_text][vc_separator type=\u00a0\u00bbtransparent\u00a0\u00bb up=\u00a0\u00bb60&Prime; down=\u00a0\u00bb0&Prime;][\/vc_column_inner][\/vc_row_inner][\/vc_column][\/vc_row][vc_row css_animation=\u00a0\u00bb\u00a0\u00bb row_type=\u00a0\u00bbrow\u00a0\u00bb use_row_as_full_screen_section=\u00a0\u00bbno\u00a0\u00bb type=\u00a0\u00bbgrid\u00a0\u00bb angled_section=\u00a0\u00bbno\u00a0\u00bb text_align=\u00a0\u00bbleft\u00a0\u00bb background_image_as_pattern=\u00a0\u00bbwithout_pattern\u00a0\u00bb z_index=\u00a0\u00bb\u00a0\u00bb css=\u00a0\u00bb.vc_custom_1566377824270{margin-top: 80px !important;}\u00a0\u00bb][vc_column width=\u00a0\u00bb1\/3&Prime;][vc_single_image image=\u00a0\u00bb17917&Prime; img_size=\u00a0\u00bbfull\u00a0\u00bb qode_css_animation=\u00a0\u00bb\u00a0\u00bb][vc_separator type=\u00a0\u00bbtransparent\u00a0\u00bb up=\u00a0\u00bb22&Prime; down=\u00a0\u00bb0&Prime;][vc_column_text]<\/p>\n<h5>CENTRE CULTUREL ELS FORNS<\/h5>\n<p>[\/vc_column_text][vc_separator type=\u00a0\u00bbtransparent\u00a0\u00bb up=\u00a0\u00bb22&Prime; down=\u00a0\u00bb0&Prime;][vc_column_text]Ancien atelier d&rsquo;argile datant du XIX<sup>e<\/sup> si\u00e8cle, il abrite deux fours mauresques qui \u00e9taient traditionnellement utilis\u00e9s pour cuire l&rsquo;argile. Il accueille une exposition permanente&#8230;[\/vc_column_text][vc_separator type=\u00a0\u00bbtransparent\u00a0\u00bb up=\u00a0\u00bb13&Prime; down=\u00a0\u00bb0&Prime;][vc_column_text]<\/p>\n<h6><a href=\"https:\/\/turismebreda.cat\/fr\/centre-culturel-els-forns\/\">LIRE PLUS<\/a><\/h6>\n<p>[\/vc_column_text][vc_separator type=\u00a0\u00bbtransparent\u00a0\u00bb up=\u00a0\u00bb76&Prime; down=\u00a0\u00bb0&Prime;][\/vc_column][vc_column width=\u00a0\u00bb1\/3&Prime;][vc_single_image image=\u00a0\u00bb17913&Prime; img_size=\u00a0\u00bbfull\u00a0\u00bb qode_css_animation=\u00a0\u00bb\u00a0\u00bb][vc_separator type=\u00a0\u00bbtransparent\u00a0\u00bb up=\u00a0\u00bb22&Prime; down=\u00a0\u00bb0&Prime;][vc_column_text]<\/p>\n<h5>MUS\u00c9E JOSEP ARAGAY<\/h5>\n<p>[\/vc_column_text][vc_separator type=\u00a0\u00bbtransparent\u00a0\u00bb up=\u00a0\u00bb22&Prime; down=\u00a0\u00bb0&Prime;][vc_column_text]Le rez-de-chauss\u00e9e de l&rsquo;h\u00f4tel de ville abrite le mus\u00e9e Josep Aragay, d\u00e9di\u00e9 \u00e0 la diffusion de l&rsquo;\u0153uvre de cet artiste <em>noucentiste<\/em>. Aragay, qui y v\u00e9cut entre 1889 et 1973, fut une figure de proue du&#8230;[\/vc_column_text][vc_separator type=\u00a0\u00bbtransparent\u00a0\u00bb up=\u00a0\u00bb13&Prime; down=\u00a0\u00bb0&Prime;][vc_column_text]<\/p>\n<h6><a href=\"https:\/\/turismebreda.cat\/fr\/musee-josep-aragay\/\">LIRE PLUS<\/a><\/h6>\n<p>[\/vc_column_text][vc_separator type=\u00a0\u00bbtransparent\u00a0\u00bb up=\u00a0\u00bb76&Prime; down=\u00a0\u00bb0&Prime;][\/vc_column][vc_column width=\u00a0\u00bb1\/3&Prime;][vc_single_image image=\u00a0\u00bb16353&Prime; img_size=\u00a0\u00bbfull\u00a0\u00bb qode_css_animation=\u00a0\u00bb\u00a0\u00bb][vc_separator type=\u00a0\u00bbtransparent\u00a0\u00bb up=\u00a0\u00bb22&Prime; down=\u00a0\u00bb0&Prime;][vc_column_text]<\/p>\n<h5>MARCH\u00c9 HEBDOMADAIRE<\/h5>\n<p>[\/vc_column_text][vc_separator type=\u00a0\u00bbtransparent\u00a0\u00bb up=\u00a0\u00bb22&Prime; down=\u00a0\u00bb0&Prime;][vc_column_text]Le march\u00e9 hebdomadaire, d&rsquo;o\u00f9 il se d\u00e9gage une douce atmosph\u00e8re, se tient tous les dimanches matin autour de l\u2019\u00e9glise et de l\u2019h\u00f4tel de ville. C&rsquo;est une excellente occasion de venir fl\u00e2ner et de&#8230;[\/vc_column_text][vc_separator type=\u00a0\u00bbtransparent\u00a0\u00bb up=\u00a0\u00bb13&Prime; down=\u00a0\u00bb0&Prime;][vc_column_text]<\/p>\n<h6><a href=\"https:\/\/turismebreda.cat\/fr\/mercat-setmanal\/\">LIRE PLUS<\/a><\/h6>\n<p>[\/vc_column_text][vc_separator type=\u00a0\u00bbtransparent\u00a0\u00bb up=\u00a0\u00bb76&Prime; down=\u00a0\u00bb0&Prime;][\/vc_column][\/vc_row][vc_row row_type=\u00a0\u00bbparallax\u00a0\u00bb parallax_content_width=\u00a0\u00bbin_grid\u00a0\u00bb text_align=\u00a0\u00bbleft\u00a0\u00bb full_screen_section_height=\u00a0\u00bbno\u00a0\u00bb anchor=\u00a0\u00bbportfolio\u00a0\u00bb background_image=\u00a0\u00bb16372&Prime; section_height=\u00a0\u00bb380&Prime;][vc_column][vc_separator type=\u00a0\u00bbtransparent\u00a0\u00bb up=\u00a0\u00bb100&Prime; down=\u00a0\u00bb0&Prime;][vc_column_text]<\/p>\n<h2 style=\"text-align: center;\"><span style=\"color: #13a538;\">ARTISANAT<\/span><\/h2>\n<p>[\/vc_column_text][vc_separator type=\u00a0\u00bbsmall\u00a0\u00bb position=\u00a0\u00bbcenter\u00a0\u00bb down=\u00a0\u00bb18&Prime; up=\u00a0\u00bb17&Prime; color=\u00a0\u00bb#ffffff\u00a0\u00bb][vc_column_text]<\/p>\n<h4 style=\"text-align: center;\"><span style=\"color: #ffffff;\">Breda abrite plusieurs boutiques de c\u00e9ramiques et d\u2019objets en terre cuite. Celles-ci proposent aussi bien des objets de fabrication locale que des pi\u00e8ces provenant de partout ailleurs.<\/span><\/h4>\n<h4 style=\"text-align: center;\"><span style=\"color: #ffffff;\">La plupart des boutiques de poterie se situent le long de la route d&rsquo;Arb\u00facies, l\u2019art\u00e8re qui traverse la localit\u00e9. Elles ouvrent le dimanche matin.<\/span><\/h4>\n<p>[\/vc_column_text][\/vc_column][\/vc_row][vc_row css_animation=\u00a0\u00bb\u00a0\u00bb row_type=\u00a0\u00bbrow\u00a0\u00bb use_row_as_full_screen_section=\u00a0\u00bbno\u00a0\u00bb type=\u00a0\u00bbgrid\u00a0\u00bb angled_section=\u00a0\u00bbno\u00a0\u00bb text_align=\u00a0\u00bbleft\u00a0\u00bb background_image_as_pattern=\u00a0\u00bbwithout_pattern\u00a0\u00bb background_color=\u00a0\u00bb#ffffff\u00a0\u00bb z_index=\u00a0\u00bb\u00a0\u00bb padding_top=\u00a0\u00bb60&Prime; padding_bottom=\u00a0\u00bb60&Prime;][vc_column][vc_row_inner row_type=\u00a0\u00bbrow\u00a0\u00bb type=\u00a0\u00bbfull_width\u00a0\u00bb text_align=\u00a0\u00bbleft\u00a0\u00bb css_animation=\u00a0\u00bb\u00a0\u00bb][vc_column_inner width=\u00a0\u00bb1\/5&Prime;][\/vc_column_inner][vc_column_inner width=\u00a0\u00bb1\/5&Prime;]<div class='q_icon_with_title large circle center '><div class=\"icon_holder \" style=\" \"><a itemprop=\"url\" href=\"http:\/\/turismebreda.cat\/on-menjar\/\" target=\"\" class=\"q_icon_link\"><span data-icon-type=\"circle\" data-icon-hover-color=\"#ffffff\"  class=\"qode_iwt_icon_holder fa-stack fa-4x  \" style=\"border-color: #000000;\"><i class=\"qode_icon_font_awesome fa fa-cutlery qode_iwt_icon_element\" style=\"color: #000000;\" ><\/i><\/span><\/a><\/div><div class=\"icon_text_holder\" style=\"\"><div class=\"icon_text_inner\" style=\"\"><h5 class=\"icon_title\" style=\"\">O\u00d9 MANGER<\/h5><p style=''><\/p><a itemprop='url' class='icon_with_title_link' href='http:\/\/turismebreda.cat\/on-menjar\/' target='_self' style='color: #ffffff;'>.<\/a><\/div><\/div><\/div>[\/vc_column_inner][vc_column_inner width=\u00a0\u00bb1\/5&Prime;]<div class='q_icon_with_title large circle center '><div class=\"icon_holder \" style=\" \"><a itemprop=\"url\" href=\"http:\/\/turismebreda.cat\/on-dormir\/\" target=\"\" class=\"q_icon_link\"><span data-icon-type=\"circle\" data-icon-hover-color=\"#ffffff\"  class=\"qode_iwt_icon_holder fa-stack fa-4x  \" style=\"border-color: #000000;\"><i class=\"qode_icon_font_awesome fa fa-bed qode_iwt_icon_element\" style=\"color: #000000;\" ><\/i><\/span><\/a><\/div><div class=\"icon_text_holder\" style=\"\"><div class=\"icon_text_inner\" style=\"\"><h5 class=\"icon_title\" style=\"\">O\u00d9 DORMIR<\/h5><p style=''><\/p><a itemprop='url' class='icon_with_title_link' href='http:\/\/turismebreda.cat\/on-dormir\/' target='_self' style='color: #ffffff;'>.<\/a><\/div><\/div><\/div>[\/vc_column_inner][vc_column_inner width=\u00a0\u00bb1\/5&Prime;]<div class='q_icon_with_title large circle center '><div class=\"icon_holder \" style=\" \"><a itemprop=\"url\" href=\"http:\/\/turismebreda.cat\/com-arribar\/\" target=\"\" class=\"q_icon_link\"><span data-icon-type=\"circle\" data-icon-hover-color=\"#ffffff\"  class=\"qode_iwt_icon_holder fa-stack fa-4x  \" style=\"border-color: #000000;\"><i class=\"qode_icon_font_awesome fa fa-map-marker qode_iwt_icon_element\" style=\"color: #000000;\" ><\/i><\/span><\/a><\/div><div class=\"icon_text_holder\" style=\"\"><div class=\"icon_text_inner\" style=\"\"><h5 class=\"icon_title\" style=\"\">COMMENT S'Y RENDRE<\/h5><p style=''><\/p><a itemprop='url' class='icon_with_title_link' href='http:\/\/turismebreda.cat\/com-arribar\/' target='_self' style='color: #ffffff;'>.<\/a><\/div><\/div><\/div>[\/vc_column_inner][vc_column_inner width=\u00a0\u00bb1\/5&Prime;][\/vc_column_inner][\/vc_row_inner][\/vc_column][\/vc_row]<\/p>\n","protected":false},"excerpt":{"rendered":"<p>[vc_row css_animation=\u00a0\u00bb\u00a0\u00bb row_type=\u00a0\u00bbrow\u00a0\u00bb use_row_as_full_screen_section=\u00a0\u00bbno\u00a0\u00bb type=\u00a0\u00bbgrid\u00a0\u00bb angled_section=\u00a0\u00bbno\u00a0\u00bb text_align=\u00a0\u00bbleft\u00a0\u00bb background_image_as_pattern=\u00a0\u00bbwithout_pattern\u00a0\u00bb padding_top=\u00a0\u00bb70&Prime; padding_bottom=\u00a0\u00bb0&Prime; anchor=\u00a0\u00bbportfolio\u00a0\u00bb background_color=\u00a0\u00bb#ffffff\u00a0\u00bb z_index=\u00a0\u00bb\u00a0\u00bb][vc_column][vc_column_text] PATRIMOINE, HISTOIRE, ARTISANAT, MONTSENY [\/vc_column_text][vc_separator type=\u00a0\u00bbsmall\u00a0\u00bb position=\u00a0\u00bbcenter\u00a0\u00bb down=\u00a0\u00bb18&Prime; up=\u00a0\u00bb17&Prime;][vc_column_text] Guerau de Cabrera et son \u00e9pouse, Ermessenda, vicomtes de G\u00e9rone et seigneurs de Breda et de ses environs, fondent le monast\u00e8re b\u00e9n\u00e9dictin San&#8230;<\/p>\n","protected":false},"author":1,"featured_media":0,"parent":0,"menu_order":0,"comment_status":"open","ping_status":"closed","template":"full_width.php","meta":[],"_links":{"self":[{"href":"https:\/\/turismebreda.cat\/fr\/wp-json\/wp\/v2\/pages\/16947"}],"collection":[{"href":"https:\/\/turismebreda.cat\/fr\/wp-json\/wp\/v2\/pages"}],"about":[{"href":"https:\/\/turismebreda.cat\/fr\/wp-json\/wp\/v2\/types\/page"}],"author":[{"embeddable":true,"href":"https:\/\/turismebreda.cat\/fr\/wp-json\/wp\/v2\/users\/1"}],"replies":[{"embeddable":true,"href":"https:\/\/turismebreda.cat\/fr\/wp-json\/wp\/v2\/comments?post=16947"}],"version-history":[{"count":18,"href":"https:\/\/turismebreda.cat\/fr\/wp-json\/wp\/v2\/pages\/16947\/revisions"}],"predecessor-version":[{"id":17942,"href":"https:\/\/turismebreda.cat\/fr\/wp-json\/wp\/v2\/pages\/16947\/revisions\/17942"}],"wp:attachment":[{"href":"https:\/\/turismebreda.cat\/fr\/wp-json\/wp\/v2\/media?parent=16947"}],"curies":[{"name":"wp","href":"https:\/\/api.w.org\/{rel}","templated":true}]}}