{"id":17431,"date":"2019-09-09T11:25:31","date_gmt":"2019-09-09T09:25:31","guid":{"rendered":"http:\/\/turismebreda.cat\/avis-legal\/"},"modified":"2019-09-09T11:25:31","modified_gmt":"2019-09-09T09:25:31","slug":"avis-legal","status":"publish","type":"page","link":"https:\/\/turismebreda.cat\/es\/avis-legal\/","title":{"rendered":"Av\u00eds Legal"},"content":{"rendered":"<p>[vc_row css_animation=\u00bb\u00bb row_type=\u00bbrow\u00bb use_row_as_full_screen_section=\u00bbno\u00bb type=\u00bbfull_width\u00bb angled_section=\u00bbno\u00bb text_align=\u00bbleft\u00bb background_image_as_pattern=\u00bbwithout_pattern\u00bb][vc_column][vc_column_text]<\/p>\n<p style=\"text-align: justify;\">Aquest lloc web i el domini s\u00f3n propietat de l\u2019Ajuntament de Breda, amb domicili a la pla\u00e7a de la Vila n\u00fam. 9, de Breda (CP 17400), CIF P1703000H, tel + 34 972 87 00 12 i correu electr\u00f2nic info@breda.cat.<\/p>\n<p>&nbsp;<\/p>\n<p style=\"text-align: justify;\">Sobre els continguts d\u2019aquest lloc, incloent-hi els textos, imatges i dissenys, existeixen drets de propietat intel\u00b7lectual que corresponen a l\u2019Ajuntament de Breda o a tercers que n\u2019han autoritzat el seu \u00fas. L\u2019Ajuntament presenta aquests continguts amb finalitats d\u2019informaci\u00f3 i oferiment de serveis. De forma general i excepte que s\u2019indiqui expressament el contrari, aquests continguts es poden reproduir, distribuir i comunicar p\u00fablicament sempre que es faci sense finalitat comercial i per a les finalitats pr\u00f2pies del lloc web.<\/p>\n<p>&nbsp;<\/p>\n<p style=\"text-align: justify;\">L\u2019Ajuntament informa que el seu escut pot ser utilitzat \u00fanicament per a identificar activitats o iniciatives pr\u00f2pies de l\u2019Ajuntament, o d\u2019altres persones o institucions quan aquestes iniciatives o activitats compten amb el suport expl\u00edcit o la participaci\u00f3 de l\u2019Ajuntament.<\/p>\n<p>&nbsp;<\/p>\n<p style=\"text-align: justify;\">L\u2019Ajuntament de Breda ent\u00e9n que en el moment d\u2019omplir els formularis que figuren en el lloc, l\u2019usuari es considera suficientment informat de les finalitats de la recollida de les seves dades personals i del tractament que se\u2019n derivar\u00e0. Excepte indicaci\u00f3 expressa en sentit contrari aquestes dades s\u2019integraran als fitxers de l\u2019Ajuntament de Breda per al seu tractament amb les finalitats que s\u2019indiquin en cada cas. Els interessats podran exercir els seus drets d\u2019acc\u00e9s, rectificaci\u00f3, oposici\u00f3 i cancel\u00b7laci\u00f3 tot adre\u00e7ant-se a l\u2019Ajuntament per qualsevol mitj\u00e0. Poden obtenir m\u00e9s informaci\u00f3 sobre els criteris i mesures en mat\u00e8ria de tractament de dades tot adre\u00e7ant-se a les adreces de l\u2019Ajuntament que figuren a l\u2019inici d\u2019aquesta nota.<\/p>\n<p>&nbsp;<\/p>\n<p style=\"text-align: justify;\">Les comunicacions de l\u2019usuari del web que comportin l\u2019enviament de dades de car\u00e0cter personal, es faran mitjan\u00e7ant un sistema que garanteixi la confidencialitat de les dades i de la informaci\u00f3. L\u2019usuari pot verificar si s\u2019ha activat aquest sistema per mitj\u00e0 d\u2019un cadenat tancat que apareixer\u00e0 a la part inferior dreta de la pantalla.<\/p>\n<p>&nbsp;<\/p>\n<p style=\"text-align: justify;\">L\u2019Ajuntament de Breda informa als usuaris del web que les dades personals de l\u2019usuari no seran controlades per galetes (cookies) que en permetin la seva identificaci\u00f3.<\/p>\n<p>&nbsp;<\/p>\n<p style=\"text-align: justify;\">L\u2019Ajuntament de Breda no es fa responsable davant dels usuaris del seu lloc web dels possibles danys o perjudicis que es puguin derivar d\u2019interfer\u00e8ncies, omissions, interrupcions, virus inform\u00e0tics, sobrec\u00e0rrega de les l\u00ednies, avaries o desconnexions quan estiguin motivades per causes que li s\u00f3n alienes. Tampoc no se\u2019n fa dels danys que puguin ser causats per terceres persones mitjan\u00e7ant intromissions il\u00b7leg\u00edtimes fora del control de l\u2019Ajuntament. No obstant es compromet a advertir pr\u00e8viament de les interrupcions en el funcionament del web i dels serveis.<\/p>\n<p>&nbsp;<\/p>\n<p style=\"text-align: justify;\">L\u2019Ajuntament no es fa responsable del contingut, exactitud i actualitzaci\u00f3 de la informaci\u00f3 d\u2019altres persones f\u00edsiques o jur\u00eddiques a la que es remeti per mitj\u00e0 d\u2019enlla\u00e7os o d\u2019altres sistemes.<\/p>\n<p>&nbsp;<\/p>\n<p style=\"text-align: justify;\">No s\u2019autoritzen presentacions dels continguts d\u2019aquest lloc en una finestra aliena (framing) sense autoritzaci\u00f3 expressa i per escrit de l\u2019Ajuntament de Breda.<\/p>\n<p>&nbsp;<\/p>\n<p style=\"text-align: justify;\">Els possibles conflictes relatius a la utilitzaci\u00f3 d\u2019aquest web es regiran exclusivament pel dret de l\u2019Estat espanyol i de Catalunya. Tota persona usu\u00e0ria del web, independentment de la jurisdicci\u00f3 territorial des de la qual es produeixi el seu acc\u00e9s, accepta el compliment i respecte d\u2019aquesta cl\u00e0usula amb ren\u00fancia expressa a qualsevol altre fur.<\/p>\n<p>&nbsp;<\/p>\n<p><a href=\"http:\/\/creativecommons.org\/licenses\/by-nc-nd\/2.5\/es\/deed.ca\" target=\"_blank\" rel=\"noopener noreferrer\">Els continguts d\u2019aquest web estan subjectes a una llic\u00e8ncia de Creative Commons si no s\u2019indica el contrari.<\/a><\/p>\n<p>A\/e\u00a0<a href=\"mailto:ajuntament@breda.cat\">ajuntament@breda.cat<\/a><\/p>\n<p>&nbsp;<\/p>\n<p>[\/vc_column_text][\/vc_column][\/vc_row]<\/p>\n","protected":false},"excerpt":{"rendered":"<p>[vc_row css_animation=\u00bb\u00bb row_type=\u00bbrow\u00bb use_row_as_full_screen_section=\u00bbno\u00bb type=\u00bbfull_width\u00bb angled_section=\u00bbno\u00bb text_align=\u00bbleft\u00bb background_image_as_pattern=\u00bbwithout_pattern\u00bb][vc_column][vc_column_text] Aquest lloc web i el domini s\u00f3n propietat de l\u2019Ajuntament de Breda, amb domicili a la pla\u00e7a de la Vila n\u00fam. 9, de Breda (CP 17400), CIF P1703000H, tel + 34 972 87 00 12 i correu&#8230;<\/p>\n","protected":false},"author":1,"featured_media":0,"parent":0,"menu_order":0,"comment_status":"closed","ping_status":"closed","template":"","meta":[],"_links":{"self":[{"href":"https:\/\/turismebreda.cat\/es\/wp-json\/wp\/v2\/pages\/17431"}],"collection":[{"href":"https:\/\/turismebreda.cat\/es\/wp-json\/wp\/v2\/pages"}],"about":[{"href":"https:\/\/turismebreda.cat\/es\/wp-json\/wp\/v2\/types\/page"}],"author":[{"embeddable":true,"href":"https:\/\/turismebreda.cat\/es\/wp-json\/wp\/v2\/users\/1"}],"replies":[{"embeddable":true,"href":"https:\/\/turismebreda.cat\/es\/wp-json\/wp\/v2\/comments?post=17431"}],"version-history":[{"count":0,"href":"https:\/\/turismebreda.cat\/es\/wp-json\/wp\/v2\/pages\/17431\/revisions"}],"wp:attachment":[{"href":"https:\/\/turismebreda.cat\/es\/wp-json\/wp\/v2\/media?parent=17431"}],"curies":[{"name":"wp","href":"https:\/\/api.w.org\/{rel}","templated":true}]}}