{"id":17388,"date":"2019-09-24T22:24:29","date_gmt":"2019-09-24T20:24:29","guid":{"rendered":"http:\/\/turismebreda.cat\/museu-josep-aragay\/"},"modified":"2026-02-24T19:31:22","modified_gmt":"2026-02-24T18:31:22","slug":"museo-josep-aragay","status":"publish","type":"page","link":"https:\/\/turismebreda.cat\/es\/museo-josep-aragay\/","title":{"rendered":"MUSEO JOSEP ARAGAY"},"content":{"rendered":"<p>[vc_row css_animation=\u00bb\u00bb row_type=\u00bbrow\u00bb use_row_as_full_screen_section=\u00bbno\u00bb type=\u00bbgrid\u00bb angled_section=\u00bbno\u00bb text_align=\u00bbleft\u00bb background_image_as_pattern=\u00bbwithout_pattern\u00bb padding_top=\u00bb80&#8243; padding_bottom=\u00bb0&#8243; anchor=\u00bbportfolio\u00bb z_index=\u00bb\u00bb][vc_column][vc_row_inner row_type=\u00bbrow\u00bb type=\u00bbfull_width\u00bb text_align=\u00bbleft\u00bb css_animation=\u00bb\u00bb][vc_column_inner width=\u00bb1\/2&#8243;][vc_column_text]<\/p>\n<h5 style=\"text-align: left;\">MUSEO JOSEP ARAGAY<\/h5>\n<p>[\/vc_column_text][vc_separator type=\u00bbsmall\u00bb position=\u00bbleft\u00bb down=\u00bb18&#8243; up=\u00bb17&#8243;][vc_column_text]En los bajos del edificio del Ayuntamiento se encuentra el Museo Josep Aragay, que est\u00e1 dedicado a la difusi\u00f3n de la obra de este artista novecentista. Aragay vivi\u00f3 entre 1889 y 1973 y fue un personaje de referencia dentro del movimiento cultural del Novecentismo. Ejerci\u00f3 de te\u00f3rico del arte, de pintor, dibujante, grabador y ceramista, y marc\u00f3 una gran influencia en el mundo intelectual y art\u00edstico de su \u00e9poca, hasta el punto de que Eugeni d&#8217;Ors le encarg\u00f3 la direcci\u00f3n art\u00edstica del Almanac dels Noucentistes. Nacido en Barcelona, en 1925 vino a vivir a Breda, el pueblo de su madre, donde abri\u00f3 un obrador de cer\u00e1mica. Dentro del museo tambi\u00e9n se pueden ver unas pinturas rom\u00e1nicas de la antigua iglesia parroquial del pueblo, reconvertida en Ayuntamiento a ra\u00edz de la desamortizaci\u00f3n de 1835.<\/p>\n<p>&nbsp;<\/p>\n<p>Carrer Nou, 2<br \/>\nHorario:<br \/>\nMa\u00f1anas de jueves a domingo (y festivos): de 9:30 h a 13:30 h<br \/>\nTardes de s\u00e1bado: de 16:00 h a 19:00 h<br \/>\n<a href=\"http:\/\/www.museuaragay.cat\" target=\"_blank\" rel=\"noopener noreferrer\">www.museuaragay.cat<\/a>[\/vc_column_text][vc_empty_space height=\u00bb40px\u00bb][\/vc_column_inner][vc_column_inner width=\u00bb1\/2&#8243;][vc_single_image image=\u00bb17889&#8243; img_size=\u00bbfull\u00bb alignment=\u00bbcenter\u00bb qode_css_animation=\u00bbelement_from_fade\u00bb transition_delay=\u00bb0.4&#8243;][vc_empty_space height=\u00bb40px\u00bb][\/vc_column_inner][\/vc_row_inner][vc_row_inner row_type=\u00bbrow\u00bb type=\u00bbfull_width\u00bb text_align=\u00bbleft\u00bb css_animation=\u00bb\u00bb][vc_column_inner width=\u00bb7\/12&#8243;][vc_single_image image=\u00bb17966&#8243; img_size=\u00bbfull\u00bb alignment=\u00bbcenter\u00bb qode_css_animation=\u00bbelement_from_fade\u00bb transition_delay=\u00bb0.4&#8243;][vc_empty_space height=\u00bb40px\u00bb][\/vc_column_inner][vc_column_inner width=\u00bb5\/12&#8243;][vc_single_image image=\u00bb17885&#8243; img_size=\u00bbfull\u00bb alignment=\u00bbcenter\u00bb qode_css_animation=\u00bbelement_from_fade\u00bb transition_delay=\u00bb0.4&#8243;][vc_empty_space height=\u00bb40px\u00bb][\/vc_column_inner][\/vc_row_inner][\/vc_column][\/vc_row][vc_row css_animation=\u00bb\u00bb row_type=\u00bbrow\u00bb use_row_as_full_screen_section=\u00bbno\u00bb type=\u00bbfull_width\u00bb angled_section=\u00bbno\u00bb text_align=\u00bbleft\u00bb background_image_as_pattern=\u00bbwithout_pattern\u00bb][vc_column][vc_empty_space height=\u00bb40px\u00bb][\/vc_column][\/vc_row]<\/p>\n","protected":false},"excerpt":{"rendered":"<p>[vc_row css_animation=\u00bb\u00bb row_type=\u00bbrow\u00bb use_row_as_full_screen_section=\u00bbno\u00bb type=\u00bbgrid\u00bb angled_section=\u00bbno\u00bb text_align=\u00bbleft\u00bb background_image_as_pattern=\u00bbwithout_pattern\u00bb padding_top=\u00bb80&#8243; padding_bottom=\u00bb0&#8243; anchor=\u00bbportfolio\u00bb z_index=\u00bb\u00bb][vc_column][vc_row_inner row_type=\u00bbrow\u00bb type=\u00bbfull_width\u00bb text_align=\u00bbleft\u00bb css_animation=\u00bb\u00bb][vc_column_inner width=\u00bb1\/2&#8243;][vc_column_text] MUSEO JOSEP ARAGAY [\/vc_column_text][vc_separator type=\u00bbsmall\u00bb position=\u00bbleft\u00bb down=\u00bb18&#8243; up=\u00bb17&#8243;][vc_column_text]En los bajos del edificio del Ayuntamiento se encuentra el Museo Josep Aragay, que est\u00e1 dedicado a la difusi\u00f3n de la&#8230;<\/p>\n","protected":false},"author":2,"featured_media":0,"parent":0,"menu_order":0,"comment_status":"open","ping_status":"closed","template":"full_width.php","meta":[],"_links":{"self":[{"href":"https:\/\/turismebreda.cat\/es\/wp-json\/wp\/v2\/pages\/17388"}],"collection":[{"href":"https:\/\/turismebreda.cat\/es\/wp-json\/wp\/v2\/pages"}],"about":[{"href":"https:\/\/turismebreda.cat\/es\/wp-json\/wp\/v2\/types\/page"}],"author":[{"embeddable":true,"href":"https:\/\/turismebreda.cat\/es\/wp-json\/wp\/v2\/users\/2"}],"replies":[{"embeddable":true,"href":"https:\/\/turismebreda.cat\/es\/wp-json\/wp\/v2\/comments?post=17388"}],"version-history":[{"count":13,"href":"https:\/\/turismebreda.cat\/es\/wp-json\/wp\/v2\/pages\/17388\/revisions"}],"predecessor-version":[{"id":18052,"href":"https:\/\/turismebreda.cat\/es\/wp-json\/wp\/v2\/pages\/17388\/revisions\/18052"}],"wp:attachment":[{"href":"https:\/\/turismebreda.cat\/es\/wp-json\/wp\/v2\/media?parent=17388"}],"curies":[{"name":"wp","href":"https:\/\/api.w.org\/{rel}","templated":true}]}}