{"id":17376,"date":"2019-09-24T22:22:23","date_gmt":"2019-09-24T20:22:23","guid":{"rendered":"http:\/\/turismebreda.cat\/castell-de-montsoriu\/"},"modified":"2019-10-21T09:33:36","modified_gmt":"2019-10-21T07:33:36","slug":"castillo-de-montsoriu","status":"publish","type":"page","link":"https:\/\/turismebreda.cat\/es\/castillo-de-montsoriu\/","title":{"rendered":"CASTILLO DE MONTSORIU"},"content":{"rendered":"<p>[vc_row css_animation=\u00bb\u00bb row_type=\u00bbrow\u00bb use_row_as_full_screen_section=\u00bbno\u00bb type=\u00bbgrid\u00bb angled_section=\u00bbno\u00bb text_align=\u00bbleft\u00bb background_image_as_pattern=\u00bbwithout_pattern\u00bb padding_top=\u00bb80&#8243; padding_bottom=\u00bb0&#8243; anchor=\u00bbportfolio\u00bb z_index=\u00bb\u00bb][vc_column][vc_row_inner row_type=\u00bbrow\u00bb type=\u00bbfull_width\u00bb text_align=\u00bbleft\u00bb css_animation=\u00bb\u00bb][vc_column_inner width=\u00bb1\/2&#8243;][vc_column_text]<\/p>\n<h5 style=\"text-align: left;\">CASTILLO DE MONTSORIU<br \/>\nsiglo XI<\/h5>\n<p>[\/vc_column_text][vc_separator type=\u00bbsmall\u00bb position=\u00bbleft\u00bb down=\u00bb18&#8243; up=\u00bb17&#8243;][vc_column_text]Aunque no est\u00e1 situado dentro del t\u00e9rmino municipal de Breda, el castillo de Montsoriu forma parte de su patrimonio por su proximidad y por su vinculaci\u00f3n hist\u00f3rica. Aunque las primeras referencias escritas datan del a\u00f1o 1002, Montsoriu ya hab\u00eda sido un lugar ocupado por los \u00edberos. M\u00e1s tarde se convirti\u00f3 en un centro de defensa y de estrategia durante m\u00e1s de quinientos a\u00f1os, y fue un punto de referencia de la nobleza catalana y una fortaleza inexpugnable por su impecable construcci\u00f3n y por sus sistemas defensivos. A lo largo de la historia sufri\u00f3 numerosas ampliaciones hasta los siglos XIV y XV, y su funci\u00f3n militar evolucion\u00f3 para convertirse en residencia palacio, momento en que el castillo lleg\u00f3 a su m\u00e1ximo esplendor, con una estructura que es la que actualmente puede contemplar el visitante. Fue la residencia de la familia vizcondal de los Cabrera, fundadores de Breda.<\/p>\n<p>&nbsp;<\/p>\n<p>Para concertar visitas e informarse de los horarios: <a href=\"http:\/\/www.montsoriu.cat\" target=\"_blank\" rel=\"noopener noreferrer\"><em>www.montsoriu.cat<\/em><\/a><\/p>\n<p>[\/vc_column_text][vc_separator type=\u00bbtransparent\u00bb up=\u00bb79&#8243; down=\u00bb0&#8243;][\/vc_column_inner][vc_column_inner width=\u00bb1\/2&#8243;][vc_single_image image=\u00bb16344&#8243; img_size=\u00bbfull\u00bb alignment=\u00bbcenter\u00bb qode_css_animation=\u00bbelement_from_fade\u00bb transition_delay=\u00bb0.4&#8243;][vc_separator type=\u00bbtransparent\u00bb up=\u00bb79&#8243; down=\u00bb0&#8243;][\/vc_column_inner][\/vc_row_inner][\/vc_column][\/vc_row]<\/p>\n","protected":false},"excerpt":{"rendered":"<p>[vc_row css_animation=\u00bb\u00bb row_type=\u00bbrow\u00bb use_row_as_full_screen_section=\u00bbno\u00bb type=\u00bbgrid\u00bb angled_section=\u00bbno\u00bb text_align=\u00bbleft\u00bb background_image_as_pattern=\u00bbwithout_pattern\u00bb padding_top=\u00bb80&#8243; padding_bottom=\u00bb0&#8243; anchor=\u00bbportfolio\u00bb z_index=\u00bb\u00bb][vc_column][vc_row_inner row_type=\u00bbrow\u00bb type=\u00bbfull_width\u00bb text_align=\u00bbleft\u00bb css_animation=\u00bb\u00bb][vc_column_inner width=\u00bb1\/2&#8243;][vc_column_text] CASTILLO DE MONTSORIU siglo XI [\/vc_column_text][vc_separator type=\u00bbsmall\u00bb position=\u00bbleft\u00bb down=\u00bb18&#8243; up=\u00bb17&#8243;][vc_column_text]Aunque no est\u00e1 situado dentro del t\u00e9rmino municipal de Breda, el castillo de Montsoriu forma parte de su patrimonio&#8230;<\/p>\n","protected":false},"author":2,"featured_media":0,"parent":0,"menu_order":0,"comment_status":"open","ping_status":"closed","template":"full_width.php","meta":[],"_links":{"self":[{"href":"https:\/\/turismebreda.cat\/es\/wp-json\/wp\/v2\/pages\/17376"}],"collection":[{"href":"https:\/\/turismebreda.cat\/es\/wp-json\/wp\/v2\/pages"}],"about":[{"href":"https:\/\/turismebreda.cat\/es\/wp-json\/wp\/v2\/types\/page"}],"author":[{"embeddable":true,"href":"https:\/\/turismebreda.cat\/es\/wp-json\/wp\/v2\/users\/2"}],"replies":[{"embeddable":true,"href":"https:\/\/turismebreda.cat\/es\/wp-json\/wp\/v2\/comments?post=17376"}],"version-history":[{"count":2,"href":"https:\/\/turismebreda.cat\/es\/wp-json\/wp\/v2\/pages\/17376\/revisions"}],"predecessor-version":[{"id":17379,"href":"https:\/\/turismebreda.cat\/es\/wp-json\/wp\/v2\/pages\/17376\/revisions\/17379"}],"wp:attachment":[{"href":"https:\/\/turismebreda.cat\/es\/wp-json\/wp\/v2\/media?parent=17376"}],"curies":[{"name":"wp","href":"https:\/\/api.w.org\/{rel}","templated":true}]}}