{"id":17364,"date":"2019-09-24T22:19:54","date_gmt":"2019-09-24T20:19:54","guid":{"rendered":"http:\/\/turismebreda.cat\/esglesia-de-santa-maria\/"},"modified":"2019-10-21T09:26:50","modified_gmt":"2019-10-21T07:26:50","slug":"iglesia-de-santa-maria","status":"publish","type":"page","link":"https:\/\/turismebreda.cat\/es\/iglesia-de-santa-maria\/","title":{"rendered":"IGLESIA DE SANTA MAR\u00cdA"},"content":{"rendered":"<p>[vc_row css_animation=\u00bb\u00bb row_type=\u00bbrow\u00bb use_row_as_full_screen_section=\u00bbno\u00bb type=\u00bbgrid\u00bb angled_section=\u00bbno\u00bb text_align=\u00bbleft\u00bb background_image_as_pattern=\u00bbwithout_pattern\u00bb padding_top=\u00bb80&#8243; padding_bottom=\u00bb0&#8243; anchor=\u00bbportfolio\u00bb z_index=\u00bb\u00bb][vc_column][vc_row_inner row_type=\u00bbrow\u00bb type=\u00bbfull_width\u00bb text_align=\u00bbleft\u00bb css_animation=\u00bb\u00bb][vc_column_inner width=\u00bb1\/2&#8243;][vc_column_text]<\/p>\n<h5 style=\"text-align: left;\">IGLESIA DE SANTA MAR\u00cdA<br \/>\nsiglo IX-XI<\/h5>\n<p>[\/vc_column_text][vc_separator type=\u00bbsmall\u00bb position=\u00bbleft\u00bb down=\u00bb18&#8243; up=\u00bb17&#8243;][vc_column_text]La iglesia de Santa Mar\u00eda, la antigua iglesia parroquial de la villa, fue construida entre 878 y 1038. Actualmente se conserva el \u00e1bside del siglo XII, donde se pueden observar parte de las pinturas murales originales situadas en el crucero.<\/p>\n<p>La iglesia de Santa Mar\u00eda de Breda se encuentra detr\u00e1s del monasterio y actualmente acoge el Ayuntamiento y el Museo Municipal Josep Aragay. Esta antigua construcci\u00f3n rom\u00e1nica ha sido modificada con el objeto de alojar, sucesivamente, escuelas p\u00fablicas, juzgados, etc. desde 1846.<\/p>\n<p>Exteriormente son visibles el \u00e1bside rom\u00e1nico, en el lado oriental \u2014que hab\u00eda estado muy deteriorado, restaurado y casi reconstruido en 1961\u2014, y el campanario ochavado, un modelo frecuente en la di\u00f3cesis de Girona durante los siglos XV-XVI.[\/vc_column_text][vc_separator type=\u00bbtransparent\u00bb up=\u00bb79&#8243; down=\u00bb0&#8243;][\/vc_column_inner][vc_column_inner width=\u00bb1\/2&#8243;][vc_single_image image=\u00bb16385&#8243; img_size=\u00bbfull\u00bb alignment=\u00bbcenter\u00bb qode_css_animation=\u00bbelement_from_fade\u00bb transition_delay=\u00bb0.4&#8243;][vc_separator type=\u00bbtransparent\u00bb up=\u00bb79&#8243; down=\u00bb0&#8243;][\/vc_column_inner][\/vc_row_inner][\/vc_column][\/vc_row]<\/p>\n","protected":false},"excerpt":{"rendered":"<p>[vc_row css_animation=\u00bb\u00bb row_type=\u00bbrow\u00bb use_row_as_full_screen_section=\u00bbno\u00bb type=\u00bbgrid\u00bb angled_section=\u00bbno\u00bb text_align=\u00bbleft\u00bb background_image_as_pattern=\u00bbwithout_pattern\u00bb padding_top=\u00bb80&#8243; padding_bottom=\u00bb0&#8243; anchor=\u00bbportfolio\u00bb z_index=\u00bb\u00bb][vc_column][vc_row_inner row_type=\u00bbrow\u00bb type=\u00bbfull_width\u00bb text_align=\u00bbleft\u00bb css_animation=\u00bb\u00bb][vc_column_inner width=\u00bb1\/2&#8243;][vc_column_text] IGLESIA DE SANTA MAR\u00cdA siglo IX-XI [\/vc_column_text][vc_separator type=\u00bbsmall\u00bb position=\u00bbleft\u00bb down=\u00bb18&#8243; up=\u00bb17&#8243;][vc_column_text]La iglesia de Santa Mar\u00eda, la antigua iglesia parroquial de la villa, fue construida entre 878 y 1038&#8230;.<\/p>\n","protected":false},"author":2,"featured_media":0,"parent":0,"menu_order":0,"comment_status":"open","ping_status":"closed","template":"full_width.php","meta":[],"_links":{"self":[{"href":"https:\/\/turismebreda.cat\/es\/wp-json\/wp\/v2\/pages\/17364"}],"collection":[{"href":"https:\/\/turismebreda.cat\/es\/wp-json\/wp\/v2\/pages"}],"about":[{"href":"https:\/\/turismebreda.cat\/es\/wp-json\/wp\/v2\/types\/page"}],"author":[{"embeddable":true,"href":"https:\/\/turismebreda.cat\/es\/wp-json\/wp\/v2\/users\/2"}],"replies":[{"embeddable":true,"href":"https:\/\/turismebreda.cat\/es\/wp-json\/wp\/v2\/comments?post=17364"}],"version-history":[{"count":3,"href":"https:\/\/turismebreda.cat\/es\/wp-json\/wp\/v2\/pages\/17364\/revisions"}],"predecessor-version":[{"id":17367,"href":"https:\/\/turismebreda.cat\/es\/wp-json\/wp\/v2\/pages\/17364\/revisions\/17367"}],"wp:attachment":[{"href":"https:\/\/turismebreda.cat\/es\/wp-json\/wp\/v2\/media?parent=17364"}],"curies":[{"name":"wp","href":"https:\/\/api.w.org\/{rel}","templated":true}]}}