{"id":17342,"date":"2019-09-24T22:09:52","date_gmt":"2019-09-24T20:09:52","guid":{"rendered":"http:\/\/turismebreda.cat\/monestir-sant-salvador\/"},"modified":"2019-10-21T08:28:27","modified_gmt":"2019-10-21T06:28:27","slug":"monasterio-de-san-salvador","status":"publish","type":"page","link":"https:\/\/turismebreda.cat\/es\/monasterio-de-san-salvador\/","title":{"rendered":"MONASTERIO DE SAN SALVADOR"},"content":{"rendered":"<p>[vc_row css_animation=\u00bb\u00bb row_type=\u00bbrow\u00bb use_row_as_full_screen_section=\u00bbno\u00bb type=\u00bbgrid\u00bb angled_section=\u00bbno\u00bb text_align=\u00bbleft\u00bb background_image_as_pattern=\u00bbwithout_pattern\u00bb padding_top=\u00bb80&#8243; padding_bottom=\u00bb0&#8243; anchor=\u00bbportfolio\u00bb background_color=\u00bb#ffffff\u00bb][vc_column][vc_row_inner row_type=\u00bbrow\u00bb type=\u00bbfull_width\u00bb text_align=\u00bbleft\u00bb css_animation=\u00bb\u00bb][vc_column_inner width=\u00bb1\/2&#8243;][vc_single_image image=\u00bb16376&#8243; img_size=\u00bbfull\u00bb alignment=\u00bbcenter\u00bb qode_css_animation=\u00bbelement_from_fade\u00bb transition_delay=\u00bb0.2&#8243;][vc_separator type=\u00bbtransparent\u00bb up=\u00bb100&#8243;][\/vc_column_inner][vc_column_inner width=\u00bb1\/2&#8243;][vc_column_text]<\/p>\n<h5 style=\"text-align: left;\">MONASTERIO DE SAN SALVADOR<br \/>\nsiglo XI<\/h5>\n<p>[\/vc_column_text][vc_separator type=\u00bbsmall\u00bb position=\u00bbleft\u00bb down=\u00bb18&#8243; up=\u00bb17&#8243;][vc_column_text]La actual iglesia parroquial era la iglesia del monasterio de San Salvador de Breda. Destaca el campanario de estilo rom\u00e1nico lombardo de 32 metros de altura, que formaba parte de la primera edificaci\u00f3n mon\u00e1stica (siglo XI). La iglesia g\u00f3tica (siglos XIV-XVI) forma parte de una remodelaci\u00f3n impulsada por el abad Gispert de J\u00e0fer (1296-1337) y est\u00e1 formada por una sola nave muy amplia.[\/vc_column_text][vc_separator type=\u00bbtransparent\u00bb up=\u00bb79&#8243; down=\u00bb0&#8243;][\/vc_column_inner][\/vc_row_inner][\/vc_column][\/vc_row]<\/p>\n","protected":false},"excerpt":{"rendered":"<p>[vc_row css_animation=\u00bb\u00bb row_type=\u00bbrow\u00bb use_row_as_full_screen_section=\u00bbno\u00bb type=\u00bbgrid\u00bb angled_section=\u00bbno\u00bb text_align=\u00bbleft\u00bb background_image_as_pattern=\u00bbwithout_pattern\u00bb padding_top=\u00bb80&#8243; padding_bottom=\u00bb0&#8243; anchor=\u00bbportfolio\u00bb background_color=\u00bb#ffffff\u00bb][vc_column][vc_row_inner row_type=\u00bbrow\u00bb type=\u00bbfull_width\u00bb text_align=\u00bbleft\u00bb css_animation=\u00bb\u00bb][vc_column_inner width=\u00bb1\/2&#8243;][vc_single_image image=\u00bb16376&#8243; img_size=\u00bbfull\u00bb alignment=\u00bbcenter\u00bb qode_css_animation=\u00bbelement_from_fade\u00bb transition_delay=\u00bb0.2&#8243;][vc_separator type=\u00bbtransparent\u00bb up=\u00bb100&#8243;][\/vc_column_inner][vc_column_inner width=\u00bb1\/2&#8243;][vc_column_text] MONASTERIO DE SAN SALVADOR siglo XI [\/vc_column_text][vc_separator type=\u00bbsmall\u00bb position=\u00bbleft\u00bb down=\u00bb18&#8243; up=\u00bb17&#8243;][vc_column_text]La actual iglesia parroquial era la iglesia del monasterio de&#8230;<\/p>\n","protected":false},"author":2,"featured_media":0,"parent":0,"menu_order":0,"comment_status":"open","ping_status":"closed","template":"full_width.php","meta":[],"_links":{"self":[{"href":"https:\/\/turismebreda.cat\/es\/wp-json\/wp\/v2\/pages\/17342"}],"collection":[{"href":"https:\/\/turismebreda.cat\/es\/wp-json\/wp\/v2\/pages"}],"about":[{"href":"https:\/\/turismebreda.cat\/es\/wp-json\/wp\/v2\/types\/page"}],"author":[{"embeddable":true,"href":"https:\/\/turismebreda.cat\/es\/wp-json\/wp\/v2\/users\/2"}],"replies":[{"embeddable":true,"href":"https:\/\/turismebreda.cat\/es\/wp-json\/wp\/v2\/comments?post=17342"}],"version-history":[{"count":3,"href":"https:\/\/turismebreda.cat\/es\/wp-json\/wp\/v2\/pages\/17342\/revisions"}],"predecessor-version":[{"id":17348,"href":"https:\/\/turismebreda.cat\/es\/wp-json\/wp\/v2\/pages\/17342\/revisions\/17348"}],"wp:attachment":[{"href":"https:\/\/turismebreda.cat\/es\/wp-json\/wp\/v2\/media?parent=17342"}],"curies":[{"name":"wp","href":"https:\/\/api.w.org\/{rel}","templated":true}]}}