{"id":17048,"date":"2019-10-02T13:11:12","date_gmt":"2019-10-02T11:11:12","guid":{"rendered":"http:\/\/turismebreda.cat\/rutas\/ruta-6\/"},"modified":"2021-02-01T13:34:39","modified_gmt":"2021-02-01T12:34:39","slug":"ruta-6","status":"publish","type":"page","link":"https:\/\/turismebreda.cat\/es\/rutas\/ruta-6\/","title":{"rendered":"RUTA 6"},"content":{"rendered":"<p>[vc_row css_animation=\u00bb\u00bb row_type=\u00bbrow\u00bb use_row_as_full_screen_section=\u00bbno\u00bb type=\u00bbgrid\u00bb angled_section=\u00bbno\u00bb text_align=\u00bbleft\u00bb background_image_as_pattern=\u00bbwithout_pattern\u00bb padding_top=\u00bb80&#8243; padding_bottom=\u00bb0&#8243; anchor=\u00bbportfolio\u00bb background_color=\u00bb#ffffff\u00bb][vc_column][vc_row_inner row_type=\u00bbrow\u00bb type=\u00bbfull_width\u00bb text_align=\u00bbleft\u00bb css_animation=\u00bb\u00bb][vc_column_inner][vc_column_text]<\/p>\n<h2 style=\"text-align: center;\"><img loading=\"lazy\" class=\"alignnone wp-image-16449 size-full\" src=\"http:\/\/turismebreda.cat\/wp-content\/uploads\/2019\/08\/6.png\" alt=\"\" width=\"40\" height=\"40\" \/><\/h2>\n<p>[\/vc_column_text][vc_separator type=\u00bbtransparent\u00bb up=\u00bb15&#8243; down=\u00bb0&#8243;][vc_column_text]<\/p>\n<h2 style=\"text-align: center;\">RUTA DE LAS TERRERAS<\/h2>\n<p>[\/vc_column_text][vc_separator type=\u00bbsmall\u00bb position=\u00bbcenter\u00bb down=\u00bb40&#8243;][vc_single_image image=\u00bb16802&#8243; img_size=\u00bbfull\u00bb alignment=\u00bbcenter\u00bb qode_css_animation=\u00bbelement_from_fade\u00bb transition_delay=\u00bb0.2&#8243;][vc_separator type=\u00bbtransparent\u00bb up=\u00bb30&#8243; down=\u00bb0&#8243;][vc_column_text]<\/p>\n<p style=\"text-align: center;\"><a href=\"http:\/\/turismebreda.cat\/wp-content\/uploads\/2021\/02\/mapa-rutes-breda.jpg\" target=\"_blank\" rel=\"noopener noreferrer\">VISUALIZAR EN EL MAPA EL RECORRIDO DE LA RUTA<\/a><\/p>\n<p>[\/vc_column_text][vc_separator type=\u00bbtransparent\u00bb up=\u00bb30&#8243; down=\u00bb0&#8243;][\/vc_column_inner][\/vc_row_inner][vc_row_inner row_type=\u00bbrow\u00bb type=\u00bbfull_width\u00bb text_align=\u00bbleft\u00bb css_animation=\u00bb\u00bb padding_top=\u00bb30&#8243; padding_bottom=\u00bb30&#8243;][vc_column_inner width=\u00bb1\/2&#8243;][vc_column_text]<\/p>\n<h5>Acceso al punto de inicio<\/h5>\n<p>Por la carretera de Arb\u00facies GI-552 se llega al municipio de Breda (km 4-5). Una vez aqu\u00ed, la ruta comienza en la plaza del Convent, la cual conforma el centro del pueblo, donde est\u00e1n el Ayuntamiento y la Iglesia.<\/p>\n<p>&nbsp;<\/p>\n<h5>Inter\u00e9s de la ruta<\/h5>\n<p>Se trata de una ruta de dificultad media por su distancia, ya que su desnivel no es demasiado importante. Este itinerario rodea el municipio de Breda, d\u00e1ndonos a conocer, as\u00ed, todas sus vertientes. Discurre pues por zonas boscosas, de ribera y entornos rurales donde encontramos emblem\u00e1ticas construcciones como la del puente del Mut o el molino d\u2019en Bosc.[\/vc_column_text][vc_separator type=\u00bbtransparent\u00bb up=\u00bb30&#8243; down=\u00bb0&#8243;][\/vc_column_inner][vc_column_inner width=\u00bb1\/2&#8243;][vc_column_text]<\/p>\n<h5>Descripci\u00f3n<\/h5>\n<p>Desde la plaza del Convent se atraviesa Breda en direcci\u00f3n sur hasta llegar al Quint\u00e0 de Can Sacrist\u00eda, donde se atraviesa el arroyo del Repiaix y se asciende en direcci\u00f3n a las Brugueres. En este punto, la ruta sigue paralela al arroyo del Repiaix y se asciende hasta los inicios del bosque de la Mora. Se inicia un descenso cruzando el puente del Mut hasta llegar al molino d\u2019en Bosc, punto donde cerraremos la ruta pasando por los bosques del Molino y entrando en Breda por el oeste.[\/vc_column_text][vc_separator type=\u00bbtransparent\u00bb up=\u00bb30&#8243; down=\u00bb0&#8243;][\/vc_column_inner][\/vc_row_inner][\/vc_column][\/vc_row][vc_row css_animation=\u00bb\u00bb row_type=\u00bbrow\u00bb use_row_as_full_screen_section=\u00bbno\u00bb type=\u00bbgrid\u00bb angled_section=\u00bbno\u00bb text_align=\u00bbleft\u00bb background_image_as_pattern=\u00bbwithout_pattern\u00bb padding_top=\u00bb80&#8243; padding_bottom=\u00bb0&#8243; anchor=\u00bbportfolio\u00bb background_color=\u00bb#ededed\u00bb z_index=\u00bb\u00bb][vc_column width=\u00bb1\/2&#8243;][vc_single_image image=\u00bb16840&#8243; img_size=\u00bbfull\u00bb alignment=\u00bbcenter\u00bb qode_css_animation=\u00bbelement_from_fade\u00bb transition_delay=\u00bb0.4&#8243;][vc_separator type=\u00bbtransparent\u00bb up=\u00bb40&#8243; down=\u00bb0&#8243;][vc_column_text]<\/p>\n<h5>ARROYO DEL REPIAIX<\/h5>\n<p>[\/vc_column_text][vc_separator type=\u00bbsmall\u00bb position=\u00bbleft\u00bb][vc_column_text]El arroyo del Repiaix delimita el t\u00e9rmino municipal de Breda por la parte de levante. Nace en las laderas de la colina de Montsoriu y desemboca en el arroyo de Breda, cerca de la estaci\u00f3n de ferrocarril, poco antes de que \u00e9sta se encuentre con el Tordera. Actualmente un camino fluvial recorre un tramo de su orilla y la convierte en una zona de paseo.<\/p>\n<p>[\/vc_column_text][vc_separator type=\u00bbtransparent\u00bb up=\u00bb60&#8243; down=\u00bb0&#8243;][\/vc_column][vc_column width=\u00bb1\/2&#8243;][vc_single_image image=\u00bb16841&#8243; img_size=\u00bbfull\u00bb alignment=\u00bbcenter\u00bb qode_css_animation=\u00bbelement_from_fade\u00bb transition_delay=\u00bb0.4&#8243;][vc_separator type=\u00bbtransparent\u00bb up=\u00bb40&#8243; down=\u00bb0&#8243;][vc_column_text]<\/p>\n<h5>MOLINO D&#8217;EN BOSC<\/h5>\n<p>[\/vc_column_text][vc_separator type=\u00bbsmall\u00bb position=\u00bbleft\u00bb][vc_column_text]El molino d\u2019en Bosc es un antiguo molino situado en las afueras de Breda, junto al arroyo de Breda y muy cerca de la fuente de la Pintoresca. Este molino utilizaba la fuerza motriz del agua del arroyo desvi\u00e1ndola a una gran balsa. Debe su nombre al manso cercano llamado Can Bosc. Justo delante, en el lado del arroyo m\u00e1s cercano a Breda, se puede ver el horno d\u2019en Bosc, un antiguo horno de cal.[\/vc_column_text][vc_separator type=\u00bbtransparent\u00bb up=\u00bb60&#8243; down=\u00bb0&#8243;][\/vc_column][\/vc_row][vc_row css_animation=\u00bb\u00bb row_type=\u00bbrow\u00bb use_row_as_full_screen_section=\u00bbno\u00bb type=\u00bbgrid\u00bb angled_section=\u00bbno\u00bb text_align=\u00bbleft\u00bb background_image_as_pattern=\u00bbwithout_pattern\u00bb padding_top=\u00bb40&#8243; padding_bottom=\u00bb0&#8243; anchor=\u00bbportfolio\u00bb background_color=\u00bb#ededed\u00bb z_index=\u00bb\u00bb][vc_column][\/vc_column][\/vc_row]<\/p>\n","protected":false},"excerpt":{"rendered":"<p>[vc_row css_animation=\u00bb\u00bb row_type=\u00bbrow\u00bb use_row_as_full_screen_section=\u00bbno\u00bb type=\u00bbgrid\u00bb angled_section=\u00bbno\u00bb text_align=\u00bbleft\u00bb background_image_as_pattern=\u00bbwithout_pattern\u00bb padding_top=\u00bb80&#8243; padding_bottom=\u00bb0&#8243; anchor=\u00bbportfolio\u00bb background_color=\u00bb#ffffff\u00bb][vc_column][vc_row_inner row_type=\u00bbrow\u00bb type=\u00bbfull_width\u00bb text_align=\u00bbleft\u00bb css_animation=\u00bb\u00bb][vc_column_inner][vc_column_text] [\/vc_column_text][vc_separator type=\u00bbtransparent\u00bb up=\u00bb15&#8243; down=\u00bb0&#8243;][vc_column_text] RUTA DE LAS TERRERAS [\/vc_column_text][vc_separator type=\u00bbsmall\u00bb position=\u00bbcenter\u00bb down=\u00bb40&#8243;][vc_single_image image=\u00bb16802&#8243; img_size=\u00bbfull\u00bb alignment=\u00bbcenter\u00bb qode_css_animation=\u00bbelement_from_fade\u00bb transition_delay=\u00bb0.2&#8243;][vc_separator type=\u00bbtransparent\u00bb up=\u00bb30&#8243; down=\u00bb0&#8243;][vc_column_text] VISUALIZAR EN EL MAPA EL RECORRIDO DE LA RUTA&#8230;<\/p>\n","protected":false},"author":2,"featured_media":0,"parent":16983,"menu_order":0,"comment_status":"open","ping_status":"closed","template":"full_width.php","meta":[],"_links":{"self":[{"href":"https:\/\/turismebreda.cat\/es\/wp-json\/wp\/v2\/pages\/17048"}],"collection":[{"href":"https:\/\/turismebreda.cat\/es\/wp-json\/wp\/v2\/pages"}],"about":[{"href":"https:\/\/turismebreda.cat\/es\/wp-json\/wp\/v2\/types\/page"}],"author":[{"embeddable":true,"href":"https:\/\/turismebreda.cat\/es\/wp-json\/wp\/v2\/users\/2"}],"replies":[{"embeddable":true,"href":"https:\/\/turismebreda.cat\/es\/wp-json\/wp\/v2\/comments?post=17048"}],"version-history":[{"count":4,"href":"https:\/\/turismebreda.cat\/es\/wp-json\/wp\/v2\/pages\/17048\/revisions"}],"predecessor-version":[{"id":17683,"href":"https:\/\/turismebreda.cat\/es\/wp-json\/wp\/v2\/pages\/17048\/revisions\/17683"}],"up":[{"embeddable":true,"href":"https:\/\/turismebreda.cat\/es\/wp-json\/wp\/v2\/pages\/16983"}],"wp:attachment":[{"href":"https:\/\/turismebreda.cat\/es\/wp-json\/wp\/v2\/media?parent=17048"}],"curies":[{"name":"wp","href":"https:\/\/api.w.org\/{rel}","templated":true}]}}