{"id":17043,"date":"2019-10-02T12:57:12","date_gmt":"2019-10-02T10:57:12","guid":{"rendered":"http:\/\/turismebreda.cat\/rutas\/ruta-5\/"},"modified":"2021-02-01T13:33:23","modified_gmt":"2021-02-01T12:33:23","slug":"ruta-5","status":"publish","type":"page","link":"https:\/\/turismebreda.cat\/es\/rutas\/ruta-5\/","title":{"rendered":"RUTA 5"},"content":{"rendered":"<p>[vc_row css_animation=\u00bb\u00bb row_type=\u00bbrow\u00bb use_row_as_full_screen_section=\u00bbno\u00bb type=\u00bbgrid\u00bb angled_section=\u00bbno\u00bb text_align=\u00bbleft\u00bb background_image_as_pattern=\u00bbwithout_pattern\u00bb padding_top=\u00bb80&#8243; padding_bottom=\u00bb0&#8243; anchor=\u00bbportfolio\u00bb background_color=\u00bb#ffffff\u00bb][vc_column][vc_row_inner row_type=\u00bbrow\u00bb type=\u00bbfull_width\u00bb text_align=\u00bbleft\u00bb css_animation=\u00bb\u00bb][vc_column_inner][vc_column_text]<\/p>\n<h2 style=\"text-align: center;\"><img loading=\"lazy\" class=\"alignnone wp-image-16448 size-full\" src=\"http:\/\/turismebreda.cat\/wp-content\/uploads\/2019\/08\/5.png\" alt=\"\" width=\"40\" height=\"40\" \/><\/h2>\n<p>[\/vc_column_text][vc_separator type=\u00bbtransparent\u00bb up=\u00bb15&#8243; down=\u00bb0&#8243;][vc_column_text]<\/p>\n<h2 style=\"text-align: center;\">RUTA DE LA FUENTE DE LA PINTORESCA<\/h2>\n<p>[\/vc_column_text][vc_separator type=\u00bbsmall\u00bb position=\u00bbcenter\u00bb down=\u00bb40&#8243;][vc_single_image image=\u00bb16803&#8243; img_size=\u00bbfull\u00bb alignment=\u00bbcenter\u00bb qode_css_animation=\u00bbelement_from_fade\u00bb transition_delay=\u00bb0.2&#8243;][vc_separator type=\u00bbtransparent\u00bb up=\u00bb30&#8243; down=\u00bb0&#8243;][vc_column_text]<\/p>\n<p style=\"text-align: center;\"><a href=\"http:\/\/turismebreda.cat\/wp-content\/uploads\/2021\/02\/mapa-rutes-breda.jpg\" target=\"_blank\" rel=\"noopener noreferrer\">VISUALIZAR EN EL MAPA EL RECORRIDO DE LA RUTA<\/a><\/p>\n<p>[\/vc_column_text][vc_separator type=\u00bbtransparent\u00bb up=\u00bb30&#8243; down=\u00bb0&#8243;][\/vc_column_inner][\/vc_row_inner][vc_row_inner row_type=\u00bbrow\u00bb type=\u00bbfull_width\u00bb text_align=\u00bbleft\u00bb css_animation=\u00bb\u00bb padding_top=\u00bb30&#8243; padding_bottom=\u00bb30&#8243;][vc_column_inner width=\u00bb1\/2&#8243;][vc_column_text]<\/p>\n<h5>Acceso al punto de inicio<\/h5>\n<p>Por la carretera de Arb\u00facies GI-552 se llega al municipio de Breda (km 4-5). Una vez aqu\u00ed, la ruta comienza en la plaza del Convent, la cual conforma el centro del pueblo, donde est\u00e1n el Ayuntamiento y la Iglesia.<\/p>\n<p>&nbsp;<\/p>\n<h5>Inter\u00e9s de la ruta<\/h5>\n<p>Este itinerario circular se inicia en el centro de Breda, pasando por el emblem\u00e1tico Molino d\u2019en Bosc \u2014antiguo molino harinero incluido en el inventario de Patrimonio Arquitect\u00f3nico Catal\u00e1n\u2014, hasta llegar a las puertas del Parque Natural del Montseny y bajar por el entorno rural que rodea el n\u00facleo de Breda.[\/vc_column_text][vc_separator type=\u00bbtransparent\u00bb up=\u00bb30&#8243; down=\u00bb0&#8243;][\/vc_column_inner][vc_column_inner width=\u00bb1\/2&#8243;][vc_column_text]<\/p>\n<h5>Descripci\u00f3n<\/h5>\n<p>Se trata de una ruta de dificultad media por su distancia, ya que el desnivel acumulado es perfectamente realizable en familia. Este itinerario se comienza atravesando la vertiente noroeste del pueblo hasta llegar al Molino d\u2019en Bosc y la fuente de la Pintoresca, asciende paralelo al arroyo de Breda y la sierra de Can Pell\u00f3, atravesando la GIV-5521 para llegar al punto m\u00e1s alto de la ruta. Una vez aqu\u00ed, se inicia el descenso paralelo al arroyo del Repiaix hasta la balsa del Huguet y el centro de Breda de nuevo.[\/vc_column_text][vc_separator type=\u00bbtransparent\u00bb up=\u00bb30&#8243; down=\u00bb0&#8243;][\/vc_column_inner][\/vc_row_inner][\/vc_column][\/vc_row][vc_row css_animation=\u00bb\u00bb row_type=\u00bbrow\u00bb use_row_as_full_screen_section=\u00bbno\u00bb type=\u00bbgrid\u00bb angled_section=\u00bbno\u00bb text_align=\u00bbleft\u00bb background_image_as_pattern=\u00bbwithout_pattern\u00bb padding_top=\u00bb80&#8243; padding_bottom=\u00bb0&#8243; anchor=\u00bbportfolio\u00bb background_color=\u00bb#ededed\u00bb z_index=\u00bb\u00bb][vc_column width=\u00bb1\/2&#8243;][vc_single_image image=\u00bb16838&#8243; img_size=\u00bbfull\u00bb alignment=\u00bbcenter\u00bb qode_css_animation=\u00bbelement_from_fade\u00bb transition_delay=\u00bb0.4&#8243;][vc_separator type=\u00bbtransparent\u00bb up=\u00bb40&#8243; down=\u00bb0&#8243;][vc_column_text]<\/p>\n<h5>FUENTE DE LA PINTORESCA<\/h5>\n<p>[\/vc_column_text][vc_separator type=\u00bbsmall\u00bb position=\u00bbleft\u00bb][vc_column_text]La fuente de la Pintoresca o fuente del Molino, puede decirse que es la preferida por los bredenses, adem\u00e1s de ser un lugar hist\u00f3rico de jiras y recreo. Situada junto al arroyo de Breda, la actual fuente data de 1912, pero anteriormente hab\u00eda habido otro manantial, unos pocos metros m\u00e1s arriba, que estaba fechado en 1884.[\/vc_column_text][vc_separator type=\u00bbtransparent\u00bb up=\u00bb60&#8243; down=\u00bb0&#8243;][\/vc_column][vc_column width=\u00bb1\/2&#8243;][vc_single_image image=\u00bb16839&#8243; img_size=\u00bbfull\u00bb alignment=\u00bbcenter\u00bb qode_css_animation=\u00bbelement_from_fade\u00bb transition_delay=\u00bb0.4&#8243;][vc_separator type=\u00bbtransparent\u00bb up=\u00bb40&#8243; down=\u00bb0&#8243;][vc_column_text]<\/p>\n<h5>ARROYO DE BREDA<\/h5>\n<p>[\/vc_column_text][vc_separator type=\u00bbsmall\u00bb position=\u00bbleft\u00bb][vc_column_text]El arroyo de Breda tambi\u00e9n toma el nombre de arroyo de Riells a su paso por Riells del Montseny. Es un afluente del Tordera que nace en el Montseny y que marca el l\u00edmite de poniente del t\u00e9rmino municipal de Breda. La vegetaci\u00f3n que le es propia son los bosques y los bosaquecillos de ribera, como las alisedas y salcedas.[\/vc_column_text][vc_separator type=\u00bbtransparent\u00bb up=\u00bb60&#8243; down=\u00bb0&#8243;][\/vc_column][\/vc_row][vc_row css_animation=\u00bb\u00bb row_type=\u00bbrow\u00bb use_row_as_full_screen_section=\u00bbno\u00bb type=\u00bbgrid\u00bb angled_section=\u00bbno\u00bb text_align=\u00bbleft\u00bb background_image_as_pattern=\u00bbwithout_pattern\u00bb padding_top=\u00bb40&#8243; padding_bottom=\u00bb0&#8243; anchor=\u00bbportfolio\u00bb background_color=\u00bb#ededed\u00bb z_index=\u00bb\u00bb][vc_column][\/vc_column][\/vc_row]<\/p>\n","protected":false},"excerpt":{"rendered":"<p>[vc_row css_animation=\u00bb\u00bb row_type=\u00bbrow\u00bb use_row_as_full_screen_section=\u00bbno\u00bb type=\u00bbgrid\u00bb angled_section=\u00bbno\u00bb text_align=\u00bbleft\u00bb background_image_as_pattern=\u00bbwithout_pattern\u00bb padding_top=\u00bb80&#8243; padding_bottom=\u00bb0&#8243; anchor=\u00bbportfolio\u00bb background_color=\u00bb#ffffff\u00bb][vc_column][vc_row_inner row_type=\u00bbrow\u00bb type=\u00bbfull_width\u00bb text_align=\u00bbleft\u00bb css_animation=\u00bb\u00bb][vc_column_inner][vc_column_text] [\/vc_column_text][vc_separator type=\u00bbtransparent\u00bb up=\u00bb15&#8243; down=\u00bb0&#8243;][vc_column_text] RUTA DE LA FUENTE DE LA PINTORESCA [\/vc_column_text][vc_separator type=\u00bbsmall\u00bb position=\u00bbcenter\u00bb down=\u00bb40&#8243;][vc_single_image image=\u00bb16803&#8243; img_size=\u00bbfull\u00bb alignment=\u00bbcenter\u00bb qode_css_animation=\u00bbelement_from_fade\u00bb transition_delay=\u00bb0.2&#8243;][vc_separator type=\u00bbtransparent\u00bb up=\u00bb30&#8243; down=\u00bb0&#8243;][vc_column_text] VISUALIZAR EN EL MAPA EL RECORRIDO&#8230;<\/p>\n","protected":false},"author":2,"featured_media":0,"parent":16983,"menu_order":0,"comment_status":"open","ping_status":"closed","template":"full_width.php","meta":[],"_links":{"self":[{"href":"https:\/\/turismebreda.cat\/es\/wp-json\/wp\/v2\/pages\/17043"}],"collection":[{"href":"https:\/\/turismebreda.cat\/es\/wp-json\/wp\/v2\/pages"}],"about":[{"href":"https:\/\/turismebreda.cat\/es\/wp-json\/wp\/v2\/types\/page"}],"author":[{"embeddable":true,"href":"https:\/\/turismebreda.cat\/es\/wp-json\/wp\/v2\/users\/2"}],"replies":[{"embeddable":true,"href":"https:\/\/turismebreda.cat\/es\/wp-json\/wp\/v2\/comments?post=17043"}],"version-history":[{"count":3,"href":"https:\/\/turismebreda.cat\/es\/wp-json\/wp\/v2\/pages\/17043\/revisions"}],"predecessor-version":[{"id":17681,"href":"https:\/\/turismebreda.cat\/es\/wp-json\/wp\/v2\/pages\/17043\/revisions\/17681"}],"up":[{"embeddable":true,"href":"https:\/\/turismebreda.cat\/es\/wp-json\/wp\/v2\/pages\/16983"}],"wp:attachment":[{"href":"https:\/\/turismebreda.cat\/es\/wp-json\/wp\/v2\/media?parent=17043"}],"curies":[{"name":"wp","href":"https:\/\/api.w.org\/{rel}","templated":true}]}}