{"id":17038,"date":"2019-10-02T12:46:38","date_gmt":"2019-10-02T10:46:38","guid":{"rendered":"http:\/\/turismebreda.cat\/rutas\/ruta-4\/"},"modified":"2021-02-01T13:32:32","modified_gmt":"2021-02-01T12:32:32","slug":"ruta-4","status":"publish","type":"page","link":"https:\/\/turismebreda.cat\/es\/rutas\/ruta-4\/","title":{"rendered":"RUTA 4"},"content":{"rendered":"<p>[vc_row css_animation=\u00bb\u00bb row_type=\u00bbrow\u00bb use_row_as_full_screen_section=\u00bbno\u00bb type=\u00bbgrid\u00bb angled_section=\u00bbno\u00bb text_align=\u00bbleft\u00bb background_image_as_pattern=\u00bbwithout_pattern\u00bb padding_top=\u00bb80&#8243; padding_bottom=\u00bb0&#8243; anchor=\u00bbportfolio\u00bb background_color=\u00bb#ffffff\u00bb][vc_column][vc_row_inner row_type=\u00bbrow\u00bb type=\u00bbfull_width\u00bb text_align=\u00bbleft\u00bb css_animation=\u00bb\u00bb][vc_column_inner][vc_column_text]<\/p>\n<h2 style=\"text-align: center;\"><img loading=\"lazy\" class=\"alignnone wp-image-16447 size-full\" src=\"http:\/\/turismebreda.cat\/wp-content\/uploads\/2019\/08\/4.png\" alt=\"\" width=\"40\" height=\"40\" \/><\/h2>\n<p>[\/vc_column_text][vc_separator type=\u00bbtransparent\u00bb up=\u00bb15&#8243; down=\u00bb0&#8243;][vc_column_text]<\/p>\n<h2 style=\"text-align: center;\">RUTA DEL CASTILLO DE MONTSORIU<\/h2>\n<p>[\/vc_column_text][vc_separator type=\u00bbsmall\u00bb position=\u00bbcenter\u00bb down=\u00bb40&#8243;][vc_single_image image=\u00bb16804&#8243; img_size=\u00bbfull\u00bb alignment=\u00bbcenter\u00bb qode_css_animation=\u00bbelement_from_fade\u00bb transition_delay=\u00bb0.2&#8243;][vc_separator type=\u00bbtransparent\u00bb up=\u00bb30&#8243; down=\u00bb0&#8243;][vc_column_text]<\/p>\n<p style=\"text-align: center;\"><a href=\"http:\/\/turismebreda.cat\/wp-content\/uploads\/2021\/02\/mapa-rutes-breda.jpg\" target=\"_blank\" rel=\"noopener noreferrer\">VISUALIZAR EN EL MAPA EL RECORRIDO DE LA RUTA<\/a><\/p>\n<p>[\/vc_column_text][vc_separator type=\u00bbtransparent\u00bb up=\u00bb30&#8243; down=\u00bb0&#8243;][\/vc_column_inner][\/vc_row_inner][vc_row_inner row_type=\u00bbrow\u00bb type=\u00bbfull_width\u00bb text_align=\u00bbleft\u00bb css_animation=\u00bb\u00bb padding_top=\u00bb30&#8243; padding_bottom=\u00bb30&#8243;][vc_column_inner width=\u00bb1\/2&#8243;][vc_column_text]<\/p>\n<h5>Acceso al punto de inicio<\/h5>\n<p>Por la carretera GI-552, el km 5, nos encontramos en la vertiente norte del n\u00facleo urbano de Breda, punto donde se inicia la ruta, justo al lado de un parque infantil en la entrada de la calle del Dr. Simon.<\/p>\n<p>&nbsp;<\/p>\n<h5>Inter\u00e9s de la ruta<\/h5>\n<p>Este itinerario tiene como meta la ascensi\u00f3n del castillo g\u00f3tico m\u00e1s emblem\u00e1tico del territorio catal\u00e1n: el Castillo de Montsoriu. Considerado una de las grandes fortalezas del Mediterr\u00e1neo, Montsoriu fue residencia de los vizcondes de Cabrera. Nos encontramos a 632m s.n.m., punto con espectaculares vistas panor\u00e1micas de la Depresi\u00f3n Prelitoral.[\/vc_column_text][vc_separator type=\u00bbtransparent\u00bb up=\u00bb30&#8243; down=\u00bb0&#8243;][\/vc_column_inner][vc_column_inner width=\u00bb1\/2&#8243;][vc_column_text]<\/p>\n<h5>Descripci\u00f3n<\/h5>\n<p>Recorrido lineal y directo que, sin ser dif\u00edcil, supone un considerable esfuerzo por el elevado desnivel acumulado. La ruta se inicia en direcci\u00f3n norte, hacia Can Valent, hasta cruzar el Puente del Mut y el arroyo del Repiaix. Seguimos paralelamente al arroyo hasta collado de n&#8217;Orri. Una vez all\u00ed se coge un camino alternativo al camino del Castillo de Montsoriu, que nos lleva directamente al castillo, pasando por el Plano de Talavera.<\/p>\n<p>[\/vc_column_text][vc_separator type=\u00bbtransparent\u00bb up=\u00bb30&#8243; down=\u00bb0&#8243;][\/vc_column_inner][\/vc_row_inner][\/vc_column][\/vc_row][vc_row css_animation=\u00bb\u00bb row_type=\u00bbrow\u00bb use_row_as_full_screen_section=\u00bbno\u00bb type=\u00bbgrid\u00bb angled_section=\u00bbno\u00bb text_align=\u00bbleft\u00bb background_image_as_pattern=\u00bbwithout_pattern\u00bb padding_top=\u00bb80&#8243; padding_bottom=\u00bb0&#8243; anchor=\u00bbportfolio\u00bb background_color=\u00bb#ededed\u00bb z_index=\u00bb\u00bb][vc_column][vc_row_inner row_type=\u00bbrow\u00bb type=\u00bbfull_width\u00bb text_align=\u00bbleft\u00bb css_animation=\u00bb\u00bb][vc_column_inner width=\u00bb1\/2&#8243;][vc_single_image image=\u00bb16837&#8243; img_size=\u00bbfull\u00bb alignment=\u00bbcenter\u00bb qode_css_animation=\u00bbelement_from_fade\u00bb transition_delay=\u00bb0.4&#8243;][vc_separator type=\u00bbtransparent\u00bb up=\u00bb60&#8243; down=\u00bb0&#8243;][\/vc_column_inner][vc_column_inner width=\u00bb1\/2&#8243;][vc_column_text]<\/p>\n<h5>CASTILLO DE MONTSORIU<\/h5>\n<p>[\/vc_column_text][vc_separator type=\u00bbsmall\u00bb position=\u00bbleft\u00bb][vc_column_text]El castillo de Montsoriu est\u00e1 situado entre los t\u00e9rminos municipales de Arb\u00facies y Sant Feliu de Buixalleu, aunque el n\u00facleo de poblaci\u00f3n que le es m\u00e1s cercano es el de Breda. Su actual emplazamiento ya estaba ocupado en \u00e9poca ib\u00e9rica y, por algunos hallazgos arqueol\u00f3gicos, se piensa que se podr\u00eda retroceder al per\u00edodo neol\u00edtico.<\/p>\n<p>En las primeras d\u00e9cadas del siglo xi ya no hay duda de la presencia de una fortificaci\u00f3n medieval. A lo largo de los siglos xi y xii el castillo se convertir\u00e1 en la sede de los vizcondes de Girona, que pronto entroncaron con la casa de los Cabrera. Ermessenda de Montsoriu se cas\u00f3 con Guerau de Cabrera en 1033 y fundaron el monasterio benedictino de San Salvador de Breda.<\/p>\n<p>A lo largo del siglo xiv el castillo se convertir\u00e1 en el palacio g\u00f3tico residencial de los vizcondes de Cabrera, que ya ser\u00e1n una de las principales familias nobiliarias de Catalu\u00f1a, llegando el vizconde Bernat II a ser almirante de la flota catalana y capit\u00e1n general de la armada. Es este palacio-fortaleza g\u00f3tico lo que ha llegado a nuestros d\u00edas, siendo el m\u00e1s importante castillo g\u00f3tico conservado en Catalunya.[\/vc_column_text][vc_separator type=\u00bbtransparent\u00bb up=\u00bb60&#8243; down=\u00bb0&#8243;][\/vc_column_inner][\/vc_row_inner][\/vc_column][\/vc_row][vc_row css_animation=\u00bb\u00bb row_type=\u00bbrow\u00bb use_row_as_full_screen_section=\u00bbno\u00bb type=\u00bbgrid\u00bb angled_section=\u00bbno\u00bb text_align=\u00bbleft\u00bb background_image_as_pattern=\u00bbwithout_pattern\u00bb padding_top=\u00bb40&#8243; padding_bottom=\u00bb0&#8243; anchor=\u00bbportfolio\u00bb background_color=\u00bb#ededed\u00bb z_index=\u00bb\u00bb][vc_column][\/vc_column][\/vc_row]<\/p>\n","protected":false},"excerpt":{"rendered":"<p>[vc_row css_animation=\u00bb\u00bb row_type=\u00bbrow\u00bb use_row_as_full_screen_section=\u00bbno\u00bb type=\u00bbgrid\u00bb angled_section=\u00bbno\u00bb text_align=\u00bbleft\u00bb background_image_as_pattern=\u00bbwithout_pattern\u00bb padding_top=\u00bb80&#8243; padding_bottom=\u00bb0&#8243; anchor=\u00bbportfolio\u00bb background_color=\u00bb#ffffff\u00bb][vc_column][vc_row_inner row_type=\u00bbrow\u00bb type=\u00bbfull_width\u00bb text_align=\u00bbleft\u00bb css_animation=\u00bb\u00bb][vc_column_inner][vc_column_text] [\/vc_column_text][vc_separator type=\u00bbtransparent\u00bb up=\u00bb15&#8243; down=\u00bb0&#8243;][vc_column_text] RUTA DEL CASTILLO DE MONTSORIU [\/vc_column_text][vc_separator type=\u00bbsmall\u00bb position=\u00bbcenter\u00bb down=\u00bb40&#8243;][vc_single_image image=\u00bb16804&#8243; img_size=\u00bbfull\u00bb alignment=\u00bbcenter\u00bb qode_css_animation=\u00bbelement_from_fade\u00bb transition_delay=\u00bb0.2&#8243;][vc_separator type=\u00bbtransparent\u00bb up=\u00bb30&#8243; down=\u00bb0&#8243;][vc_column_text] VISUALIZAR EN EL MAPA EL RECORRIDO DE LA&#8230;<\/p>\n","protected":false},"author":2,"featured_media":0,"parent":16983,"menu_order":0,"comment_status":"open","ping_status":"closed","template":"full_width.php","meta":[],"_links":{"self":[{"href":"https:\/\/turismebreda.cat\/es\/wp-json\/wp\/v2\/pages\/17038"}],"collection":[{"href":"https:\/\/turismebreda.cat\/es\/wp-json\/wp\/v2\/pages"}],"about":[{"href":"https:\/\/turismebreda.cat\/es\/wp-json\/wp\/v2\/types\/page"}],"author":[{"embeddable":true,"href":"https:\/\/turismebreda.cat\/es\/wp-json\/wp\/v2\/users\/2"}],"replies":[{"embeddable":true,"href":"https:\/\/turismebreda.cat\/es\/wp-json\/wp\/v2\/comments?post=17038"}],"version-history":[{"count":3,"href":"https:\/\/turismebreda.cat\/es\/wp-json\/wp\/v2\/pages\/17038\/revisions"}],"predecessor-version":[{"id":17680,"href":"https:\/\/turismebreda.cat\/es\/wp-json\/wp\/v2\/pages\/17038\/revisions\/17680"}],"up":[{"embeddable":true,"href":"https:\/\/turismebreda.cat\/es\/wp-json\/wp\/v2\/pages\/16983"}],"wp:attachment":[{"href":"https:\/\/turismebreda.cat\/es\/wp-json\/wp\/v2\/media?parent=17038"}],"curies":[{"name":"wp","href":"https:\/\/api.w.org\/{rel}","templated":true}]}}