{"id":17027,"date":"2019-10-01T15:36:05","date_gmt":"2019-10-01T13:36:05","guid":{"rendered":"http:\/\/turismebreda.cat\/rutas\/ruta-2\/"},"modified":"2021-02-01T13:30:10","modified_gmt":"2021-02-01T12:30:10","slug":"ruta-2","status":"publish","type":"page","link":"https:\/\/turismebreda.cat\/es\/rutas\/ruta-2\/","title":{"rendered":"RUTA 2"},"content":{"rendered":"<p>[vc_row css_animation=\u00bb\u00bb row_type=\u00bbrow\u00bb use_row_as_full_screen_section=\u00bbno\u00bb type=\u00bbgrid\u00bb angled_section=\u00bbno\u00bb text_align=\u00bbleft\u00bb background_image_as_pattern=\u00bbwithout_pattern\u00bb padding_top=\u00bb80&#8243; padding_bottom=\u00bb0&#8243; anchor=\u00bbportfolio\u00bb background_color=\u00bb#ffffff\u00bb][vc_column][vc_row_inner row_type=\u00bbrow\u00bb type=\u00bbfull_width\u00bb text_align=\u00bbleft\u00bb css_animation=\u00bb\u00bb][vc_column_inner][vc_column_text]<\/p>\n<h2 style=\"text-align: center;\"><img loading=\"lazy\" class=\"alignnone wp-image-16445 size-full\" src=\"http:\/\/turismebreda.cat\/wp-content\/uploads\/2019\/08\/2.png\" alt=\"\" width=\"40\" height=\"40\" \/><\/h2>\n<p>[\/vc_column_text][vc_separator type=\u00bbtransparent\u00bb up=\u00bb15&#8243; down=\u00bb0&#8243;][vc_column_text]<\/p>\n<h2 style=\"text-align: center;\">RUTA DE LAS FUENTES<\/h2>\n<p>[\/vc_column_text][vc_separator type=\u00bbsmall\u00bb position=\u00bbcenter\u00bb down=\u00bb40&#8243;][vc_single_image image=\u00bb16806&#8243; img_size=\u00bbfull\u00bb alignment=\u00bbcenter\u00bb qode_css_animation=\u00bbelement_from_fade\u00bb transition_delay=\u00bb0.2&#8243;][vc_separator type=\u00bbtransparent\u00bb up=\u00bb30&#8243; down=\u00bb0&#8243;][vc_column_text]<\/p>\n<p style=\"text-align: center;\"><a href=\"http:\/\/turismebreda.cat\/wp-content\/uploads\/2021\/02\/mapa-rutes-breda.jpg\" target=\"_blank\" rel=\"noopener noreferrer\">VISUALIZAR EN EL MAPA EL RECORRIDO DE LA RUTA<\/a><\/p>\n<p>[\/vc_column_text][vc_separator type=\u00bbtransparent\u00bb up=\u00bb30&#8243; down=\u00bb0&#8243;][\/vc_column_inner][\/vc_row_inner][vc_row_inner row_type=\u00bbrow\u00bb type=\u00bbfull_width\u00bb text_align=\u00bbleft\u00bb css_animation=\u00bb\u00bb padding_top=\u00bb30&#8243; padding_bottom=\u00bb30&#8243;][vc_column_inner width=\u00bb1\/2&#8243;][vc_column_text]<\/p>\n<h5>Acceso al punto de inicio<\/h5>\n<p>Por la carretera de Arb\u00facies GI-552 se llega al municipio de Breda (km 4-5). Una vez aqu\u00ed, la ruta comienza en la plaza del Convent, la cual conforma el centro del pueblo, donde est\u00e1n el Ayuntamiento y la Iglesia.<\/p>\n<p>&nbsp;<\/p>\n<h5>Inter\u00e9s de la ruta<\/h5>\n<p>Este recorrido es ideal para hacer en verano, ya que discurre por las fuentes cercanas y m\u00e1s emblem\u00e1ticas del municipio y tres cursos fluviales. En algunos puntos hay que estar alerta, ya que se atraviesa la carretera, aunque la ruta transcurre principalmente por caminos y bordeando el r\u00edo.[\/vc_column_text][vc_separator type=\u00bbtransparent\u00bb up=\u00bb30&#8243; down=\u00bb0&#8243;][\/vc_column_inner][vc_column_inner width=\u00bb1\/2&#8243;][vc_column_text]<\/p>\n<h5>Descripci\u00f3n<\/h5>\n<p>Ruta corta circular, sin ninguna dificultad, que bordea todo el municipio de Breda. Desde el centro del pueblo se sale en direcci\u00f3n noreste, por el barrio de la Cooperativa, y se comienza a bordear el arroyo del Repiaix y la carretera GI-552, pasando por la Fuente d\u2019en Ratica. Siguiendo hasta el Puente del Mut y la Fuente Nova, se pasan una serie de caser\u00edos hasta volver a cruzar la GI-552 en direcci\u00f3n a la Fuente de la Pintoresca. Una vez en este punto, se vuelve al punto de inicio siguiendo un trazado paralelo al arroyo de Breda.[\/vc_column_text][vc_separator type=\u00bbtransparent\u00bb up=\u00bb30&#8243; down=\u00bb0&#8243;][\/vc_column_inner][\/vc_row_inner][\/vc_column][\/vc_row][vc_row css_animation=\u00bb\u00bb row_type=\u00bbrow\u00bb use_row_as_full_screen_section=\u00bbno\u00bb type=\u00bbgrid\u00bb angled_section=\u00bbno\u00bb text_align=\u00bbleft\u00bb background_image_as_pattern=\u00bbwithout_pattern\u00bb padding_top=\u00bb80&#8243; padding_bottom=\u00bb0&#8243; anchor=\u00bbportfolio\u00bb background_color=\u00bb#ededed\u00bb z_index=\u00bb\u00bb][vc_column width=\u00bb1\/2&#8243;][vc_single_image image=\u00bb16833&#8243; img_size=\u00bbfull\u00bb alignment=\u00bbcenter\u00bb qode_css_animation=\u00bbelement_from_fade\u00bb transition_delay=\u00bb0.4&#8243;][vc_separator type=\u00bbtransparent\u00bb up=\u00bb40&#8243; down=\u00bb0&#8243;][vc_column_text]<\/p>\n<h5>FUENTE D&#8217;EN RATICA<\/h5>\n<p>[\/vc_column_text][vc_separator type=\u00bbsmall\u00bb position=\u00bbleft\u00bb][vc_column_text]La Fuente d\u2019en Ratica es una de las m\u00e1s frecuentadas, junto con la Pintoresca, por ser una de las que m\u00e1s agua brota y por su f\u00e1cil acceso. Se hizo famosa en toda Catalunya porque apareci\u00f3 en varios cap\u00edtulos de <em>Ventdelpl\u00e0<\/em>, la serie de TV3 que se rod\u00f3 en Breda entre el 2005 y el 2010. Bajo esta fuente, a la sombra de \u00abel \u00e1rbol m\u00e1gico\u00bb, pasaba ratos Biel, uno de los protagonistas.[\/vc_column_text][vc_separator type=\u00bbtransparent\u00bb up=\u00bb60&#8243; down=\u00bb0&#8243;][\/vc_column][vc_column width=\u00bb1\/2&#8243;][vc_single_image image=\u00bb16834&#8243; img_size=\u00bbfull\u00bb alignment=\u00bbcenter\u00bb qode_css_animation=\u00bbelement_from_fade\u00bb transition_delay=\u00bb0.4&#8243;][vc_separator type=\u00bbtransparent\u00bb up=\u00bb40&#8243; down=\u00bb0&#8243;][vc_column_text]<\/p>\n<h5>FUENTE DE SALVADOR O FUENTE NOVA<\/h5>\n<p>[\/vc_column_text][vc_separator type=\u00bbsmall\u00bb position=\u00bbleft\u00bb][vc_column_text]La Fuente de Salvador tambi\u00e9n recibe el nombre de Fuente Nova, porque fue la \u00faltima, de todas las fuentes naturales de Breda, en ser descubierta. Data del a\u00f1o 1946 y fue bautizada con la advocaci\u00f3n del monasterio de Breda: San Salvador.[\/vc_column_text][vc_separator type=\u00bbtransparent\u00bb up=\u00bb60&#8243; down=\u00bb0&#8243;][\/vc_column][\/vc_row][vc_row css_animation=\u00bb\u00bb row_type=\u00bbrow\u00bb use_row_as_full_screen_section=\u00bbno\u00bb type=\u00bbgrid\u00bb angled_section=\u00bbno\u00bb text_align=\u00bbleft\u00bb background_image_as_pattern=\u00bbwithout_pattern\u00bb padding_top=\u00bb40&#8243; padding_bottom=\u00bb0&#8243; anchor=\u00bbportfolio\u00bb background_color=\u00bb#ededed\u00bb z_index=\u00bb\u00bb][vc_column][\/vc_column][\/vc_row]<\/p>\n","protected":false},"excerpt":{"rendered":"<p>[vc_row css_animation=\u00bb\u00bb row_type=\u00bbrow\u00bb use_row_as_full_screen_section=\u00bbno\u00bb type=\u00bbgrid\u00bb angled_section=\u00bbno\u00bb text_align=\u00bbleft\u00bb background_image_as_pattern=\u00bbwithout_pattern\u00bb padding_top=\u00bb80&#8243; padding_bottom=\u00bb0&#8243; anchor=\u00bbportfolio\u00bb background_color=\u00bb#ffffff\u00bb][vc_column][vc_row_inner row_type=\u00bbrow\u00bb type=\u00bbfull_width\u00bb text_align=\u00bbleft\u00bb css_animation=\u00bb\u00bb][vc_column_inner][vc_column_text] [\/vc_column_text][vc_separator type=\u00bbtransparent\u00bb up=\u00bb15&#8243; down=\u00bb0&#8243;][vc_column_text] RUTA DE LAS FUENTES [\/vc_column_text][vc_separator type=\u00bbsmall\u00bb position=\u00bbcenter\u00bb down=\u00bb40&#8243;][vc_single_image image=\u00bb16806&#8243; img_size=\u00bbfull\u00bb alignment=\u00bbcenter\u00bb qode_css_animation=\u00bbelement_from_fade\u00bb transition_delay=\u00bb0.2&#8243;][vc_separator type=\u00bbtransparent\u00bb up=\u00bb30&#8243; down=\u00bb0&#8243;][vc_column_text] VISUALIZAR EN EL MAPA EL RECORRIDO DE LA RUTA&#8230;<\/p>\n","protected":false},"author":2,"featured_media":0,"parent":16983,"menu_order":0,"comment_status":"open","ping_status":"closed","template":"full_width.php","meta":[],"_links":{"self":[{"href":"https:\/\/turismebreda.cat\/es\/wp-json\/wp\/v2\/pages\/17027"}],"collection":[{"href":"https:\/\/turismebreda.cat\/es\/wp-json\/wp\/v2\/pages"}],"about":[{"href":"https:\/\/turismebreda.cat\/es\/wp-json\/wp\/v2\/types\/page"}],"author":[{"embeddable":true,"href":"https:\/\/turismebreda.cat\/es\/wp-json\/wp\/v2\/users\/2"}],"replies":[{"embeddable":true,"href":"https:\/\/turismebreda.cat\/es\/wp-json\/wp\/v2\/comments?post=17027"}],"version-history":[{"count":3,"href":"https:\/\/turismebreda.cat\/es\/wp-json\/wp\/v2\/pages\/17027\/revisions"}],"predecessor-version":[{"id":17678,"href":"https:\/\/turismebreda.cat\/es\/wp-json\/wp\/v2\/pages\/17027\/revisions\/17678"}],"up":[{"embeddable":true,"href":"https:\/\/turismebreda.cat\/es\/wp-json\/wp\/v2\/pages\/16983"}],"wp:attachment":[{"href":"https:\/\/turismebreda.cat\/es\/wp-json\/wp\/v2\/media?parent=17027"}],"curies":[{"name":"wp","href":"https:\/\/api.w.org\/{rel}","templated":true}]}}