{"id":17019,"date":"2019-08-22T12:56:46","date_gmt":"2019-08-22T10:56:46","guid":{"rendered":"http:\/\/turismebreda.cat\/rutas\/ruta-1\/"},"modified":"2021-02-01T13:28:40","modified_gmt":"2021-02-01T12:28:40","slug":"ruta-1","status":"publish","type":"page","link":"https:\/\/turismebreda.cat\/es\/rutas\/ruta-1\/","title":{"rendered":"RUTA 1"},"content":{"rendered":"<p>[vc_row css_animation=\u00bb\u00bb row_type=\u00bbrow\u00bb use_row_as_full_screen_section=\u00bbno\u00bb type=\u00bbgrid\u00bb angled_section=\u00bbno\u00bb text_align=\u00bbleft\u00bb background_image_as_pattern=\u00bbwithout_pattern\u00bb padding_top=\u00bb80&#8243; padding_bottom=\u00bb0&#8243; anchor=\u00bbportfolio\u00bb background_color=\u00bb#ffffff\u00bb][vc_column][vc_row_inner row_type=\u00bbrow\u00bb type=\u00bbfull_width\u00bb text_align=\u00bbleft\u00bb css_animation=\u00bb\u00bb][vc_column_inner][vc_column_text]<\/p>\n<h2 style=\"text-align: center;\"><img loading=\"lazy\" class=\"aligncenter wp-image-16444\" src=\"http:\/\/turismebreda.cat\/wp-content\/uploads\/2019\/08\/1.png\" alt=\"\" width=\"40\" height=\"40\" \/><\/h2>\n<p>[\/vc_column_text][vc_separator type=\u00bbtransparent\u00bb up=\u00bb15&#8243; down=\u00bb0&#8243;][vc_column_text]<\/p>\n<h2 style=\"text-align: center;\">RUTA DE LA ERMITA DE SANTA ANA<\/h2>\n<p>[\/vc_column_text][vc_separator type=\u00bbsmall\u00bb position=\u00bbcenter\u00bb down=\u00bb40&#8243;][vc_single_image image=\u00bb16807&#8243; img_size=\u00bbfull\u00bb alignment=\u00bbcenter\u00bb qode_css_animation=\u00bbelement_from_fade\u00bb transition_delay=\u00bb0.2&#8243;][vc_separator type=\u00bbtransparent\u00bb up=\u00bb30&#8243; down=\u00bb0&#8243;][vc_column_text]<\/p>\n<p style=\"text-align: center;\"><a href=\"http:\/\/turismebreda.cat\/wp-content\/uploads\/2021\/02\/mapa-rutes-breda.jpg\" target=\"_blank\" rel=\"noopener noreferrer\">VISUALIZAR EN EL MAPA EL RECORRIDO DE LA RUTA<\/a><\/p>\n<p>[\/vc_column_text][vc_separator type=\u00bbtransparent\u00bb up=\u00bb30&#8243; down=\u00bb0&#8243;][\/vc_column_inner][\/vc_row_inner][vc_row_inner row_type=\u00bbrow\u00bb type=\u00bbfull_width\u00bb text_align=\u00bbleft\u00bb css_animation=\u00bb\u00bb padding_top=\u00bb30&#8243; padding_bottom=\u00bb30&#8243;][vc_column_inner width=\u00bb1\/2&#8243;][vc_column_text]<\/p>\n<h5>Acceso al punto de inicio<\/h5>\n<p>Por la carretera de Arb\u00facies GI-552 se llega al municipio de Breda (km 4-5). Una vez aqu\u00ed, la ruta comienza en la plaza del Convent, la cual conforma el centro del pueblo, donde est\u00e1n el Ayuntamiento y la Iglesia.<\/p>\n<p>&nbsp;<\/p>\n<h5>Inter\u00e9s de la ruta<\/h5>\n<p>Se realiza la ascensi\u00f3n a la ermita y la colina de Santa Ana, edificio hist\u00f3rico barroco, incluido en el inventario del Patrimonio Arquitect\u00f3nico Catal\u00e1n y punto desde donde hay una vista completa de todo el municipio de Breda.[\/vc_column_text][vc_separator type=\u00bbtransparent\u00bb up=\u00bb30&#8243; down=\u00bb0&#8243;][\/vc_column_inner][vc_column_inner width=\u00bb1\/2&#8243;][vc_column_text]<\/p>\n<h5>Descripci\u00f3n<\/h5>\n<p>Se trata de una ruta muy f\u00e1cil, ideal para familias, de menos de 1 km de recorrido lineal. Se empieza en la plaza del Convent y se atraviesa el pueblo direcci\u00f3n sur, pasando por la plaza del Dr. Rovira i Benet, hasta llegar a la Fonda Santa Ana, que es el punto donde se cruza la carretera GI-552.<\/p>\n<p>Comienza una pista forestal con el manso de Can Soldevila, que lleva directamente a la colina y la ermita de Santa Ana.[\/vc_column_text][vc_separator type=\u00bbtransparent\u00bb up=\u00bb30&#8243; down=\u00bb0&#8243;][\/vc_column_inner][\/vc_row_inner][\/vc_column][\/vc_row][vc_row css_animation=\u00bb\u00bb row_type=\u00bbrow\u00bb use_row_as_full_screen_section=\u00bbno\u00bb type=\u00bbgrid\u00bb angled_section=\u00bbno\u00bb text_align=\u00bbleft\u00bb background_image_as_pattern=\u00bbwithout_pattern\u00bb padding_top=\u00bb80&#8243; padding_bottom=\u00bb0&#8243; anchor=\u00bbportfolio\u00bb background_color=\u00bb#ededed\u00bb z_index=\u00bb\u00bb][vc_column][vc_row_inner row_type=\u00bbrow\u00bb type=\u00bbfull_width\u00bb text_align=\u00bbleft\u00bb css_animation=\u00bb\u00bb][vc_column_inner width=\u00bb1\/2&#8243;][vc_single_image image=\u00bb16598&#8243; img_size=\u00bbfull\u00bb alignment=\u00bbcenter\u00bb qode_css_animation=\u00bbelement_from_fade\u00bb transition_delay=\u00bb0.4&#8243;][vc_separator type=\u00bbtransparent\u00bb up=\u00bb60&#8243; down=\u00bb0&#8243;][\/vc_column_inner][vc_column_inner width=\u00bb1\/2&#8243;][vc_column_text]<\/p>\n<h5>ERMITA DE SANTA ANA<\/h5>\n<p>[\/vc_column_text][vc_separator type=\u00bbsmall\u00bb position=\u00bbleft\u00bb][vc_column_text]En el siglo XIII el cerro de Santa Ana se llamaba cerro de Llagostera, top\u00f3nimo que podr\u00eda derivar del manso de Llagostera que hab\u00eda en un lugar impreciso de la colina. La primera referencia documentada de la ermita es del 1624, pero el actual edificio, de est\u00e9tica barroca, es de 1789. La ermita, tal y como la conocemos, es de una sola nave y tiene una sacrist\u00eda adyacente construida el a\u00f1o 1862.<\/p>\n<p>Breda ha tenido, hist\u00f3ricamente, una gran devoci\u00f3n por Santa Ana. Cada 26 de julio, con motivo de la onom\u00e1stica de la santa, se celebra un encuentro con oficios religiosos, sardanas y venta de tortas. La noche del 10 al 11 de septiembre se hace un pasacalles y un acto para celebrar la Fiesta Nacional de Cataluya, que culmina con la izada de la bandera, que se ve ondear junto a la ermita.[\/vc_column_text][vc_separator type=\u00bbtransparent\u00bb up=\u00bb60&#8243; down=\u00bb0&#8243;][\/vc_column_inner][\/vc_row_inner][\/vc_column][\/vc_row][vc_row css_animation=\u00bb\u00bb row_type=\u00bbrow\u00bb use_row_as_full_screen_section=\u00bbno\u00bb type=\u00bbgrid\u00bb angled_section=\u00bbno\u00bb text_align=\u00bbleft\u00bb background_image_as_pattern=\u00bbwithout_pattern\u00bb padding_top=\u00bb40&#8243; padding_bottom=\u00bb0&#8243; anchor=\u00bbportfolio\u00bb background_color=\u00bb#ededed\u00bb z_index=\u00bb\u00bb][vc_column][\/vc_column][\/vc_row]<\/p>\n","protected":false},"excerpt":{"rendered":"<p>[vc_row css_animation=\u00bb\u00bb row_type=\u00bbrow\u00bb use_row_as_full_screen_section=\u00bbno\u00bb type=\u00bbgrid\u00bb angled_section=\u00bbno\u00bb text_align=\u00bbleft\u00bb background_image_as_pattern=\u00bbwithout_pattern\u00bb padding_top=\u00bb80&#8243; padding_bottom=\u00bb0&#8243; anchor=\u00bbportfolio\u00bb background_color=\u00bb#ffffff\u00bb][vc_column][vc_row_inner row_type=\u00bbrow\u00bb type=\u00bbfull_width\u00bb text_align=\u00bbleft\u00bb css_animation=\u00bb\u00bb][vc_column_inner][vc_column_text] [\/vc_column_text][vc_separator type=\u00bbtransparent\u00bb up=\u00bb15&#8243; down=\u00bb0&#8243;][vc_column_text] RUTA DE LA ERMITA DE SANTA ANA [\/vc_column_text][vc_separator type=\u00bbsmall\u00bb position=\u00bbcenter\u00bb down=\u00bb40&#8243;][vc_single_image image=\u00bb16807&#8243; img_size=\u00bbfull\u00bb alignment=\u00bbcenter\u00bb qode_css_animation=\u00bbelement_from_fade\u00bb transition_delay=\u00bb0.2&#8243;][vc_separator type=\u00bbtransparent\u00bb up=\u00bb30&#8243; down=\u00bb0&#8243;][vc_column_text] VISUALIZAR EN EL MAPA EL RECORRIDO&#8230;<\/p>\n","protected":false},"author":1,"featured_media":0,"parent":16983,"menu_order":0,"comment_status":"open","ping_status":"closed","template":"full_width.php","meta":[],"_links":{"self":[{"href":"https:\/\/turismebreda.cat\/es\/wp-json\/wp\/v2\/pages\/17019"}],"collection":[{"href":"https:\/\/turismebreda.cat\/es\/wp-json\/wp\/v2\/pages"}],"about":[{"href":"https:\/\/turismebreda.cat\/es\/wp-json\/wp\/v2\/types\/page"}],"author":[{"embeddable":true,"href":"https:\/\/turismebreda.cat\/es\/wp-json\/wp\/v2\/users\/1"}],"replies":[{"embeddable":true,"href":"https:\/\/turismebreda.cat\/es\/wp-json\/wp\/v2\/comments?post=17019"}],"version-history":[{"count":4,"href":"https:\/\/turismebreda.cat\/es\/wp-json\/wp\/v2\/pages\/17019\/revisions"}],"predecessor-version":[{"id":17677,"href":"https:\/\/turismebreda.cat\/es\/wp-json\/wp\/v2\/pages\/17019\/revisions\/17677"}],"up":[{"embeddable":true,"href":"https:\/\/turismebreda.cat\/es\/wp-json\/wp\/v2\/pages\/16983"}],"wp:attachment":[{"href":"https:\/\/turismebreda.cat\/es\/wp-json\/wp\/v2\/media?parent=17019"}],"curies":[{"name":"wp","href":"https:\/\/api.w.org\/{rel}","templated":true}]}}