{"id":17011,"date":"2014-05-05T13:37:54","date_gmt":"2014-05-05T13:37:54","guid":{"rendered":"http:\/\/turismebreda.cat\/com-arribar\/"},"modified":"2021-04-20T15:23:15","modified_gmt":"2021-04-20T13:23:15","slug":"como-llegar","status":"publish","type":"page","link":"https:\/\/turismebreda.cat\/es\/como-llegar\/","title":{"rendered":"C\u00d3MO LLEGAR"},"content":{"rendered":"<p>[vc_row css_animation=\u00bb\u00bb row_type=\u00bbrow\u00bb use_row_as_full_screen_section=\u00bbno\u00bb type=\u00bbgrid\u00bb angled_section=\u00bbno\u00bb text_align=\u00bbleft\u00bb background_image_as_pattern=\u00bbwithout_pattern\u00bb padding_top=\u00bb80&#8243; padding_bottom=\u00bb0&#8243; anchor=\u00bbportfolio\u00bb background_color=\u00bb#ffffff\u00bb][vc_column][vc_row_inner row_type=\u00bbrow\u00bb type=\u00bbfull_width\u00bb text_align=\u00bbleft\u00bb css_animation=\u00bb\u00bb][vc_column_inner width=\u00bb1\/2&#8243;][vc_column_text]<\/p>\n<h5 style=\"text-align: left;\">BREDA<\/h5>\n<p>[\/vc_column_text][vc_separator type=\u00bbsmall\u00bb position=\u00bbleft\u00bb down=\u00bb18&#8243; up=\u00bb17&#8243;][vc_column_text]<strong>Ven a Breda en bicicleta<\/strong><\/p>\n<p>&nbsp;<\/p>\n<p>El pueblo de Breda est\u00e1 unido a la estaci\u00f3n de tren de Riells y Viabrea-Breda por un carril bici de 2 km de distancia, con un recorrido que transcurre por un paisaje agradable, entre campos y bosques. Los trenes que paran en la estaci\u00f3n de Riells y Viabrea-Breda son los de la l\u00ednea Barcelona &#8211; Girona &#8211; Portbou, en los que se puede cargar la bicicleta en la ciudad y as\u00ed visitar nuestro pueblo a golpe de pedal e iniciar desde all\u00ed rutas hacia el Montseny.[\/vc_column_text][vc_separator type=\u00bbtransparent\u00bb up=\u00bb30&#8243; down=\u00bb0&#8243;][\/vc_column_inner][vc_column_inner width=\u00bb1\/2&#8243;][vc_gallery type=\u00bbflexslider_slide\u00bb interval=\u00bb3&#8243; images=\u00bb17744,17732,17740,17736&#8243; img_size=\u00bbfull\u00bb][\/vc_column_inner][\/vc_row_inner][vc_row_inner row_type=\u00bbrow\u00bb type=\u00bbfull_width\u00bb text_align=\u00bbleft\u00bb css_animation=\u00bb\u00bb][vc_column_inner][vc_separator type=\u00bbsmall\u00bb position=\u00bbleft\u00bb down=\u00bb18&#8243; up=\u00bb17&#8243;][vc_column_text]Ubicaci\u00f3 41\u00b044\u203255\u2033N &#8211; 2\u00b033\u203226\u2033E<\/p>\n<p>&nbsp;<\/p>\n<p>Al hacer clic en el mapa y en Google Maps, obtendr\u00e1s una ruta detallada desde tu posici\u00f3n actual hasta Breda.<br \/>\nDesc\u00e1rgate tambi\u00e9n el plano del pueblo <a href=\"http:\/\/turismebreda.cat\/wp-content\/uploads\/pdf\/mapa-rutes.pdf\" target=\"_blank\" rel=\"noopener noreferrer\">clicando aqu\u00ed<\/a>[\/vc_column_text][vc_separator type=\u00bbtransparent\u00bb up=\u00bb30&#8243; down=\u00bb0&#8243;][\/vc_column_inner][\/vc_row_inner][\/vc_column][\/vc_row][vc_row css_animation=\u00bb\u00bb row_type=\u00bbrow\u00bb use_row_as_full_screen_section=\u00bbno\u00bb type=\u00bbgrid\u00bb angled_section=\u00bbno\u00bb text_align=\u00bbleft\u00bb background_image_as_pattern=\u00bbwithout_pattern\u00bb z_index=\u00bb\u00bb][vc_column][vc_gmaps link=\u00bb#E-8_JTNDaWZyYW1lJTIwc3JjJTNEJTIyaHR0cHMlM0ElMkYlMkZ3d3cuZ29vZ2xlLmNvbSUyRm1hcHMlMkZlbWJlZCUzRnBiJTNEJTIxMW0xNCUyMTFtOCUyMTFtMyUyMTFkMTE3NTkwLjkxODQ0NjIxODAzJTIxMmQyLjUyNTc1NDg2Mzc1NDUwMTglMjEzZDQxLjc5NjYxMjQzOTAyNTc2NSUyMTNtMiUyMTFpMTAyNCUyMTJpNzY4JTIxNGYxMy4xJTIxM20zJTIxMW0yJTIxMXMweDEyYmIyZTE1NzkwYzEzM2IlMjUzQTB4NTBmOGY2ZjhiZDEzNWU3NSUyMTJzQnJlZGElMjUyQyUyNTIwR2lyb25hJTIxNWUwJTIxM20yJTIxMXNlcyUyMTJzZXMlMjE0djE1Njk0MTkyODY4MTIlMjE1bTIlMjExc2VzJTIxMnNlcyUyMiUyMHdpZHRoJTNEJTIyNjAwJTIyJTIwaGVpZ2h0JTNEJTIyNjAwJTIyJTIwZnJhbWVib3JkZXIlM0QlMjIwJTIyJTIwc3R5bGUlM0QlMjJib3JkZXIlM0EwJTNCJTIyJTIwYWxsb3dmdWxsc2NyZWVuJTNEJTIyJTIyJTNFJTNDJTJGaWZyYW1lJTNF\u00bb][\/vc_column][\/vc_row][vc_row css_animation=\u00bb\u00bb row_type=\u00bbrow\u00bb use_row_as_full_screen_section=\u00bbno\u00bb type=\u00bbfull_width\u00bb angled_section=\u00bbno\u00bb text_align=\u00bbleft\u00bb background_image_as_pattern=\u00bbwithout_pattern\u00bb][vc_column][vc_separator type=\u00bbtransparent\u00bb up=\u00bb79&#8243; down=\u00bb0&#8243;][\/vc_column][\/vc_row]<\/p>\n","protected":false},"excerpt":{"rendered":"<p>[vc_row css_animation=\u00bb\u00bb row_type=\u00bbrow\u00bb use_row_as_full_screen_section=\u00bbno\u00bb type=\u00bbgrid\u00bb angled_section=\u00bbno\u00bb text_align=\u00bbleft\u00bb background_image_as_pattern=\u00bbwithout_pattern\u00bb padding_top=\u00bb80&#8243; padding_bottom=\u00bb0&#8243; anchor=\u00bbportfolio\u00bb background_color=\u00bb#ffffff\u00bb][vc_column][vc_row_inner row_type=\u00bbrow\u00bb type=\u00bbfull_width\u00bb text_align=\u00bbleft\u00bb css_animation=\u00bb\u00bb][vc_column_inner width=\u00bb1\/2&#8243;][vc_column_text] BREDA [\/vc_column_text][vc_separator type=\u00bbsmall\u00bb position=\u00bbleft\u00bb down=\u00bb18&#8243; up=\u00bb17&#8243;][vc_column_text]Ven a Breda en bicicleta &nbsp; El pueblo de Breda est\u00e1 unido a la estaci\u00f3n de tren de Riells y Viabrea-Breda por un&#8230;<\/p>\n","protected":false},"author":1,"featured_media":0,"parent":0,"menu_order":0,"comment_status":"open","ping_status":"closed","template":"full_width.php","meta":[],"_links":{"self":[{"href":"https:\/\/turismebreda.cat\/es\/wp-json\/wp\/v2\/pages\/17011"}],"collection":[{"href":"https:\/\/turismebreda.cat\/es\/wp-json\/wp\/v2\/pages"}],"about":[{"href":"https:\/\/turismebreda.cat\/es\/wp-json\/wp\/v2\/types\/page"}],"author":[{"embeddable":true,"href":"https:\/\/turismebreda.cat\/es\/wp-json\/wp\/v2\/users\/1"}],"replies":[{"embeddable":true,"href":"https:\/\/turismebreda.cat\/es\/wp-json\/wp\/v2\/comments?post=17011"}],"version-history":[{"count":9,"href":"https:\/\/turismebreda.cat\/es\/wp-json\/wp\/v2\/pages\/17011\/revisions"}],"predecessor-version":[{"id":17789,"href":"https:\/\/turismebreda.cat\/es\/wp-json\/wp\/v2\/pages\/17011\/revisions\/17789"}],"wp:attachment":[{"href":"https:\/\/turismebreda.cat\/es\/wp-json\/wp\/v2\/media?parent=17011"}],"curies":[{"name":"wp","href":"https:\/\/api.w.org\/{rel}","templated":true}]}}