{"id":16993,"date":"2019-08-22T13:19:44","date_gmt":"2019-08-22T11:19:44","guid":{"rendered":"http:\/\/turismebreda.cat\/terrissa\/"},"modified":"2025-06-04T20:39:32","modified_gmt":"2025-06-04T18:39:32","slug":"alfareria","status":"publish","type":"page","link":"https:\/\/turismebreda.cat\/es\/alfareria\/","title":{"rendered":"ALFARER\u00cdA"},"content":{"rendered":"<p>[vc_row css_animation=\u00bb\u00bb row_type=\u00bbrow\u00bb use_row_as_full_screen_section=\u00bbno\u00bb type=\u00bbgrid\u00bb angled_section=\u00bbno\u00bb text_align=\u00bbleft\u00bb background_image_as_pattern=\u00bbwithout_pattern\u00bb padding_top=\u00bb80&#8243; padding_bottom=\u00bb0&#8243; anchor=\u00bbportfolio\u00bb background_color=\u00bb#ffffff\u00bb][vc_column][vc_row_inner row_type=\u00bbrow\u00bb type=\u00bbfull_width\u00bb text_align=\u00bbleft\u00bb css_animation=\u00bb\u00bb][vc_column_inner width=\u00bb1\/2&#8243;][vc_single_image image=\u00bb16604&#8243; img_size=\u00bbfull\u00bb alignment=\u00bbcenter\u00bb qode_css_animation=\u00bbelement_from_fade\u00bb transition_delay=\u00bb0.2&#8243;][vc_separator type=\u00bbtransparent\u00bb up=\u00bb79&#8243; down=\u00bb0&#8243;][\/vc_column_inner][vc_column_inner width=\u00bb1\/2&#8243;][vc_column_text]En Breda se pueden encontrar varios comercios dedicados a la venta de cer\u00e1mica y objetos de barro cocido. Se puede encontrar tanto producto fabricado en el pueblo mismo como piezas de otras procedencias y de importaci\u00f3n.<\/p>\n<p>La mayor parte de las tiendas de cer\u00e1mica est\u00e1n situadas a lo largo de la carretera de Arb\u00facies, el eje viario que atraviesa el municipio. Abren tambi\u00e9n el domingo por la ma\u00f1ana.[\/vc_column_text][vc_separator type=\u00bbtransparent\u00bb up=\u00bb79&#8243; down=\u00bb0&#8243;][\/vc_column_inner][\/vc_row_inner][\/vc_column][\/vc_row][vc_row css_animation=\u00bb\u00bb row_type=\u00bbrow\u00bb use_row_as_full_screen_section=\u00bbno\u00bb type=\u00bbgrid\u00bb angled_section=\u00bbno\u00bb text_align=\u00bbleft\u00bb background_image_as_pattern=\u00bbwithout_pattern\u00bb padding_top=\u00bb80&#8243; padding_bottom=\u00bb0&#8243; anchor=\u00bbportfolio\u00bb background_color=\u00bb#ededed\u00bb z_index=\u00bb\u00bb][vc_column][vc_row_inner row_type=\u00bbrow\u00bb type=\u00bbfull_width\u00bb text_align=\u00bbleft\u00bb css_animation=\u00bb\u00bb][vc_column_inner width=\u00bb1\/3&#8243;][vc_column_text]<\/p>\n<h5 style=\"text-align: left;\">ESCOLA DE CER\u00c0MICA DE BREDA<br \/>\nCAN SUR\u00cd<\/h5>\n<p>[\/vc_column_text][vc_separator type=\u00bbsmall\u00bb position=\u00bbleft\u00bb down=\u00bb18&#8243; up=\u00bb17&#8243;][vc_column_text]Carrer Santa Vict\u00f2ria, 20<br \/>\n613527168<br \/>\n<a href=\"mailto:contacte@escolaceramicabreda.com\">contacte@escolaceramicabreda.com<\/a>[\/vc_column_text][vc_separator type=\u00bbtransparent\u00bb up=\u00bb60&#8243; down=\u00bb0&#8243;][\/vc_column_inner][vc_column_inner width=\u00bb1\/3&#8243;][vc_column_text]<\/p>\n<h5 style=\"text-align: left;\">CER\u00c0MIQUES SEGRA<\/h5>\n<p>[\/vc_column_text][vc_separator type=\u00bbsmall\u00bb position=\u00bbleft\u00bb down=\u00bb18&#8243; up=\u00bb17&#8243;][vc_column_text]Carrer Barcelona, 62<br \/>\n972870734<br \/>\n<a href=\"http:\/\/www.bredasegra.com\/\" target=\"_blank\" rel=\"noopener noreferrer\">http:\/\/www.bredasegra.com\/<\/a>[\/vc_column_text][vc_separator type=\u00bbtransparent\u00bb up=\u00bb60&#8243; down=\u00bb0&#8243;][\/vc_column_inner][vc_column_inner width=\u00bb1\/3&#8243;][vc_column_text]<\/p>\n<h5 style=\"text-align: left;\">CER\u00c0MIQUES BASAS<\/h5>\n<p>[\/vc_column_text][vc_separator type=\u00bbsmall\u00bb position=\u00bbleft\u00bb down=\u00bb18&#8243; up=\u00bb17&#8243;][vc_column_text]Carretera d\u2019Arb\u00facies, 32<br \/>\n972870173<br \/>\n<a href=\"https:\/\/www.ceramiquesbasas.com\/\" target=\"_blank\" rel=\"noopener noreferrer\">https:\/\/www.ceramiquesbasas.com\/<\/a>[\/vc_column_text][vc_separator type=\u00bbtransparent\u00bb up=\u00bb60&#8243; down=\u00bb0&#8243;][\/vc_column_inner][\/vc_row_inner][vc_row_inner row_type=\u00bbrow\u00bb type=\u00bbfull_width\u00bb text_align=\u00bbleft\u00bb css_animation=\u00bb\u00bb][vc_column_inner width=\u00bb1\/3&#8243;][vc_column_text]<\/p>\n<h5 style=\"text-align: left;\">RICARD DURAN<\/h5>\n<p>[\/vc_column_text][vc_separator type=\u00bbsmall\u00bb position=\u00bbleft\u00bb down=\u00bb18&#8243; up=\u00bb17&#8243;][vc_column_text]Carretera d\u2019Arb\u00facies, 85<br \/>\n972870058[\/vc_column_text][vc_separator type=\u00bbtransparent\u00bb up=\u00bb60&#8243; down=\u00bb0&#8243;][\/vc_column_inner][vc_column_inner width=\u00bb1\/3&#8243;][vc_column_text]<\/p>\n<h5 style=\"text-align: left;\">CER\u00c0MIQUES MAJ\u00d3<\/h5>\n<p>[\/vc_column_text][vc_separator type=\u00bbsmall\u00bb position=\u00bbleft\u00bb down=\u00bb18&#8243; up=\u00bb17&#8243;][vc_column_text]Carrer Puig i Cu\u00f1er, 3-5<br \/>\n972870735<br \/>\n<a href=\"http:\/\/www.ceramiquesmajo.com\/\" target=\"_blank\" rel=\"noopener noreferrer\">http:\/\/www.ceramiquesmajo.com\/<\/a>[\/vc_column_text][vc_separator type=\u00bbtransparent\u00bb up=\u00bb60&#8243; down=\u00bb0&#8243;][\/vc_column_inner][vc_column_inner width=\u00bb1\/3&#8243;][vc_column_text]<\/p>\n<h5 style=\"text-align: left;\">CER\u00c0MIQUES TERRAFORTA<\/h5>\n<p>[\/vc_column_text][vc_separator type=\u00bbsmall\u00bb position=\u00bbleft\u00bb down=\u00bb18&#8243; up=\u00bb17&#8243;][vc_column_text]Carretera d\u2019Arb\u00facies, 101<br \/>\n972870256<br \/>\n<a href=\"http:\/\/www.ceramiquesterraforta.com\/\" target=\"_blank\" rel=\"noopener noreferrer\">http:\/\/www.ceramiquesterraforta.com\/<\/a>[\/vc_column_text][vc_separator type=\u00bbtransparent\u00bb up=\u00bb60&#8243; down=\u00bb0&#8243;][\/vc_column_inner][\/vc_row_inner][vc_row_inner row_type=\u00bbrow\u00bb type=\u00bbfull_width\u00bb text_align=\u00bbleft\u00bb css_animation=\u00bb\u00bb][vc_column_inner width=\u00bb1\/3&#8243;][vc_column_text]<\/p>\n<h5 style=\"text-align: left;\">CER\u00c0MIQUES JOMAR<\/h5>\n<p>[\/vc_column_text][vc_separator type=\u00bbsmall\u00bb position=\u00bbleft\u00bb down=\u00bb18&#8243; up=\u00bb17&#8243;][vc_column_text]Carretera d\u2019Arb\u00facies, 34<br \/>\n972870228<br \/>\n<a href=\"http:\/\/www.ceramiquesjomar.com\" target=\"_blank\" rel=\"noopener noreferrer\">http:\/\/www.ceramiquesjomar.com<\/a>[\/vc_column_text][vc_separator type=\u00bbtransparent\u00bb up=\u00bb60&#8243; down=\u00bb0&#8243;][\/vc_column_inner][vc_column_inner width=\u00bb1\/3&#8243;][vc_column_text]<\/p>\n<h5 style=\"text-align: left;\">C\u00c9CILE RIBAS &#8211; ESCULTURA CER\u00c0MICA<\/h5>\n<p>[\/vc_column_text][vc_separator type=\u00bbsmall\u00bb position=\u00bbleft\u00bb down=\u00bb18&#8243; up=\u00bb17&#8243;][vc_column_text]Carrer Sant Sebasti\u00e0, 9<br \/>\n<a href=\"https:\/\/www.cecileribas.cat\" target=\"_blank\" rel=\"noopener noreferrer\">www.cecileribas.cat<\/a>[\/vc_column_text][vc_separator type=\u00bbtransparent\u00bb up=\u00bb60&#8243; down=\u00bb0&#8243;][\/vc_column_inner][vc_column_inner width=\u00bb1\/3&#8243;][\/vc_column_inner][\/vc_row_inner][\/vc_column][\/vc_row]<\/p>\n","protected":false},"excerpt":{"rendered":"<p>[vc_row css_animation=\u00bb\u00bb row_type=\u00bbrow\u00bb use_row_as_full_screen_section=\u00bbno\u00bb type=\u00bbgrid\u00bb angled_section=\u00bbno\u00bb text_align=\u00bbleft\u00bb background_image_as_pattern=\u00bbwithout_pattern\u00bb padding_top=\u00bb80&#8243; padding_bottom=\u00bb0&#8243; anchor=\u00bbportfolio\u00bb background_color=\u00bb#ffffff\u00bb][vc_column][vc_row_inner row_type=\u00bbrow\u00bb type=\u00bbfull_width\u00bb text_align=\u00bbleft\u00bb css_animation=\u00bb\u00bb][vc_column_inner width=\u00bb1\/2&#8243;][vc_single_image image=\u00bb16604&#8243; img_size=\u00bbfull\u00bb alignment=\u00bbcenter\u00bb qode_css_animation=\u00bbelement_from_fade\u00bb transition_delay=\u00bb0.2&#8243;][vc_separator type=\u00bbtransparent\u00bb up=\u00bb79&#8243; down=\u00bb0&#8243;][\/vc_column_inner][vc_column_inner width=\u00bb1\/2&#8243;][vc_column_text]En Breda se pueden encontrar varios comercios dedicados a la venta de cer\u00e1mica y objetos de barro cocido. Se puede&#8230;<\/p>\n","protected":false},"author":1,"featured_media":0,"parent":0,"menu_order":0,"comment_status":"open","ping_status":"closed","template":"full_width.php","meta":[],"_links":{"self":[{"href":"https:\/\/turismebreda.cat\/es\/wp-json\/wp\/v2\/pages\/16993"}],"collection":[{"href":"https:\/\/turismebreda.cat\/es\/wp-json\/wp\/v2\/pages"}],"about":[{"href":"https:\/\/turismebreda.cat\/es\/wp-json\/wp\/v2\/types\/page"}],"author":[{"embeddable":true,"href":"https:\/\/turismebreda.cat\/es\/wp-json\/wp\/v2\/users\/1"}],"replies":[{"embeddable":true,"href":"https:\/\/turismebreda.cat\/es\/wp-json\/wp\/v2\/comments?post=16993"}],"version-history":[{"count":8,"href":"https:\/\/turismebreda.cat\/es\/wp-json\/wp\/v2\/pages\/16993\/revisions"}],"predecessor-version":[{"id":18037,"href":"https:\/\/turismebreda.cat\/es\/wp-json\/wp\/v2\/pages\/16993\/revisions\/18037"}],"wp:attachment":[{"href":"https:\/\/turismebreda.cat\/es\/wp-json\/wp\/v2\/media?parent=16993"}],"curies":[{"name":"wp","href":"https:\/\/api.w.org\/{rel}","templated":true}]}}