{"id":16967,"date":"2019-08-21T17:56:46","date_gmt":"2019-08-21T15:56:46","guid":{"rendered":"http:\/\/turismebreda.cat\/que-veure-hi\/"},"modified":"2026-02-24T19:36:41","modified_gmt":"2026-02-24T18:36:41","slug":"que-ver","status":"publish","type":"page","link":"https:\/\/turismebreda.cat\/es\/que-ver\/","title":{"rendered":"QUE VER"},"content":{"rendered":"<p>[vc_row css_animation=\u00bb\u00bb row_type=\u00bbrow\u00bb use_row_as_full_screen_section=\u00bbno\u00bb type=\u00bbgrid\u00bb angled_section=\u00bbno\u00bb text_align=\u00bbleft\u00bb background_image_as_pattern=\u00bbwithout_pattern\u00bb padding_top=\u00bb80&#8243; padding_bottom=\u00bb0&#8243; anchor=\u00bbportfolio\u00bb background_color=\u00bb#ffffff\u00bb][vc_column][vc_row_inner row_type=\u00bbrow\u00bb type=\u00bbfull_width\u00bb text_align=\u00bbleft\u00bb css_animation=\u00bb\u00bb][vc_column_inner width=\u00bb1\/2&#8243;][vc_single_image image=\u00bb16376&#8243; img_size=\u00bbfull\u00bb alignment=\u00bbcenter\u00bb qode_css_animation=\u00bbelement_from_fade\u00bb transition_delay=\u00bb0.2&#8243;][vc_separator type=\u00bbtransparent\u00bb up=\u00bb79&#8243; down=\u00bb0&#8243;][\/vc_column_inner][vc_column_inner width=\u00bb1\/2&#8243;][vc_column_text]<\/p>\n<h5 style=\"text-align: left;\">MONASTERIO DE SAN SALVADOR<br \/>\nsiglo XI<\/h5>\n<p>[\/vc_column_text][vc_separator type=\u00bbsmall\u00bb position=\u00bbleft\u00bb down=\u00bb18&#8243; up=\u00bb17&#8243;][vc_column_text]La actual iglesia parroquial era la iglesia del monasterio de San Salvador de Breda. Destaca el campanario de estilo rom\u00e1nico lombardo de 32 metros de altura, que formaba parte de la primera edificaci\u00f3n mon\u00e1stica (siglo XI). La iglesia g\u00f3tica (siglos XIV-XVI) forma parte de una remodelaci\u00f3n impulsada por el abad Gispert de J\u00e0fer (1296-1337) y est\u00e1 formada por una sola nave muy amplia.[\/vc_column_text][vc_separator type=\u00bbtransparent\u00bb up=\u00bb79&#8243; down=\u00bb0&#8243;][\/vc_column_inner][\/vc_row_inner][\/vc_column][\/vc_row][vc_row css_animation=\u00bb\u00bb row_type=\u00bbrow\u00bb use_row_as_full_screen_section=\u00bbno\u00bb type=\u00bbgrid\u00bb angled_section=\u00bbno\u00bb text_align=\u00bbleft\u00bb background_image_as_pattern=\u00bbwithout_pattern\u00bb padding_top=\u00bb80&#8243; padding_bottom=\u00bb0&#8243; anchor=\u00bbportfolio\u00bb background_color=\u00bb#ededed\u00bb z_index=\u00bb\u00bb][vc_column][vc_row_inner row_type=\u00bbrow\u00bb type=\u00bbfull_width\u00bb text_align=\u00bbleft\u00bb css_animation=\u00bb\u00bb][vc_column_inner width=\u00bb1\/2&#8243;][vc_column_text]<\/p>\n<h5 style=\"text-align: left;\">CLAUSTRO<br \/>\nsiglo XIII o XIV<\/h5>\n<p>[\/vc_column_text][vc_separator type=\u00bbsmall\u00bb position=\u00bbleft\u00bb down=\u00bb18&#8243; up=\u00bb17&#8243;][vc_column_text]Adosada a la iglesia, se conserva el ala norte del claustro, una de las cuatro que conformaban el antiguo claustro del monasterio de San Salvador.<\/p>\n<p>Se considera que su construcci\u00f3n se realiz\u00f3 hacia finales del siglo XIII o principios del siglo XIV. Esta parte del claustro tiene siete arcos de medio punto, apoyado cada uno de ellos sobre dos columnas.<\/p>\n<p>Los capiteles de todas las columnas son iguales: cuatro grandes hojas de lirio agrupadas en forma de cima.<\/p>\n<p>Por el gran estado de deterioro en el que se encontraba a causa de la desamortizaci\u00f3n del monasterio, en 1932 la asociaci\u00f3n Amics de l\u2019Art Vell (Amigos del Arte Viejo) se encarg\u00f3 de la restauraci\u00f3n de esta parte del claustro.[\/vc_column_text][vc_separator type=\u00bbtransparent\u00bb up=\u00bb79&#8243; down=\u00bb0&#8243;][\/vc_column_inner][vc_column_inner width=\u00bb1\/2&#8243;][vc_single_image image=\u00bb16383&#8243; img_size=\u00bbfull\u00bb alignment=\u00bbcenter\u00bb qode_css_animation=\u00bbelement_from_fade\u00bb transition_delay=\u00bb0.2&#8243;][vc_separator type=\u00bbtransparent\u00bb up=\u00bb79&#8243; down=\u00bb0&#8243;][\/vc_column_inner][\/vc_row_inner][\/vc_column][\/vc_row][vc_row css_animation=\u00bb\u00bb row_type=\u00bbrow\u00bb use_row_as_full_screen_section=\u00bbno\u00bb type=\u00bbgrid\u00bb angled_section=\u00bbno\u00bb text_align=\u00bbleft\u00bb background_image_as_pattern=\u00bbwithout_pattern\u00bb padding_top=\u00bb80&#8243; padding_bottom=\u00bb0&#8243; anchor=\u00bbportfolio\u00bb background_color=\u00bb#ffffff\u00bb][vc_column][vc_row_inner row_type=\u00bbrow\u00bb type=\u00bbfull_width\u00bb text_align=\u00bbleft\u00bb css_animation=\u00bb\u00bb][vc_column_inner width=\u00bb1\/2&#8243;][vc_single_image image=\u00bb16386&#8243; img_size=\u00bbfull\u00bb alignment=\u00bbcenter\u00bb qode_css_animation=\u00bbelement_from_fade\u00bb transition_delay=\u00bb0.2&#8243;][vc_separator type=\u00bbtransparent\u00bb up=\u00bb79&#8243; down=\u00bb0&#8243;][\/vc_column_inner][vc_column_inner width=\u00bb1\/2&#8243;][vc_column_text]<\/p>\n<h5 style=\"text-align: left;\">PATIO DE LA ABAD\u00cdA<br \/>\nsiglo XV<\/h5>\n<p>[\/vc_column_text][vc_separator type=\u00bbsmall\u00bb position=\u00bbleft\u00bb down=\u00bb18&#8243; up=\u00bb17&#8243;][vc_column_text]Como su propio nombre indica, era el patio que distribu\u00eda el acceso al palacio abacial.<\/p>\n<p>Se puede ver la escalera para subir a la residencia del abad y el pozo para abastecer de agua al monasterio. Destacan las diversas ventanas de estilo g\u00f3tico, los grandes portales adovelados y la balconada de madera. Sobre uno de los portales se puede ver el escudo del abad Miquel Sams\u00f3, que, en el siglo XV, fue qui\u00e9n encarg\u00f3 la construcci\u00f3n de estas edificaciones. Sams\u00f3 fue el 31\u00ba presidente de la Generalitat de Catalunya.[\/vc_column_text][vc_separator type=\u00bbtransparent\u00bb up=\u00bb79&#8243; down=\u00bb0&#8243;][\/vc_column_inner][\/vc_row_inner][\/vc_column][\/vc_row][vc_row css_animation=\u00bb\u00bb row_type=\u00bbrow\u00bb use_row_as_full_screen_section=\u00bbno\u00bb type=\u00bbgrid\u00bb angled_section=\u00bbno\u00bb text_align=\u00bbleft\u00bb background_image_as_pattern=\u00bbwithout_pattern\u00bb padding_top=\u00bb80&#8243; padding_bottom=\u00bb0&#8243; anchor=\u00bbportfolio\u00bb background_color=\u00bb#ededed\u00bb z_index=\u00bb\u00bb][vc_column][vc_row_inner row_type=\u00bbrow\u00bb type=\u00bbfull_width\u00bb text_align=\u00bbleft\u00bb css_animation=\u00bb\u00bb][vc_column_inner width=\u00bb1\/2&#8243;][vc_column_text]<\/p>\n<h5 style=\"text-align: left;\">IGLESIA DE SANTA MAR\u00cdA<br \/>\nsiglo IX-XI<\/h5>\n<p>[\/vc_column_text][vc_separator type=\u00bbsmall\u00bb position=\u00bbleft\u00bb down=\u00bb18&#8243; up=\u00bb17&#8243;][vc_column_text]La iglesia de Santa Mar\u00eda, la antigua iglesia parroquial de la villa, fue construida entre 878 y 1038. Actualmente se conserva el \u00e1bside del siglo XII, donde se pueden observar parte de las pinturas murales originales situadas en el crucero.<\/p>\n<p>La iglesia de Santa Mar\u00eda de Breda se encuentra detr\u00e1s del monasterio y actualmente acoge el Ayuntamiento y el Museo Municipal Josep Aragay. Esta antigua construcci\u00f3n rom\u00e1nica ha sido modificada con el objeto de alojar, sucesivamente, escuelas p\u00fablicas, juzgados, etc. desde 1846.<\/p>\n<p>Exteriormente son visibles el \u00e1bside rom\u00e1nico, en el lado oriental \u2014que hab\u00eda estado muy deteriorado, restaurado y casi reconstruido en 1961\u2014, y el campanario ochavado, un modelo frecuente en la di\u00f3cesis de Girona durante los siglos XV-XVI.[\/vc_column_text][vc_separator type=\u00bbtransparent\u00bb up=\u00bb79&#8243; down=\u00bb0&#8243;][\/vc_column_inner][vc_column_inner width=\u00bb1\/2&#8243;][vc_single_image image=\u00bb16385&#8243; img_size=\u00bbfull\u00bb alignment=\u00bbcenter\u00bb qode_css_animation=\u00bbelement_from_fade\u00bb transition_delay=\u00bb0.2&#8243;][vc_separator type=\u00bbtransparent\u00bb up=\u00bb79&#8243; down=\u00bb0&#8243;][\/vc_column_inner][\/vc_row_inner][\/vc_column][\/vc_row][vc_row css_animation=\u00bb\u00bb row_type=\u00bbrow\u00bb use_row_as_full_screen_section=\u00bbno\u00bb type=\u00bbgrid\u00bb angled_section=\u00bbno\u00bb text_align=\u00bbleft\u00bb background_image_as_pattern=\u00bbwithout_pattern\u00bb padding_top=\u00bb80&#8243; padding_bottom=\u00bb0&#8243; anchor=\u00bbportfolio\u00bb background_color=\u00bb#ffffff\u00bb][vc_column][vc_row_inner row_type=\u00bbrow\u00bb type=\u00bbfull_width\u00bb text_align=\u00bbleft\u00bb css_animation=\u00bb\u00bb][vc_column_inner width=\u00bb1\/2&#8243;][vc_single_image image=\u00bb16343&#8243; img_size=\u00bbfull\u00bb alignment=\u00bbcenter\u00bb qode_css_animation=\u00bbelement_from_fade\u00bb transition_delay=\u00bb0.2&#8243;][vc_separator type=\u00bbtransparent\u00bb up=\u00bb79&#8243; down=\u00bb0&#8243;][\/vc_column_inner][vc_column_inner width=\u00bb1\/2&#8243;][vc_column_text]<\/p>\n<h5 style=\"text-align: left;\">ERMITA DE SANTA ANA<br \/>\nsiglo XVII<\/h5>\n<p>[\/vc_column_text][vc_separator type=\u00bbsmall\u00bb position=\u00bbleft\u00bb down=\u00bb18&#8243; up=\u00bb17&#8243;][vc_column_text]De la ermita de Santa Ana, se conoce su existencia desde 1624; tambi\u00e9n hay una bendici\u00f3n fechada el 1789, coincidiendo posiblemente con unas obras de mejora o alguna reforma. Se trata de una ermita barroca.<\/p>\n<p>A la ermita de Santa Ana se accede por un camino que sale a la derecha de la carretera principal del pueblo, una vez pasada la cruz de t\u00e9rmino.<\/p>\n<p>Cada 26 de julio se celebra el tradicional encuentro de Santa Ana, en el cual los bredenses meriendan en familia y con amigos, bailan sardanas y hacen repicar las campanas de la ermita. Desde hace unos a\u00f1os tambi\u00e9n se celebra en este lugar la Diada Nacional de Catalunya (Fiesta Nacional), la medianoche que va del 10 al 11 de septiembre.[\/vc_column_text][vc_separator type=\u00bbtransparent\u00bb up=\u00bb79&#8243; down=\u00bb0&#8243;][\/vc_column_inner][\/vc_row_inner][\/vc_column][\/vc_row][vc_row css_animation=\u00bb\u00bb row_type=\u00bbrow\u00bb use_row_as_full_screen_section=\u00bbno\u00bb type=\u00bbgrid\u00bb angled_section=\u00bbno\u00bb text_align=\u00bbleft\u00bb background_image_as_pattern=\u00bbwithout_pattern\u00bb padding_top=\u00bb80&#8243; padding_bottom=\u00bb0&#8243; anchor=\u00bbportfolio\u00bb background_color=\u00bb#ededed\u00bb z_index=\u00bb\u00bb][vc_column][vc_row_inner row_type=\u00bbrow\u00bb type=\u00bbfull_width\u00bb text_align=\u00bbleft\u00bb css_animation=\u00bb\u00bb][vc_column_inner width=\u00bb1\/2&#8243;][vc_column_text]<\/p>\n<h5 style=\"text-align: left;\">CASTILLO DE MONTSORIU<br \/>\nsiglo XI<\/h5>\n<p>[\/vc_column_text][vc_separator type=\u00bbsmall\u00bb position=\u00bbleft\u00bb down=\u00bb18&#8243; up=\u00bb17&#8243;][vc_column_text]Aunque no est\u00e1 situado dentro del t\u00e9rmino municipal de Breda, el castillo de Montsoriu forma parte de su patrimonio por su proximidad y por su vinculaci\u00f3n hist\u00f3rica. Aunque las primeras referencias escritas datan del a\u00f1o 1002, Montsoriu ya hab\u00eda sido un lugar ocupado por los \u00edberos. M\u00e1s tarde se convirti\u00f3 en un centro de defensa y de estrategia durante m\u00e1s de quinientos a\u00f1os, y fue un punto de referencia de la nobleza catalana y una fortaleza inexpugnable por su impecable construcci\u00f3n y por sus sistemas defensivos. A lo largo de la historia sufri\u00f3 numerosas ampliaciones hasta los siglos XIV y XV, y su funci\u00f3n militar evolucion\u00f3 para convertirse en residencia palacio, momento en que el castillo lleg\u00f3 a su m\u00e1ximo esplendor, con una estructura que es la que actualmente puede contemplar el visitante. Fue la residencia de la familia vizcondal de los Cabrera, fundadores de Breda.<\/p>\n<p>&nbsp;<\/p>\n<p>Para concertar visitas e informarse de los horarios: <a href=\"http:\/\/www.montsoriu.cat\" target=\"_blank\" rel=\"noopener noreferrer\">www.montsoriu.cat<\/a>[\/vc_column_text][vc_separator type=\u00bbtransparent\u00bb up=\u00bb79&#8243; down=\u00bb0&#8243;][\/vc_column_inner][vc_column_inner width=\u00bb1\/2&#8243;][vc_single_image image=\u00bb16344&#8243; img_size=\u00bbfull\u00bb alignment=\u00bbcenter\u00bb qode_css_animation=\u00bbelement_from_fade\u00bb transition_delay=\u00bb0.2&#8243;][vc_separator type=\u00bbtransparent\u00bb up=\u00bb79&#8243; down=\u00bb0&#8243;][\/vc_column_inner][\/vc_row_inner][\/vc_column][\/vc_row][vc_row css_animation=\u00bb\u00bb row_type=\u00bbrow\u00bb use_row_as_full_screen_section=\u00bbno\u00bb type=\u00bbgrid\u00bb angled_section=\u00bbno\u00bb text_align=\u00bbleft\u00bb background_image_as_pattern=\u00bbwithout_pattern\u00bb padding_top=\u00bb80&#8243; padding_bottom=\u00bb0&#8243; anchor=\u00bbportfolio\u00bb background_color=\u00bb#ffffff\u00bb][vc_column][vc_row_inner row_type=\u00bbrow\u00bb type=\u00bbfull_width\u00bb text_align=\u00bbleft\u00bb css_animation=\u00bb\u00bb][vc_column_inner width=\u00bb1\/2&#8243;][vc_single_image image=\u00bb17905&#8243; img_size=\u00bbfull\u00bb alignment=\u00bbcenter\u00bb qode_css_animation=\u00bbelement_from_fade\u00bb transition_delay=\u00bb0.2&#8243;][vc_separator type=\u00bbtransparent\u00bb up=\u00bb79&#8243; down=\u00bb0&#8243;][\/vc_column_inner][vc_column_inner width=\u00bb1\/2&#8243;][vc_column_text]<\/p>\n<h5 style=\"text-align: left;\">CENTRO CULTURAL ELS FORNS<\/h5>\n<p>[\/vc_column_text][vc_separator type=\u00bbsmall\u00bb position=\u00bbleft\u00bb down=\u00bb18&#8243; up=\u00bb17&#8243;][vc_column_text]Antiguo obrador de barro del siglo XIX. Cuenta, en su interior, con dos hornos morunos, que eran los que se usaban en el m\u00e9todo tradicional de cocci\u00f3n del barro. Acoge una exposici\u00f3n permanente dedicada a la alfarer\u00eda de Breda y dos salas dedicadas a exposiciones temporales. Tambi\u00e9n es un centro de informaci\u00f3n tur\u00edstica donde se atiende a los que visitan el pueblo.<\/p>\n<p>&nbsp;<\/p>\n<p>Carrer Santa Vict\u00f2ria, 1<br \/>\nHorario: s\u00e1bados de 9.30h a 13.30h y de 16h a 19h.<br \/>\nDomingos y festivos de de 9.30h a 13.30h.[\/vc_column_text][vc_separator type=\u00bbtransparent\u00bb up=\u00bb79&#8243; down=\u00bb0&#8243;][\/vc_column_inner][\/vc_row_inner][\/vc_column][\/vc_row][vc_row css_animation=\u00bb\u00bb row_type=\u00bbrow\u00bb use_row_as_full_screen_section=\u00bbno\u00bb type=\u00bbgrid\u00bb angled_section=\u00bbno\u00bb text_align=\u00bbleft\u00bb background_image_as_pattern=\u00bbwithout_pattern\u00bb padding_top=\u00bb80&#8243; padding_bottom=\u00bb0&#8243; anchor=\u00bbportfolio\u00bb background_color=\u00bb#ededed\u00bb z_index=\u00bb\u00bb][vc_column][vc_row_inner row_type=\u00bbrow\u00bb type=\u00bbfull_width\u00bb text_align=\u00bbleft\u00bb css_animation=\u00bb\u00bb][vc_column_inner width=\u00bb1\/2&#8243;][vc_column_text]<\/p>\n<h5 style=\"text-align: left;\">MUSEO JOSEP ARAGAY<\/h5>\n<p>[\/vc_column_text][vc_separator type=\u00bbsmall\u00bb position=\u00bbleft\u00bb down=\u00bb18&#8243; up=\u00bb17&#8243;][vc_column_text]En los bajos del edificio del Ayuntamiento se encuentra el Museo Josep Aragay, que est\u00e1 dedicado a la difusi\u00f3n de la obra de este artista novecentista. Aragay vivi\u00f3 entre 1889 y 1973 y fue un personaje de referencia dentro del movimiento cultural del Novecentismo. Ejerci\u00f3 de te\u00f3rico del arte, de pintor, dibujante, grabador y ceramista, y marc\u00f3 una gran influencia en el mundo intelectual y art\u00edstico de su \u00e9poca, hasta el punto de que Eugeni d&#8217;Ors le encarg\u00f3 la direcci\u00f3n art\u00edstica del <em>Almanac dels Noucentistes<\/em>. Nacido en Barcelona, en 1925 vino a vivir a Breda, el pueblo de su madre, donde abri\u00f3 un obrador de cer\u00e1mica. Dentro del museo tambi\u00e9n se pueden ver unas pinturas rom\u00e1nicas de la antigua iglesia parroquial del pueblo, reconvertida en Ayuntamiento a ra\u00edz de la desamortizaci\u00f3n de 1835.<\/p>\n<p>&nbsp;<\/p>\n<p>Carrer Nou, 2<br \/>\nHorario:<br \/>\nMa\u00f1anas de jueves a domingo (y festivos): de 9:30 h a 13:30 h<br \/>\nTardes de s\u00e1bado: de 16:00 h a 19:00 h<br \/>\n<a href=\"http:\/\/www.museuaragay.cat\" target=\"_blank\" rel=\"noopener noreferrer\">www.museuaragay.cat<\/a>[\/vc_column_text][vc_separator type=\u00bbtransparent\u00bb up=\u00bb79&#8243; down=\u00bb0&#8243;][\/vc_column_inner][vc_column_inner width=\u00bb1\/2&#8243;][vc_single_image image=\u00bb17889&#8243; img_size=\u00bbfull\u00bb alignment=\u00bbcenter\u00bb qode_css_animation=\u00bbelement_from_fade\u00bb transition_delay=\u00bb0.2&#8243;][vc_separator type=\u00bbtransparent\u00bb up=\u00bb79&#8243; down=\u00bb0&#8243;][\/vc_column_inner][\/vc_row_inner][\/vc_column][\/vc_row][vc_row css_animation=\u00bb\u00bb row_type=\u00bbrow\u00bb use_row_as_full_screen_section=\u00bbno\u00bb type=\u00bbgrid\u00bb angled_section=\u00bbno\u00bb text_align=\u00bbleft\u00bb background_image_as_pattern=\u00bbwithout_pattern\u00bb padding_top=\u00bb80&#8243; padding_bottom=\u00bb0&#8243; anchor=\u00bbportfolio\u00bb background_color=\u00bb#ffffff\u00bb][vc_column][vc_row_inner row_type=\u00bbrow\u00bb type=\u00bbfull_width\u00bb text_align=\u00bbleft\u00bb css_animation=\u00bb\u00bb][vc_column_inner width=\u00bb1\/2&#8243;][vc_single_image image=\u00bb16387&#8243; img_size=\u00bbfull\u00bb alignment=\u00bbcenter\u00bb qode_css_animation=\u00bbelement_from_fade\u00bb transition_delay=\u00bb0.2&#8243;][vc_separator type=\u00bbtransparent\u00bb up=\u00bb79&#8243; down=\u00bb0&#8243;][\/vc_column_inner][vc_column_inner width=\u00bb1\/2&#8243;][vc_column_text]<\/p>\n<h5 style=\"text-align: left;\">MERCADO SEMANAL<\/h5>\n<p>[\/vc_column_text][vc_separator type=\u00bbsmall\u00bb position=\u00bbleft\u00bb down=\u00bb18&#8243; up=\u00bb17&#8243;][vc_column_text]Los domingos por la ma\u00f1ana, alrededor de la iglesia y el Ayuntamiento, se concentra el mercado semanal, dando al centro del pueblo una animaci\u00f3n especial. Es un buen motivo para venir a pasear y aprovechar que el comercio local tambi\u00e9n est\u00e1 abierto.[\/vc_column_text][vc_separator type=\u00bbtransparent\u00bb up=\u00bb79&#8243; down=\u00bb0&#8243;][\/vc_column_inner][\/vc_row_inner][\/vc_column][\/vc_row]<\/p>\n","protected":false},"excerpt":{"rendered":"<p>[vc_row css_animation=\u00bb\u00bb row_type=\u00bbrow\u00bb use_row_as_full_screen_section=\u00bbno\u00bb type=\u00bbgrid\u00bb angled_section=\u00bbno\u00bb text_align=\u00bbleft\u00bb background_image_as_pattern=\u00bbwithout_pattern\u00bb padding_top=\u00bb80&#8243; padding_bottom=\u00bb0&#8243; anchor=\u00bbportfolio\u00bb background_color=\u00bb#ffffff\u00bb][vc_column][vc_row_inner row_type=\u00bbrow\u00bb type=\u00bbfull_width\u00bb text_align=\u00bbleft\u00bb css_animation=\u00bb\u00bb][vc_column_inner width=\u00bb1\/2&#8243;][vc_single_image image=\u00bb16376&#8243; img_size=\u00bbfull\u00bb alignment=\u00bbcenter\u00bb qode_css_animation=\u00bbelement_from_fade\u00bb transition_delay=\u00bb0.2&#8243;][vc_separator type=\u00bbtransparent\u00bb up=\u00bb79&#8243; down=\u00bb0&#8243;][\/vc_column_inner][vc_column_inner width=\u00bb1\/2&#8243;][vc_column_text] MONASTERIO DE SAN SALVADOR siglo XI [\/vc_column_text][vc_separator type=\u00bbsmall\u00bb position=\u00bbleft\u00bb down=\u00bb18&#8243; up=\u00bb17&#8243;][vc_column_text]La actual iglesia parroquial era la iglesia del monasterio&#8230;<\/p>\n","protected":false},"author":1,"featured_media":0,"parent":0,"menu_order":0,"comment_status":"open","ping_status":"closed","template":"full_width.php","meta":[],"_links":{"self":[{"href":"https:\/\/turismebreda.cat\/es\/wp-json\/wp\/v2\/pages\/16967"}],"collection":[{"href":"https:\/\/turismebreda.cat\/es\/wp-json\/wp\/v2\/pages"}],"about":[{"href":"https:\/\/turismebreda.cat\/es\/wp-json\/wp\/v2\/types\/page"}],"author":[{"embeddable":true,"href":"https:\/\/turismebreda.cat\/es\/wp-json\/wp\/v2\/users\/1"}],"replies":[{"embeddable":true,"href":"https:\/\/turismebreda.cat\/es\/wp-json\/wp\/v2\/comments?post=16967"}],"version-history":[{"count":6,"href":"https:\/\/turismebreda.cat\/es\/wp-json\/wp\/v2\/pages\/16967\/revisions"}],"predecessor-version":[{"id":18057,"href":"https:\/\/turismebreda.cat\/es\/wp-json\/wp\/v2\/pages\/16967\/revisions\/18057"}],"wp:attachment":[{"href":"https:\/\/turismebreda.cat\/es\/wp-json\/wp\/v2\/media?parent=16967"}],"curies":[{"name":"wp","href":"https:\/\/api.w.org\/{rel}","templated":true}]}}