{"id":16956,"date":"2019-08-22T13:28:36","date_gmt":"2019-08-22T11:28:36","guid":{"rendered":"http:\/\/turismebreda.cat\/on-dormir\/"},"modified":"2025-06-23T16:27:28","modified_gmt":"2025-06-23T14:27:28","slug":"donde-dormir","status":"publish","type":"page","link":"https:\/\/turismebreda.cat\/es\/donde-dormir\/","title":{"rendered":"D\u00d3NDE DORMIR"},"content":{"rendered":"<p>[vc_row css_animation=\u00bb\u00bb row_type=\u00bbrow\u00bb use_row_as_full_screen_section=\u00bbno\u00bb type=\u00bbgrid\u00bb angled_section=\u00bbno\u00bb text_align=\u00bbleft\u00bb background_image_as_pattern=\u00bbwithout_pattern\u00bb padding_top=\u00bb80&#8243; padding_bottom=\u00bb0&#8243; anchor=\u00bbportfolio\u00bb z_index=\u00bb\u00bb][vc_column][vc_row_inner row_type=\u00bbrow\u00bb type=\u00bbfull_width\u00bb text_align=\u00bbleft\u00bb css_animation=\u00bb\u00bb][vc_column_inner width=\u00bb2\/3&#8243;][vc_column_text]<\/p>\n<h5 style=\"text-align: left;\">\u00c1REA DE SERVICIO DE AUTOCARAVANAS<\/h5>\n<p>[\/vc_column_text][vc_separator type=\u00bbsmall\u00bb position=\u00bbleft\u00bb down=\u00bb18&#8243; up=\u00bb17&#8243;][vc_column_text]Breda dispone de un \u00e1rea de servicio para autocaravanas que permite el vaciado de aguas grises y de aguas negras y, al mismo tiempo, rellenar los dep\u00f3sitos con agua limpia. Cerca de esta misma \u00e1rea hay un aparcamiento p\u00fablico, donde se permite la pernoctaci\u00f3n tanto de autocaravanas como de caravanas. La ubicaci\u00f3n del \u00e1rea de servicio y del aparcamiento es muy c\u00e9ntrica, a pocos minutos a pie del centro del pueblo; ideal para pasar la noche o parar un rato a descansar antes o despu\u00e9s de visitar el casco hist\u00f3rico de Breda.[\/vc_column_text][vc_separator type=\u00bbtransparent\u00bb up=\u00bb50&#8243; down=\u00bb0&#8243;][\/vc_column_inner][vc_column_inner width=\u00bb1\/3&#8243;][vc_single_image image=\u00bb17728&#8243; img_size=\u00bbfull\u00bb onclick=\u00bblink_image\u00bb qode_css_animation=\u00bb\u00bb][vc_separator type=\u00bbtransparent\u00bb up=\u00bb79&#8243; down=\u00bb0&#8243;][\/vc_column_inner][\/vc_row_inner][vc_row_inner row_type=\u00bbrow\u00bb type=\u00bbfull_width\u00bb text_align=\u00bbleft\u00bb css_animation=\u00bb\u00bb][vc_column_inner width=\u00bb1\/3&#8243;][vc_column_text]<\/p>\n<h5 style=\"text-align: left;\">FONDA MONTSENY<\/h5>\n<p>[\/vc_column_text][vc_separator type=\u00bbsmall\u00bb position=\u00bbleft\u00bb down=\u00bb18&#8243; up=\u00bb17&#8243;][vc_column_text]Pla\u00e7a Trunas, 1<br \/>\n972160294<br \/>\n<a href=\"https:\/\/www.fondamontsenybreda.es\" target=\"_blank\" rel=\"noopener noreferrer\">https:\/\/www.fondamontsenybreda.es<\/a>[\/vc_column_text][vc_separator type=\u00bbtransparent\u00bb up=\u00bb79&#8243; down=\u00bb0&#8243;][\/vc_column_inner][vc_column_inner width=\u00bb1\/3&#8243;][vc_column_text]<\/p>\n<h5 style=\"text-align: left;\">FONDA SANTA ANNA<\/h5>\n<p>[\/vc_column_text][vc_separator type=\u00bbsmall\u00bb position=\u00bbleft\u00bb down=\u00bb18&#8243; up=\u00bb17&#8243;][vc_column_text]Carretera d\u2019Arb\u00facies, 3<br \/>\n972870003[\/vc_column_text][vc_separator type=\u00bbtransparent\u00bb up=\u00bb79&#8243; down=\u00bb0&#8243;][\/vc_column_inner][vc_column_inner width=\u00bb1\/3&#8243;][vc_column_text]<\/p>\n<h5 style=\"text-align: left;\">RURALBREDA<\/h5>\n<p>[\/vc_column_text][vc_separator type=\u00bbsmall\u00bb position=\u00bbleft\u00bb down=\u00bb18&#8243; up=\u00bb17&#8243;][vc_column_text]VARIOS ALOJAMIENTOS TUR\u00cdSTICOS<br \/>\nCarrer Prat, 4<br \/>\n682012660<br \/>\n<a href=\"http:\/\/ruralbreda.com\" target=\"_blank\" rel=\"noopener\">www.ruralbreda.com<\/a>[\/vc_column_text][vc_separator type=\u00bbtransparent\u00bb up=\u00bb79&#8243; down=\u00bb0&#8243;][\/vc_column_inner][\/vc_row_inner][vc_row_inner row_type=\u00bbrow\u00bb type=\u00bbfull_width\u00bb text_align=\u00bbleft\u00bb css_animation=\u00bb\u00bb][vc_column_inner width=\u00bb1\/3&#8243;][vc_column_text]<\/p>\n<h5 style=\"text-align: left;\">CAN NOTA<\/h5>\n<p>[\/vc_column_text][vc_separator type=\u00bbsmall\u00bb position=\u00bbleft\u00bb down=\u00bb18&#8243; up=\u00bb17&#8243;][vc_column_text]ALOJAMIENTO TUR\u00cdSTICO<br \/>\nPag\u00e8s de Baix, 19<br \/>\n684017365 &#8211; 610318610<br \/>\n<a href=\"https:\/\/abnb.me\/Etfmqi7uyIb\" target=\"_blank\" rel=\"noopener noreferrer\">https:\/\/abnb.me\/Etfmqi7uyIb<\/a>[\/vc_column_text][vc_separator type=\u00bbtransparent\u00bb up=\u00bb79&#8243; down=\u00bb0&#8243;][\/vc_column_inner][vc_column_inner width=\u00bb1\/3&#8243;][vc_column_text]<\/p>\n<h5 style=\"text-align: left;\">CAN FORCADELL<\/h5>\n<p>[\/vc_column_text][vc_separator type=\u00bbsmall\u00bb position=\u00bbleft\u00bb down=\u00bb18&#8243; up=\u00bb17&#8243;][vc_column_text]APARTAMENTOS TUR\u00cdSTICOS<br \/>\nCarrer Montseny, 12<br \/>\n626133374<br \/>\n623126545<br \/>\n<a href=\"mailto:info@canforcadell.cat\">info@canforcadell.cat<\/a><br \/>\n<a href=\"http:\/\/www.canforcadell.cat\" target=\"_blank\" rel=\"noopener noreferrer\">www.canforcadell.cat<\/a>[\/vc_column_text][vc_separator type=\u00bbtransparent\u00bb up=\u00bb79&#8243; down=\u00bb0&#8243;][\/vc_column_inner][vc_column_inner width=\u00bb1\/3&#8243;][vc_column_text]<\/p>\n<h5 style=\"text-align: left;\">CAN REIXACH<\/h5>\n<p>[\/vc_column_text][vc_separator type=\u00bbsmall\u00bb position=\u00bbleft\u00bb down=\u00bb18&#8243; up=\u00bb17&#8243;][vc_column_text]ALOJAMIENTO TUR\u00cdSTICO<br \/>\nCarrer Sant Francesc, 58<br \/>\n<a href=\"https:\/\/www.naturaki.com\/ca\/canreixach\/\" target=\"_blank\" rel=\"noopener noreferrer\">https:\/\/www.naturaki.com\/ca\/canreixach\/<\/a>[\/vc_column_text][vc_separator type=\u00bbtransparent\u00bb up=\u00bb79&#8243; down=\u00bb0&#8243;][\/vc_column_inner][\/vc_row_inner][\/vc_column][\/vc_row]<\/p>\n","protected":false},"excerpt":{"rendered":"<p>[vc_row css_animation=\u00bb\u00bb row_type=\u00bbrow\u00bb use_row_as_full_screen_section=\u00bbno\u00bb type=\u00bbgrid\u00bb angled_section=\u00bbno\u00bb text_align=\u00bbleft\u00bb background_image_as_pattern=\u00bbwithout_pattern\u00bb padding_top=\u00bb80&#8243; padding_bottom=\u00bb0&#8243; anchor=\u00bbportfolio\u00bb z_index=\u00bb\u00bb][vc_column][vc_row_inner row_type=\u00bbrow\u00bb type=\u00bbfull_width\u00bb text_align=\u00bbleft\u00bb css_animation=\u00bb\u00bb][vc_column_inner width=\u00bb2\/3&#8243;][vc_column_text] \u00c1REA DE SERVICIO DE AUTOCARAVANAS [\/vc_column_text][vc_separator type=\u00bbsmall\u00bb position=\u00bbleft\u00bb down=\u00bb18&#8243; up=\u00bb17&#8243;][vc_column_text]Breda dispone de un \u00e1rea de servicio para autocaravanas que permite el vaciado de aguas grises y de aguas&#8230;<\/p>\n","protected":false},"author":1,"featured_media":0,"parent":0,"menu_order":0,"comment_status":"open","ping_status":"closed","template":"full_width.php","meta":[],"_links":{"self":[{"href":"https:\/\/turismebreda.cat\/es\/wp-json\/wp\/v2\/pages\/16956"}],"collection":[{"href":"https:\/\/turismebreda.cat\/es\/wp-json\/wp\/v2\/pages"}],"about":[{"href":"https:\/\/turismebreda.cat\/es\/wp-json\/wp\/v2\/types\/page"}],"author":[{"embeddable":true,"href":"https:\/\/turismebreda.cat\/es\/wp-json\/wp\/v2\/users\/1"}],"replies":[{"embeddable":true,"href":"https:\/\/turismebreda.cat\/es\/wp-json\/wp\/v2\/comments?post=16956"}],"version-history":[{"count":22,"href":"https:\/\/turismebreda.cat\/es\/wp-json\/wp\/v2\/pages\/16956\/revisions"}],"predecessor-version":[{"id":18046,"href":"https:\/\/turismebreda.cat\/es\/wp-json\/wp\/v2\/pages\/16956\/revisions\/18046"}],"wp:attachment":[{"href":"https:\/\/turismebreda.cat\/es\/wp-json\/wp\/v2\/media?parent=16956"}],"curies":[{"name":"wp","href":"https:\/\/api.w.org\/{rel}","templated":true}]}}