{"id":16949,"date":"2014-04-30T15:47:48","date_gmt":"2014-04-30T15:47:48","guid":{"rendered":"http:\/\/turismebreda.cat\/home\/"},"modified":"2023-06-12T16:01:56","modified_gmt":"2023-06-12T14:01:56","slug":"home","status":"publish","type":"page","link":"https:\/\/turismebreda.cat\/es\/","title":{"rendered":"Inicio"},"content":{"rendered":"<p>[vc_row css_animation=\u00bb\u00bb row_type=\u00bbrow\u00bb use_row_as_full_screen_section=\u00bbno\u00bb type=\u00bbgrid\u00bb angled_section=\u00bbno\u00bb text_align=\u00bbleft\u00bb background_image_as_pattern=\u00bbwithout_pattern\u00bb padding_top=\u00bb70&#8243; padding_bottom=\u00bb0&#8243; anchor=\u00bbportfolio\u00bb background_color=\u00bb#ffffff\u00bb z_index=\u00bb\u00bb][vc_column][vc_column_text]<\/p>\n<h2 style=\"text-align: center;\">PATRIMONIO, HISTORIA, ARTESAN\u00cdA, MONTSENY<\/h2>\n<p>[\/vc_column_text][vc_separator type=\u00bbsmall\u00bb position=\u00bbcenter\u00bb down=\u00bb18&#8243; up=\u00bb17&#8243;][vc_column_text]<\/p>\n<h4 style=\"text-align: center;\">El 4 de junio de 1038, Guerau de Cabrera y su mujer, Ermessenda, vizcondes de Girona y se\u00f1ores de Breda y de su comarca, fundaron en el valle de Breda el monasterio benedictino de San Salvador. El 4 de octubre de 1068 los obispos de Girona y Barcelona y el abad Amat consagraron la iglesia del monasterio con la presencia de Pon\u00e7 de Cabrera, hijo de Guerau y Ermessenda. Esta se considera la fecha fundacional de la Breda que conocemos hoy, porque, a partir de entonces, alrededor del monasterio se empez\u00f3 a formar el tejido social y urbano del municipio. Breda es, pues, un pueblo con un rico legado medieval, que ofrece al visitante interesado en la historia y el patrimonio varios puntos de inter\u00e9s.<\/h4>\n<p>&nbsp;<\/p>\n<h4 style=\"text-align: center;\">El barro es el otro puntal del patrimonio bredense. Desde el a\u00f1o 1408 se documenta en la iglesia del monasterio de San Salvador una capilla dedicada a San Hip\u00f3lito, patr\u00f3n de los alfareros. Una tradici\u00f3n centenaria que contin\u00faa viva, con obradores e industrias modernas que exportan a todo el mundo y comercios dedicados a este producto.<\/h4>\n<p>[\/vc_column_text][vc_separator type=\u00bbtransparent\u00bb up=\u00bb76&#8243; down=\u00bb0&#8243;][vc_row_inner row_type=\u00bbrow\u00bb type=\u00bbfull_width\u00bb text_align=\u00bbleft\u00bb css_animation=\u00bb\u00bb][vc_column_inner width=\u00bb1\/3&#8243;][vc_single_image image=\u00bb16329&#8243; img_size=\u00bbfull\u00bb qode_css_animation=\u00bb\u00bb][vc_separator type=\u00bbtransparent\u00bb up=\u00bb22&#8243; down=\u00bb0&#8243;][vc_column_text]<\/p>\n<h5>MONASTERIO DE SAN SALVADOR<\/h5>\n<h5>siglo XI<\/h5>\n<p>[\/vc_column_text][vc_separator type=\u00bbtransparent\u00bb up=\u00bb13&#8243; down=\u00bb0&#8243;][vc_column_text]La actual iglesia parroquial era la iglesia del monasterio de San Salvador de Breda. Destaca el campanario de estilo rom\u00e1nico lombardo de 32 metros de altura, que formaba parte de la primera edificaci\u00f3n mon\u00e1stica (siglo XI)&#8230;[\/vc_column_text][vc_separator type=\u00bbtransparent\u00bb up=\u00bb13&#8243; down=\u00bb0&#8243;][vc_column_text]<\/p>\n<h6><a href=\"https:\/\/turismebreda.cat\/es\/monasterio-de-san-salvador\/\">LEER M\u00c1S<\/a><\/h6>\n<p>[\/vc_column_text][vc_separator type=\u00bbtransparent\u00bb up=\u00bb76&#8243; down=\u00bb0&#8243;][\/vc_column_inner][vc_column_inner width=\u00bb1\/3&#8243;][vc_single_image image=\u00bb16330&#8243; img_size=\u00bbfull\u00bb qode_css_animation=\u00bb\u00bb][vc_separator type=\u00bbtransparent\u00bb up=\u00bb22&#8243; down=\u00bb0&#8243;][vc_column_text]<\/p>\n<h5>CLAUSTRO<\/h5>\n<h5>siglo XIII o XIV<\/h5>\n<p>[\/vc_column_text][vc_separator type=\u00bbtransparent\u00bb up=\u00bb13&#8243; down=\u00bb0&#8243;][vc_column_text]Adosada a la iglesia, se conserva el ala norte del claustro, una de las cuatro que conformaban el antiguo claustro del monasterio de San Salvador.<\/p>\n<p>Se considera que su construcci\u00f3n&#8230;[\/vc_column_text][vc_separator type=\u00bbtransparent\u00bb up=\u00bb13&#8243; down=\u00bb0&#8243;][vc_column_text]<\/p>\n<h6><a href=\"https:\/\/turismebreda.cat\/es\/claustro\/\">LEER M\u00c1S<\/a><\/h6>\n<p>[\/vc_column_text][vc_separator type=\u00bbtransparent\u00bb up=\u00bb76&#8243; down=\u00bb0&#8243;][vc_separator type=\u00bbtransparent\u00bb up=\u00bb76&#8243; down=\u00bb0&#8243;][\/vc_column_inner][vc_column_inner width=\u00bb1\/3&#8243;][vc_single_image image=\u00bb16331&#8243; img_size=\u00bbfull\u00bb qode_css_animation=\u00bb\u00bb][vc_separator type=\u00bbtransparent\u00bb up=\u00bb22&#8243; down=\u00bb0&#8243;][vc_column_text]<\/p>\n<h5>PATIO DE LA ABAD\u00cdA<\/h5>\n<h5>siglo XV<\/h5>\n<p>[\/vc_column_text][vc_separator type=\u00bbtransparent\u00bb up=\u00bb13&#8243; down=\u00bb0&#8243;][vc_column_text]Como su propio nombre indica, era el patio que distribu\u00eda el acceso al palacio abacial.<\/p>\n<p>Se puede ver la escalera para subir a la residencia del abad y el pozo para abastecer de agua al monasterio. Destacan las diversas&#8230;[\/vc_column_text][vc_separator type=\u00bbtransparent\u00bb up=\u00bb13&#8243; down=\u00bb0&#8243;][vc_column_text]<\/p>\n<h6><a href=\"https:\/\/turismebreda.cat\/es\/patio-de-la-abadia\/\">LEER M\u00c1S<\/a><\/h6>\n<p>[\/vc_column_text][vc_separator type=\u00bbtransparent\u00bb up=\u00bb76&#8243; down=\u00bb0&#8243;][\/vc_column_inner][\/vc_row_inner][\/vc_column][\/vc_row][vc_row css_animation=\u00bb\u00bb row_type=\u00bbrow\u00bb use_row_as_full_screen_section=\u00bbno\u00bb type=\u00bbgrid\u00bb angled_section=\u00bbno\u00bb text_align=\u00bbleft\u00bb background_image_as_pattern=\u00bbwithout_pattern\u00bb z_index=\u00bb\u00bb][vc_column width=\u00bb1\/3&#8243;][vc_single_image image=\u00bb16342&#8243; img_size=\u00bbfull\u00bb qode_css_animation=\u00bb\u00bb][vc_separator type=\u00bbtransparent\u00bb up=\u00bb22&#8243; down=\u00bb0&#8243;][vc_column_text]<\/p>\n<h5>IGLESIA DE SANTA MAR\u00cdA<br \/>\nsiglo IX-XI<\/h5>\n<p>[\/vc_column_text][vc_separator type=\u00bbtransparent\u00bb up=\u00bb22&#8243; down=\u00bb0&#8243;][vc_column_text]La iglesia de Santa Mar\u00eda, la antigua iglesia parroquial de la villa, fue construida entre 878 y 1038. Actualmente se conserva el \u00e1bside del siglo XII, donde se pueden observar parte de las pinturas&#8230;[\/vc_column_text][vc_separator type=\u00bbtransparent\u00bb up=\u00bb13&#8243; down=\u00bb0&#8243;][vc_column_text]<\/p>\n<h6><a href=\"https:\/\/turismebreda.cat\/es\/iglesia-de-santa-maria\/\">LEER M\u00c1S<\/a><\/h6>\n<p>[\/vc_column_text][vc_separator type=\u00bbtransparent\u00bb up=\u00bb76&#8243; down=\u00bb0&#8243;][\/vc_column][vc_column width=\u00bb1\/3&#8243;][vc_single_image image=\u00bb16343&#8243; img_size=\u00bbfull\u00bb qode_css_animation=\u00bb\u00bb][vc_separator type=\u00bbtransparent\u00bb up=\u00bb22&#8243; down=\u00bb0&#8243;][vc_column_text]<\/p>\n<h5>ERMITA DE SANTA ANA<br \/>\nsiglo XVII<\/h5>\n<p>[\/vc_column_text][vc_separator type=\u00bbtransparent\u00bb up=\u00bb22&#8243; down=\u00bb0&#8243;][vc_column_text]De la ermita de Santa Ana, se conoce su existencia desde 1624; tambi\u00e9n hay una bendici\u00f3n fechada el 1789, coincidiendo posiblemente con unas obras de mejora&#8230;[\/vc_column_text][vc_separator type=\u00bbtransparent\u00bb up=\u00bb13&#8243; down=\u00bb0&#8243;][vc_column_text]<\/p>\n<h6><a href=\"https:\/\/turismebreda.cat\/es\/ermita-de-santa-ana\/\">LEER M\u00c1S<\/a><\/h6>\n<p>[\/vc_column_text][vc_separator type=\u00bbtransparent\u00bb up=\u00bb76&#8243; down=\u00bb0&#8243;][\/vc_column][vc_column width=\u00bb1\/3&#8243;][vc_single_image image=\u00bb16344&#8243; img_size=\u00bbfull\u00bb qode_css_animation=\u00bb\u00bb][vc_separator type=\u00bbtransparent\u00bb up=\u00bb22&#8243; down=\u00bb0&#8243;][vc_column_text]<\/p>\n<h5>CASTILLO DE MONTSORIU<br \/>\nsiglo XI<\/h5>\n<p>[\/vc_column_text][vc_separator type=\u00bbtransparent\u00bb up=\u00bb22&#8243; down=\u00bb0&#8243;][vc_column_text]Aunque no est\u00e1 situado dentro del t\u00e9rmino municipal de Breda, el castillo de Montsoriu forma parte de su patrimonio por su proximidad y por su vinculaci\u00f3n hist\u00f3rica. Aunque las primeras&#8230;[\/vc_column_text][vc_separator type=\u00bbtransparent\u00bb up=\u00bb13&#8243; down=\u00bb0&#8243;][vc_column_text]<\/p>\n<h6><a href=\"https:\/\/turismebreda.cat\/es\/castillo-de-montsoriu\/\">LEER M\u00c1S<\/a><\/h6>\n<p>[\/vc_column_text][vc_separator type=\u00bbtransparent\u00bb up=\u00bb76&#8243; down=\u00bb0&#8243;][\/vc_column][\/vc_row][vc_row row_type=\u00bbparallax\u00bb parallax_content_width=\u00bbin_grid\u00bb text_align=\u00bbleft\u00bb full_screen_section_height=\u00bbno\u00bb anchor=\u00bbportfolio\u00bb background_image=\u00bb16336&#8243; section_height=\u00bb450&#8243;][vc_column][vc_separator type=\u00bbtransparent\u00bb up=\u00bb120&#8243; down=\u00bb0&#8243;][vc_column_text]<\/p>\n<h2 style=\"text-align: center;\"><span style=\"color: #13a538;\">ENTORNO NATURAL<\/span><\/h2>\n<p>[\/vc_column_text][vc_separator type=\u00bbsmall\u00bb position=\u00bbcenter\u00bb down=\u00bb18&#8243; up=\u00bb17&#8243; color=\u00bb#ffffff\u00bb][vc_column_text]<\/p>\n<p style=\"text-align: center;\"><span style=\"color: #ffffff;\">Breda forma parte del Parque Natural del Montseny, que desde el a\u00f1o 1978 es reserva de la biosfera de la UNESCO. Es un buen punto de partida para emprender excursiones hacia este macizo, que cuenta con una gran variedad de tipos de vegetaci\u00f3n y con una diversidad de fauna extraordinaria. Artur Osona escribi\u00f3 la primera gu\u00eda excursionista sobre una monta\u00f1a catalana en 1879, en la que relat\u00f3 un trayecto que iba de Breda al Tur\u00f3 de l&#8217;Home.<\/span><\/p>\n<p>&nbsp;<\/p>\n<p style=\"text-align: center;\"><a href=\"http:\/\/parcs.diba.cat\/web\/montseny\" target=\"_blank\" rel=\"noopener noreferrer\">http:\/\/parcs.diba.cat\/web\/montseny<\/a><br \/>\n<a href=\"http:\/\/www.turisme-montseny.com\/\" target=\"_blank\" rel=\"noopener noreferrer\">www.turisme-montseny.com\/<\/a><\/p>\n<p>[\/vc_column_text][vc_separator type=\u00bbtransparent\u00bb up=\u00bb100&#8243; down=\u00bb0&#8243;][\/vc_column][\/vc_row][vc_row css_animation=\u00bb\u00bb row_type=\u00bbrow\u00bb use_row_as_full_screen_section=\u00bbno\u00bb type=\u00bbgrid\u00bb angled_section=\u00bbno\u00bb text_align=\u00bbleft\u00bb background_image_as_pattern=\u00bbwithout_pattern\u00bb background_color=\u00bb#ededed\u00bb padding_top=\u00bb88&#8243; padding_bottom=\u00bb50&#8243; z_index=\u00bb\u00bb][vc_column][vc_column_text]<\/p>\n<h2 style=\"text-align: center;\">VISITAS GUIADAS<\/h2>\n<p>[\/vc_column_text][vc_separator type=\u00bbsmall\u00bb position=\u00bbcenter\u00bb down=\u00bb18&#8243; up=\u00bb17&#8243;][vc_column_text]<\/p>\n<h4 style=\"text-align: center;\">Para concertar una visita guiada al patrimonio hist\u00f3rico de Breda hace falta contactar con el Centre Cultural i d&#8217;Intormaci\u00f3 Tur\u00edstica Els Forns enviando un correo electr\u00f3nico a <a href=\"mailto:elsforns@breda.cat\">elsforns@breda.cat<\/a> o llamando al 972 87 15 30 dentro de su horario de apertura (s\u00e1bados de 9.30h a 13.30h y de 16h a 19h; domingos y festivos de de 9.30h a 13.30h).<\/h4>\n<p>[\/vc_column_text][vc_separator type=\u00bbtransparent\u00bb up=\u00bb52&#8243; down=\u00bb0&#8243;][\/vc_column][\/vc_row][vc_row row_type=\u00bbexpandable\u00bb text_align=\u00bbleft\u00bb background_color=\u00bb#13a538&#8243; color=\u00bb#ffffff\u00bb more_button_label=\u00bbTe proponemos algunas rutas para disfrutar de nuestro entorno\u00bb less_button_label=\u00bbTanca aquest apartat\u00bb hover_color=\u00bb#ffffff\u00bb expandable_content_top_padding=\u00bb35&#8243;][vc_column][vc_row_inner row_type=\u00bbrow\u00bb type=\u00bbgrid\u00bb text_align=\u00bbleft\u00bb css_animation=\u00bb\u00bb][vc_column_inner][vc_column_text]<\/p>\n<p style=\"text-align: center;\">Te proponemos algunas rutas para disfrutar de nuestro entorno.<\/p>\n<p>[\/vc_column_text][vc_separator type=\u00bbtransparent\u00bb up=\u00bb60&#8243; down=\u00bb0&#8243;][\/vc_column_inner][\/vc_row_inner][\/vc_column][\/vc_row][vc_row css_animation=\u00bb\u00bb row_type=\u00bbrow\u00bb use_row_as_full_screen_section=\u00bbno\u00bb type=\u00bbgrid\u00bb angled_section=\u00bbno\u00bb text_align=\u00bbleft\u00bb background_image_as_pattern=\u00bbwithout_pattern\u00bb z_index=\u00bb\u00bb css=\u00bb.vc_custom_1566377824270{margin-top: 80px !important;}\u00bb][vc_column width=\u00bb1\/3&#8243;][vc_single_image image=\u00bb17918&#8243; img_size=\u00bbfull\u00bb qode_css_animation=\u00bb\u00bb][vc_separator type=\u00bbtransparent\u00bb up=\u00bb22&#8243; down=\u00bb0&#8243;][vc_column_text]<\/p>\n<h5>CENTRO CULTURAL ELS FORNS<\/h5>\n<p>[\/vc_column_text][vc_separator type=\u00bbtransparent\u00bb up=\u00bb22&#8243; down=\u00bb0&#8243;][vc_column_text]Antiguo obrador de barro del siglo XIX. Cuenta, en su interior, con dos hornos morunos, que eran los que se usaban en el m\u00e9todo tradicional de cocci\u00f3n del barro. Acoge una exposici\u00f3n&#8230;[\/vc_column_text][vc_separator type=\u00bbtransparent\u00bb up=\u00bb13&#8243; down=\u00bb0&#8243;][vc_column_text]<\/p>\n<h6><a href=\"https:\/\/turismebreda.cat\/es\/centro-cultural-els-forns\/\">LEER M\u00c1S<\/a><\/h6>\n<p>[\/vc_column_text][vc_separator type=\u00bbtransparent\u00bb up=\u00bb76&#8243; down=\u00bb0&#8243;][\/vc_column][vc_column width=\u00bb1\/3&#8243;][vc_single_image image=\u00bb17914&#8243; img_size=\u00bbfull\u00bb qode_css_animation=\u00bb\u00bb][vc_separator type=\u00bbtransparent\u00bb up=\u00bb22&#8243; down=\u00bb0&#8243;][vc_column_text]<\/p>\n<h5>MUSEO JOSEP ARAGAY<\/h5>\n<p>[\/vc_column_text][vc_separator type=\u00bbtransparent\u00bb up=\u00bb22&#8243; down=\u00bb0&#8243;][vc_column_text]En los bajos del edificio del Ayuntamiento se encuentra el Museo Josep Aragay, que est\u00e1 dedicado a la difusi\u00f3n de la obra de este artista novecentista. Aragay vivi\u00f3 entre 1889 y 1973 y fue un personaje&#8230;[\/vc_column_text][vc_separator type=\u00bbtransparent\u00bb up=\u00bb13&#8243; down=\u00bb0&#8243;][vc_column_text]<\/p>\n<h6><a href=\"https:\/\/turismebreda.cat\/es\/museo-josep-aragay\/\">LEER M\u00c1S<\/a><\/h6>\n<p>[\/vc_column_text][vc_separator type=\u00bbtransparent\u00bb up=\u00bb76&#8243; down=\u00bb0&#8243;][\/vc_column][vc_column width=\u00bb1\/3&#8243;][vc_single_image image=\u00bb16353&#8243; img_size=\u00bbfull\u00bb qode_css_animation=\u00bb\u00bb][vc_separator type=\u00bbtransparent\u00bb up=\u00bb22&#8243; down=\u00bb0&#8243;][vc_column_text]<\/p>\n<h5>MERCADO SEMANAL<\/h5>\n<p>[\/vc_column_text][vc_separator type=\u00bbtransparent\u00bb up=\u00bb22&#8243; down=\u00bb0&#8243;][vc_column_text]Los domingos por la ma\u00f1ana, alrededor de la iglesia y el Ayuntamiento, se concentra el mercado semanal, dando al centro del pueblo una animaci\u00f3n especial. Es un buen motivo para venir a pasear y aprovechar&#8230;[\/vc_column_text][vc_separator type=\u00bbtransparent\u00bb up=\u00bb13&#8243; down=\u00bb0&#8243;][vc_column_text]<\/p>\n<h6><a href=\"https:\/\/turismebreda.cat\/es\/mercado-semanal\/\">LEER M\u00c1S<\/a><\/h6>\n<p>[\/vc_column_text][vc_separator type=\u00bbtransparent\u00bb up=\u00bb76&#8243; down=\u00bb0&#8243;][\/vc_column][\/vc_row][vc_row row_type=\u00bbparallax\u00bb parallax_content_width=\u00bbin_grid\u00bb text_align=\u00bbleft\u00bb full_screen_section_height=\u00bbno\u00bb anchor=\u00bbportfolio\u00bb background_image=\u00bb16372&#8243; section_height=\u00bb380&#8243;][vc_column][vc_separator type=\u00bbtransparent\u00bb up=\u00bb100&#8243; down=\u00bb0&#8243;][vc_column_text]<\/p>\n<h2 style=\"text-align: center;\"><span style=\"color: #13a538;\">ARTESAN\u00cdA<\/span><\/h2>\n<p>[\/vc_column_text][vc_separator type=\u00bbsmall\u00bb position=\u00bbcenter\u00bb down=\u00bb18&#8243; up=\u00bb17&#8243; color=\u00bb#ffffff\u00bb][vc_column_text]<\/p>\n<h4 style=\"text-align: center;\"><span style=\"color: #ffffff;\">En Breda se pueden encontrar varios comercios dedicados a la venta de cer\u00e1mica y objetos de barro cocido. Se puede encontrar tanto producto fabricado en el pueblo mismo como piezas de otras procedencias y de importaci\u00f3n.<\/span><\/h4>\n<h4 style=\"text-align: center;\"><span style=\"color: #ffffff;\">La mayor parte de las tiendas de cer\u00e1mica est\u00e1n situadas a lo largo de la carretera de Arb\u00facies, el eje viario que atraviesa el municipio. Abren tambi\u00e9n el domingo por la ma\u00f1ana.<\/span><\/h4>\n<p>[\/vc_column_text][\/vc_column][\/vc_row][vc_row css_animation=\u00bb\u00bb row_type=\u00bbrow\u00bb use_row_as_full_screen_section=\u00bbno\u00bb type=\u00bbgrid\u00bb angled_section=\u00bbno\u00bb text_align=\u00bbleft\u00bb background_image_as_pattern=\u00bbwithout_pattern\u00bb background_color=\u00bb#ffffff\u00bb z_index=\u00bb\u00bb padding_top=\u00bb60&#8243; padding_bottom=\u00bb60&#8243;][vc_column][vc_row_inner row_type=\u00bbrow\u00bb type=\u00bbfull_width\u00bb text_align=\u00bbleft\u00bb css_animation=\u00bb\u00bb][vc_column_inner width=\u00bb1\/5&#8243;][\/vc_column_inner][vc_column_inner width=\u00bb1\/5&#8243;]<div class='q_icon_with_title large circle center '><div class=\"icon_holder \" style=\" \"><a itemprop=\"url\" href=\"https:\/\/turismebreda.cat\/es\/donde-comer\/\" target=\"\" class=\"q_icon_link\"><span data-icon-type=\"circle\" data-icon-hover-color=\"#ffffff\"  class=\"qode_iwt_icon_holder fa-stack fa-4x  \" style=\"border-color: #000000;\"><i class=\"qode_icon_font_awesome fa fa-cutlery qode_iwt_icon_element\" style=\"color: #000000;\" ><\/i><\/span><\/a><\/div><div class=\"icon_text_holder\" style=\"\"><div class=\"icon_text_inner\" style=\"\"><h5 class=\"icon_title\" style=\"\">\u00bfD\u00d3NDE COMER?<\/h5><p style=''><\/p><a itemprop='url' class='icon_with_title_link' href='https:\/\/turismebreda.cat\/es\/donde-comer\/' target='_self' style='color: #ffffff;'>.<\/a><\/div><\/div><\/div>[\/vc_column_inner][vc_column_inner width=\u00bb1\/5&#8243;]<div class='q_icon_with_title large circle center '><div class=\"icon_holder \" style=\" \"><a itemprop=\"url\" href=\"https:\/\/turismebreda.cat\/es\/donde-dormir\/\" target=\"\" class=\"q_icon_link\"><span data-icon-type=\"circle\" data-icon-hover-color=\"#ffffff\"  class=\"qode_iwt_icon_holder fa-stack fa-4x  \" style=\"border-color: #000000;\"><i class=\"qode_icon_font_awesome fa fa-bed qode_iwt_icon_element\" style=\"color: #000000;\" ><\/i><\/span><\/a><\/div><div class=\"icon_text_holder\" style=\"\"><div class=\"icon_text_inner\" style=\"\"><h5 class=\"icon_title\" style=\"\">\u00bfD\u00d3NDE DORMIR?<\/h5><p style=''><\/p><a itemprop='url' class='icon_with_title_link' href='https:\/\/turismebreda.cat\/es\/donde-dormir\/' target='_self' style='color: #ffffff;'>.<\/a><\/div><\/div><\/div>[\/vc_column_inner][vc_column_inner width=\u00bb1\/5&#8243;]<div class='q_icon_with_title large circle center '><div class=\"icon_holder \" style=\" \"><a itemprop=\"url\" href=\"https:\/\/turismebreda.cat\/es\/como-llegar\/\" target=\"\" class=\"q_icon_link\"><span data-icon-type=\"circle\" data-icon-hover-color=\"#ffffff\"  class=\"qode_iwt_icon_holder fa-stack fa-4x  \" style=\"border-color: #000000;\"><i class=\"qode_icon_font_awesome fa fa-map-marker qode_iwt_icon_element\" style=\"color: #000000;\" ><\/i><\/span><\/a><\/div><div class=\"icon_text_holder\" style=\"\"><div class=\"icon_text_inner\" style=\"\"><h5 class=\"icon_title\" style=\"\">\u00bfC\u00d3MO LLEGAR?<\/h5><p style=''><\/p><a itemprop='url' class='icon_with_title_link' href='https:\/\/turismebreda.cat\/es\/como-llegar\/' target='_self' style='color: #ffffff;'>.<\/a><\/div><\/div><\/div>[\/vc_column_inner][vc_column_inner width=\u00bb1\/5&#8243;][\/vc_column_inner][\/vc_row_inner][\/vc_column][\/vc_row]<\/p>\n","protected":false},"excerpt":{"rendered":"<p>[vc_row css_animation=\u00bb\u00bb row_type=\u00bbrow\u00bb use_row_as_full_screen_section=\u00bbno\u00bb type=\u00bbgrid\u00bb angled_section=\u00bbno\u00bb text_align=\u00bbleft\u00bb background_image_as_pattern=\u00bbwithout_pattern\u00bb padding_top=\u00bb70&#8243; padding_bottom=\u00bb0&#8243; anchor=\u00bbportfolio\u00bb background_color=\u00bb#ffffff\u00bb z_index=\u00bb\u00bb][vc_column][vc_column_text] PATRIMONIO, HISTORIA, ARTESAN\u00cdA, MONTSENY [\/vc_column_text][vc_separator type=\u00bbsmall\u00bb position=\u00bbcenter\u00bb down=\u00bb18&#8243; up=\u00bb17&#8243;][vc_column_text] El 4 de junio de 1038, Guerau de Cabrera y su mujer, Ermessenda, vizcondes de Girona y se\u00f1ores de Breda y de su&#8230;<\/p>\n","protected":false},"author":1,"featured_media":0,"parent":0,"menu_order":0,"comment_status":"open","ping_status":"closed","template":"full_width.php","meta":[],"_links":{"self":[{"href":"https:\/\/turismebreda.cat\/es\/wp-json\/wp\/v2\/pages\/16949"}],"collection":[{"href":"https:\/\/turismebreda.cat\/es\/wp-json\/wp\/v2\/pages"}],"about":[{"href":"https:\/\/turismebreda.cat\/es\/wp-json\/wp\/v2\/types\/page"}],"author":[{"embeddable":true,"href":"https:\/\/turismebreda.cat\/es\/wp-json\/wp\/v2\/users\/1"}],"replies":[{"embeddable":true,"href":"https:\/\/turismebreda.cat\/es\/wp-json\/wp\/v2\/comments?post=16949"}],"version-history":[{"count":11,"href":"https:\/\/turismebreda.cat\/es\/wp-json\/wp\/v2\/pages\/16949\/revisions"}],"predecessor-version":[{"id":17920,"href":"https:\/\/turismebreda.cat\/es\/wp-json\/wp\/v2\/pages\/16949\/revisions\/17920"}],"wp:attachment":[{"href":"https:\/\/turismebreda.cat\/es\/wp-json\/wp\/v2\/media?parent=16949"}],"curies":[{"name":"wp","href":"https:\/\/api.w.org\/{rel}","templated":true}]}}