{"id":17374,"date":"2019-09-24T22:22:23","date_gmt":"2019-09-24T20:22:23","guid":{"rendered":"http:\/\/turismebreda.cat\/castell-de-montsoriu\/"},"modified":"2019-09-24T22:22:23","modified_gmt":"2019-09-24T20:22:23","slug":"castell-de-montsoriu","status":"publish","type":"page","link":"https:\/\/turismebreda.cat\/en\/castell-de-montsoriu\/","title":{"rendered":"CASTELL DE MONTSORIU"},"content":{"rendered":"<p>[vc_row css_animation=&#8221;&#8221; row_type=&#8221;row&#8221; use_row_as_full_screen_section=&#8221;no&#8221; type=&#8221;grid&#8221; angled_section=&#8221;no&#8221; text_align=&#8221;left&#8221; background_image_as_pattern=&#8221;without_pattern&#8221; padding_top=&#8221;80&#8243; padding_bottom=&#8221;0&#8243; anchor=&#8221;portfolio&#8221; z_index=&#8221;&#8221;][vc_column][vc_row_inner row_type=&#8221;row&#8221; type=&#8221;full_width&#8221; text_align=&#8221;left&#8221; css_animation=&#8221;&#8221;][vc_column_inner width=&#8221;1\/2&#8243;][vc_column_text]<\/p>\n<h5 style=\"text-align: left;\">CASTELL DE MONTSORIU<br \/>\nsegle XI<\/h5>\n<p>[\/vc_column_text][vc_separator type=&#8221;small&#8221; position=&#8221;left&#8221; down=&#8221;18&#8243; up=&#8221;17&#8243;][vc_column_text]Si b\u00e9 no est\u00e0 situat dins el terme municipal de Breda, el Castell de Montsoriu forma part del seu patrimoni per la seva proximitat i per la seva vinculaci\u00f3 hist\u00f2rica. Si b\u00e9 les primeres refer\u00e8ncies escrites daten de l\u2019any 1002, Montsoriu ja havia estat un recinte ocupat pels ibers. M\u00e9s tard va esdevenir un centre de defensa i d\u2019estrat\u00e8gia durant m\u00e9s de cinc-cents anys i fou un punt de refer\u00e8ncia de la noblesa catalana i una fortalesa inexpugnable per la seva impecable construcci\u00f3 i pels sistemes de defensa. Al llarg de la hist\u00f2ria va patir nombroses ampliacions fins als segles XIV i XV, i la seva funci\u00f3 militar va evolucionar per esdevenir resid\u00e8ncia palau, moment en qu\u00e8 el castell va arribar a la seva m\u00e0xima esplendor amb una estructura que \u00e9s la que actualment pot contemplar el visitant. Va ser la resid\u00e8ncia de la fam\u00edlia vescomtal dels Cabrera, fundadors de Breda.<\/p>\n<p>&nbsp;<\/p>\n<p>Per concertar visites i informar-se dels horaris: <a href=\"http:\/\/www.montsoriu.cat\" target=\"_blank\" rel=\"noopener noreferrer\">www.montsoriu.cat<\/a>[\/vc_column_text][vc_separator type=&#8221;transparent&#8221; up=&#8221;79&#8243; down=&#8221;0&#8243;][\/vc_column_inner][vc_column_inner width=&#8221;1\/2&#8243;][vc_single_image image=&#8221;16344&#8243; img_size=&#8221;full&#8221; alignment=&#8221;center&#8221; qode_css_animation=&#8221;element_from_fade&#8221; transition_delay=&#8221;0.4&#8243;][vc_separator type=&#8221;transparent&#8221; up=&#8221;79&#8243; down=&#8221;0&#8243;][\/vc_column_inner][\/vc_row_inner][\/vc_column][\/vc_row]<\/p>\n","protected":false},"excerpt":{"rendered":"<p>[vc_row css_animation=&#8221;&#8221; row_type=&#8221;row&#8221; use_row_as_full_screen_section=&#8221;no&#8221; type=&#8221;grid&#8221; angled_section=&#8221;no&#8221; text_align=&#8221;left&#8221; background_image_as_pattern=&#8221;without_pattern&#8221; padding_top=&#8221;80&#8243; padding_bottom=&#8221;0&#8243; anchor=&#8221;portfolio&#8221; z_index=&#8221;&#8221;][vc_column][vc_row_inner row_type=&#8221;row&#8221; type=&#8221;full_width&#8221; text_align=&#8221;left&#8221; css_animation=&#8221;&#8221;][vc_column_inner width=&#8221;1\/2&#8243;][vc_column_text] CASTELL DE MONTSORIU segle XI [\/vc_column_text][vc_separator type=&#8221;small&#8221; position=&#8221;left&#8221; down=&#8221;18&#8243; up=&#8221;17&#8243;][vc_column_text]Si b\u00e9 no est\u00e0 situat dins el terme municipal de Breda, el Castell de Montsoriu forma part del seu&#8230;<\/p>\n","protected":false},"author":2,"featured_media":0,"parent":0,"menu_order":0,"comment_status":"open","ping_status":"closed","template":"full_width.php","meta":[],"_links":{"self":[{"href":"https:\/\/turismebreda.cat\/en\/wp-json\/wp\/v2\/pages\/17374"}],"collection":[{"href":"https:\/\/turismebreda.cat\/en\/wp-json\/wp\/v2\/pages"}],"about":[{"href":"https:\/\/turismebreda.cat\/en\/wp-json\/wp\/v2\/types\/page"}],"author":[{"embeddable":true,"href":"https:\/\/turismebreda.cat\/en\/wp-json\/wp\/v2\/users\/2"}],"replies":[{"embeddable":true,"href":"https:\/\/turismebreda.cat\/en\/wp-json\/wp\/v2\/comments?post=17374"}],"version-history":[{"count":0,"href":"https:\/\/turismebreda.cat\/en\/wp-json\/wp\/v2\/pages\/17374\/revisions"}],"wp:attachment":[{"href":"https:\/\/turismebreda.cat\/en\/wp-json\/wp\/v2\/media?parent=17374"}],"curies":[{"name":"wp","href":"https:\/\/api.w.org\/{rel}","templated":true}]}}